{"id":9566,"date":"2026-03-25T08:27:54","date_gmt":"2026-03-25T08:27:54","guid":{"rendered":"https:\/\/amberdo.ca\/%e5%b8%83%e6%8b%89%e5%be%b7%e5%88%86%e5%ba%97-bulade-fendian\/"},"modified":"2026-03-26T08:11:01","modified_gmt":"2026-03-26T08:11:01","slug":"%e5%b8%83%e6%8b%89%e5%be%b7%e5%88%86%e5%ba%97-bulade-fendian","status":"publish","type":"page","link":"https:\/\/amberdo.ca\/zh-hans\/%e5%b8%83%e6%8b%89%e5%be%b7%e5%88%86%e5%ba%97-bulade-fendian\/","title":{"rendered":"\u5e03\u62c9\u5fb7\u5206\u5e97 (B\u00f9l\u0101d\u00e9 f\u0113ndi\u00e0n)"},"content":{"rendered":"<div class=\"wpb-content-wrapper\"><p>[vc_row][vc_column][vc_column_text css=&#8221;&#8221;]Caf\u00e8 Amberdo \u518d\u6b21\u6269\u5c55\u2014\u2014\u8fd9\u4e00\u6b21\u6765\u5230\u6e29\u54e5\u534e\u6700\u7e41\u5fd9\u3001\u6700\u5177\u6d3b\u529b\u7684\u8d70\u5eca\u4e4b\u4e00\uff1aBurrard Street\u3002<\/p>\n<p>\u6211\u4eec\u672a\u6765\u7684\u5e03\u62c9\u5fb7\u5206\u5e97\u6b63\u5728\u7b79\u5907\u4e2d\uff0c\u6211\u4eec\u975e\u5e38\u5174\u594b\u80fd\u5c06 Amberdo \u7684\u5496\u5561\u4f53\u9a8c\u5e26\u5230\u8fd9\u5ea7\u57ce\u5e02\u8fd9\u4e2a\u5145\u6ee1\u6d3b\u529b\u4e14\u4f4d\u4e8e\u5e02\u4e2d\u5fc3\u7684\u533a\u57df\u3002\u51ed\u501f\u5176\u4f18\u8d8a\u7684\u4f4d\u7f6e\u3001\u9ad8\u4eba\u6d41\u91cf\u548c\u6781\u4f73\u7684\u53ef\u8fbe\u6027\uff0cBurrard \u662f\u6211\u4eec\u65b0\u5206\u5e97\u7684\u5b8c\u7f8e\u9009\u5740\u3002 <\/p>\n<p>\u8fd9\u4e2a\u5206\u5e97\u5c06\u878d\u5408 Amberdo \u6807\u5fd7\u6027\u7684\u73b0\u4ee3\u7f8e\u5b66\u4e0e Burrard \u7684\u80fd\u91cf\u548c\u7279\u8272\uff0c\u6253\u9020\u4e00\u4e2a\u65b0\u9c9c\u3001\u73b0\u4ee3\u4e14\u6df1\u6df1\u690d\u6839\u4e8e\u6e29\u54e5\u534e\u57ce\u5e02\u808c\u7406\u7684\u7a7a\u95f4\u3002<\/p>\n<p>\u5730\u5740\uff1a1306 Burrard St., Vancouver, BC V6Z 2B8[\/vc_column_text][vc_empty_space][vc_gmaps link=&#8221;#E-8_JTNDaWZyYW1lJTIwc3JjJTNEJTIyaHR0cHMlM0ElMkYlMkZ3d3cuZ29vZ2xlLmNvbSUyRm1hcHMlMkZlbWJlZCUzRnBiJTNEJTIxMW0xOCUyMTFtMTIlMjExbTMlMjExZDI2MDIuOTI5ODIyNTE1MTU2NSUyMTJkLTEyMy4xMjgzMDk4NzY4ODQ4MyUyMTNkNDkuMjc3NzI2OTcxMTA0NTM1JTIxMm0zJTIxMWYwJTIxMmYwJTIxM2YwJTIxM20yJTIxMWkxMDI0JTIxMmk3NjglMjE0ZjEzLjElMjEzbTMlMjExbTIlMjExczB4NTQ4NjczZDM3MjM4NGUyNSUyNTNBMHhjZDBkMDUzODU3NmY3MzI4JTIxMnpNVE13TmlCQ2RYSnlZWEprSUZOMExDQldZVzVqYjNWMlpYSXNJRUpESUZZMldpQXlRampZakNEYXFkaW4yWWJZcDlpdjJLYyUyMTVlMCUyMTNtMiUyMTFzZmElMjEycyUyMTR2MTc3NDQyMzU3Mzk3MyUyMTVtMiUyMTFzZmElMjEycyUyMiUyMHdpZHRoJTNEJTIyNjAwJTIyJTIwaGVpZ2h0JTNEJTIyNDUwJTIyJTIwc3R5bGUlM0QlMjJib3JkZXIlM0EwJTNCJTIyJTIwYWxsb3dmdWxsc2NyZWVuJTNEJTIyJTIyJTIwbG9hZGluZyUzRCUyMmxhenklMjIlMjByZWZlcnJlcnBvbGljeSUzRCUyMm5vLXJlZmVycmVyLXdoZW4tZG93bmdyYWRlJTIyJTNFJTNDJTJGaWZyYW1lJTNF&#8221; css=&#8221;&#8221;][vc_empty_space][vc_raw_html css=&#8221;&#8221;]PGgyPjxzdHJvbmc+5Li656S+5Yy66YeP6Lqr6K6+6K6h55qE56m66Ze0PC9zdHJvbmc+PC9oMj4=[\/vc_raw_html][vc_column_text css=&#8221;&#8221;]\u5e03\u62c9\u5fb7\u5206\u5e97\u7ecf\u8fc7\u7cbe\u5fc3\u8bbe\u8ba1\uff0c\u65e2\u5c0a\u91cd Amberdo \u7684\u54c1\u724c\u8eab\u4efd\uff0c\u53c8\u5b8c\u7f8e\u5951\u5408\u8be5\u533a\u57df\u73b0\u4ee3\u3001\u4e13\u4e1a\u4e14\u5145\u6ee1\u6d3b\u529b\u7684\u7cbe\u795e\u3002\u671f\u5f85\u4e00\u4e2a\u6e29\u6696\u800c\u73b0\u4ee3\u7684\u7a7a\u95f4\uff0c\u914d\u5907\u8212\u9002\u7684\u5ea7\u6905\u3001\u81ea\u7136\u8d28\u611f\u7684\u6750\u6599\uff0c\u4ee5\u53ca\u65e2\u9002\u5408\u5feb\u901f\u6668\u95f4\u5496\u5561\u4e5f\u9002\u5408\u60a0\u95f2\u4e45\u5750\u7684\u5e03\u5c40\u3002 <\/p>\n<p>\u65e0\u8bba\u60a8\u662f\u8d76\u53bb\u4e0a\u73ed\u3001\u63a2\u7d22\u5e02\u4e2d\u5fc3\uff0c\u8fd8\u662f\u4e0e\u670b\u53cb\u89c1\u9762\uff0c\u8fd9\u5bb6\u5206\u5e97\u90fd\u5c06\u6210\u4e3a\u60a8\u6700\u559c\u6b22\u9a7b\u8db3\u5145\u7535\u7684\u5730\u65b9\u3002[\/vc_column_text][vc_empty_space][vc_raw_html css=&#8221;&#8221;]PGgyPjxzdHJvbmc+5a6k5YaF6K6+6K6h5qaC5b+16aKE6KeIPC9zdHJvbmc+PC9oMj4=[\/vc_raw_html][vc_column_text css=&#8221;&#8221;]Amberdo Burrard \u5206\u5e97\u8bbe\u8ba1\u65b9\u5411\u7684\u9996\u6b21\u4eae\u76f8\u3002\u76ee\u6807\u662f\uff1a\u73b0\u4ee3\u8212\u9002\uff0c\u642d\u914d\u7cbe\u81f4\u7684\u7ec6\u8282\uff0c\u53cd\u6620\u793e\u533a\u7684\u7279\u8272\u3002[\/vc_column_text][vc_empty_space][\/vc_column][\/vc_row][vc_row][vc_column width=&#8221;1\/4&#8243;][vc_single_image image=&#8221;9449&#8243; img_size=&#8221;full&#8221; alignment=&#8221;center&#8221; onclick=&#8221;img_link_large&#8221; css=&#8221;&#8221; el_class=&#8221;vc-hover-img&#8221;][\/vc_column][vc_column width=&#8221;1\/4&#8243;][vc_single_image image=&#8221;9455&#8243; img_size=&#8221;full&#8221; alignment=&#8221;center&#8221; onclick=&#8221;img_link_large&#8221; css=&#8221;&#8221; el_class=&#8221;vc-hover-img&#8221;][\/vc_column][vc_column width=&#8221;1\/4&#8243;][vc_single_image image=&#8221;9461&#8243; img_size=&#8221;full&#8221; alignment=&#8221;center&#8221; onclick=&#8221;img_link_large&#8221; css=&#8221;&#8221; el_class=&#8221;vc-hover-img&#8221;][\/vc_column][vc_column width=&#8221;1\/4&#8243;][vc_single_image image=&#8221;9467&#8243; img_size=&#8221;full&#8221; alignment=&#8221;center&#8221; onclick=&#8221;img_link_large&#8221; css=&#8221;&#8221; el_class=&#8221;vc-hover-img&#8221;][\/vc_column][\/vc_row][vc_row][vc_column width=&#8221;1\/4&#8243;][vc_single_image image=&#8221;9473&#8243; img_size=&#8221;full&#8221; alignment=&#8221;center&#8221; onclick=&#8221;img_link_large&#8221; css=&#8221;&#8221; el_class=&#8221;vc-hover-img&#8221;][\/vc_column][vc_column width=&#8221;1\/4&#8243;][vc_single_image image=&#8221;9479&#8243; img_size=&#8221;full&#8221; alignment=&#8221;center&#8221; onclick=&#8221;img_link_large&#8221; css=&#8221;&#8221; el_class=&#8221;vc-hover-img&#8221;][\/vc_column][vc_column width=&#8221;1\/4&#8243;][vc_single_image image=&#8221;9485&#8243; img_size=&#8221;full&#8221; alignment=&#8221;center&#8221; onclick=&#8221;img_link_large&#8221; css=&#8221;&#8221; el_class=&#8221;vc-hover-img&#8221;][\/vc_column][vc_column width=&#8221;1\/4&#8243;][vc_single_image image=&#8221;9491&#8243; img_size=&#8221;full&#8221; alignment=&#8221;center&#8221; onclick=&#8221;img_link_large&#8221; css=&#8221;&#8221; el_class=&#8221;vc-hover-img&#8221;][\/vc_column][\/vc_row][vc_row][vc_column][vc_empty_space][vc_raw_html css=&#8221;&#8221;]PGgyPjxzdHJvbmc+5pm66IO95biD5bGA77yM5bim5p2l5pu05aW95L2T6aqMPC9zdHJvbmc+PC9oMj4=[\/vc_raw_html][vc_column_text css=&#8221;&#8221;]\u5e03\u62c9\u5fb7\u5206\u5e97\u5728\u5efa\u9020\u65f6\u975e\u5e38\u6ce8\u91cd\u987e\u5ba2\u6d41\u52a8\u548c\u8212\u9002\u5ea6\u3002\u4ece\u70b9\u5355\u67dc\u53f0\u5230\u5ea7\u4f4d\u533a\uff0c\u4e00\u5207\u8bbe\u8ba1\u90fd\u786e\u4fdd\u5373\u4f7f\u5728\u9ad8\u5cf0\u65f6\u6bb5\uff0c\u60a8\u7684\u5230\u8bbf\u4f9d\u7136\u987a\u7545\u3001\u8f7b\u677e\u4e14\u6109\u5feb\u3002[\/vc_column_text][\/vc_column][\/vc_row][vc_row][vc_column width=&#8221;1\/4&#8243;][vc_single_image image=&#8221;9497&#8243; img_size=&#8221;full&#8221; alignment=&#8221;center&#8221; onclick=&#8221;img_link_large&#8221; css=&#8221;&#8221;][\/vc_column][vc_column width=&#8221;1\/4&#8243;][vc_single_image image=&#8221;9503&#8243; img_size=&#8221;full&#8221; alignment=&#8221;center&#8221; onclick=&#8221;img_link_large&#8221; css=&#8221;&#8221;][\/vc_column][vc_column width=&#8221;1\/4&#8243;][vc_single_image image=&#8221;9509&#8243; img_size=&#8221;full&#8221; alignment=&#8221;center&#8221; onclick=&#8221;img_link_large&#8221; css=&#8221;&#8221;][\/vc_column][vc_column width=&#8221;1\/4&#8243;][vc_single_image image=&#8221;9515&#8243; img_size=&#8221;full&#8221; alignment=&#8221;center&#8221; onclick=&#8221;img_link_large&#8221; css=&#8221;&#8221;][\/vc_column][\/vc_row][vc_row][vc_column][vc_empty_space][vc_raw_html css=&#8221;&#8221;]PGgyPjxzdHJvbmc+5Yqg5YWlIEFtYmVyZG8g5aSn5a625bqtPC9zdHJvbmc+PC9oMj4=[\/vc_raw_html][vc_column_text css=&#8221;&#8221;]\u52a0\u5165\u4e0d\u65ad\u58ee\u5927\u7684 Amberdo \u5927\u5bb6\u5ead\u5427\uff01\u6211\u4eec\u5f88\u9ad8\u5174\u80fd\u5c06\u6807\u5fd7\u6027\u5496\u5561\u3001\u6e29\u6696\u7684\u8bbe\u8ba1\u548c\u771f\u631a\u7684\u793e\u533a\u611f\u5e26\u5230\u73b0\u4ee3\u800c\u5145\u6ee1\u6d3b\u529b\u7684 Burrard \u6838\u5fc3\u3002 <\/p>\n<p>\u6765\u548c\u6211\u4eec\u4e00\u8d77\u559d\u7b2c\u4e00\u676f\u5496\u5561\uff0c\u5e26\u4e0a\u60a8\u7684\u670b\u53cb\uff0c\u4ece\u7b2c\u4e00\u5929\u8d77\u5c31\u5e2e\u52a9\u6211\u4eec\u628a\u8fd9\u4e2a\u7a7a\u95f4\u771f\u6b63\u53d8\u6210\u5c5e\u4e8e\u60a8\u7684\u7a7a\u95f4\u3002<\/p>\n<p>\u6211\u4eec\u8feb\u4e0d\u53ca\u5f85\u5730\u6b22\u8fce\u60a8\u6765\u5230 Amberdo Burrard\uff01[\/vc_column_text][vc_empty_space][\/vc_column][\/vc_row]<\/p>\n<\/div>","protected":false},"excerpt":{"rendered":"<p>[vc_row][vc_column][vc_column_text css=&#8221;&#8221;]Caf\u00e8 Amberdo \u518d\u6b21\u6269\u5c55\u2014 [&hellip;]<\/p>\n","protected":false},"author":2,"featured_media":0,"parent":0,"menu_order":0,"comment_status":"closed","ping_status":"closed","template":"","meta":{"_seopress_robots_primary_cat":"","_seopress_titles_title":"Amberdo Burrard \u5206\u5e97 | \u6e29\u54e5\u534e\u5e02\u4e2d\u5fc3\u7cbe\u54c1\u5496\u5561","_seopress_titles_desc":"Amberdo \u5373\u5c06\u5165\u9a7b\u6e29\u54e5\u534e\u6700\u7e41\u534e\u7684 Burrard Street\uff01\u73b0\u4ee3\u8212\u9002\u7684\u7a7a\u95f4\u3001\u4f18\u8d28\u5496\u5561\u4e0e\u6e29\u6696\u8bbe\u8ba1\uff0c\u65e0\u8bba\u662f\u5feb\u901f\u6668\u5496\u5561\u8fd8\u662f\u60a0\u95f2\u5c0f\u61a9\uff0c\u8fd9\u91cc\u90fd\u662f\u60a8\u7684\u7406\u60f3\u9009\u62e9\u3002\u5730\u5740\uff1a1306 Burrard St. \u6b22\u8fce\u5149\u4e34\uff01<br> ","_seopress_robots_index":"","footnotes":""},"class_list":["post-9566","page","type-page","status-publish","hentry"],"_links":{"self":[{"href":"https:\/\/amberdo.ca\/zh-hans\/wp-json\/wp\/v2\/pages\/9566","targetHints":{"allow":["GET"]}}],"collection":[{"href":"https:\/\/amberdo.ca\/zh-hans\/wp-json\/wp\/v2\/pages"}],"about":[{"href":"https:\/\/amberdo.ca\/zh-hans\/wp-json\/wp\/v2\/types\/page"}],"author":[{"embeddable":true,"href":"https:\/\/amberdo.ca\/zh-hans\/wp-json\/wp\/v2\/users\/2"}],"replies":[{"embeddable":true,"href":"https:\/\/amberdo.ca\/zh-hans\/wp-json\/wp\/v2\/comments?post=9566"}],"version-history":[{"count":2,"href":"https:\/\/amberdo.ca\/zh-hans\/wp-json\/wp\/v2\/pages\/9566\/revisions"}],"predecessor-version":[{"id":9568,"href":"https:\/\/amberdo.ca\/zh-hans\/wp-json\/wp\/v2\/pages\/9566\/revisions\/9568"}],"wp:attachment":[{"href":"https:\/\/amberdo.ca\/zh-hans\/wp-json\/wp\/v2\/media?parent=9566"}],"curies":[{"name":"wp","href":"https:\/\/api.w.org\/{rel}","templated":true}]}}