{"id":9569,"date":"2026-03-25T08:27:54","date_gmt":"2026-03-25T08:27:54","guid":{"rendered":"https:\/\/amberdo.ca\/succursale-burrard\/"},"modified":"2026-03-26T08:14:06","modified_gmt":"2026-03-26T08:14:06","slug":"succursale-burrard","status":"publish","type":"page","link":"https:\/\/amberdo.ca\/fr\/succursale-burrard\/","title":{"rendered":"Succursale Burrard"},"content":{"rendered":"<div class=\"wpb-content-wrapper\"><p>[vc_row][vc_column][vc_column_text css=\u00a0\u00bb\u00a0\u00bb]Caf\u00e8 Amberdo s\u2019agrandit une fois de plus \u2014 cette fois dans l\u2019un des corridors les plus anim\u00e9s et dynamiques de Vancouver : la rue Burrard.<\/p>\n<p>Notre future succursale Burrard est actuellement en pr\u00e9paration, et nous sommes extr\u00eamement enthousiastes \u00e0 l\u2019id\u00e9e d\u2019apporter l\u2019exp\u00e9rience caf\u00e9 Amberdo dans cette partie vivante et centrale de la ville. Avec son emplacement privil\u00e9gi\u00e9, son fort passage pi\u00e9tonnier et son excellente accessibilit\u00e9, Burrard est l\u2019endroit id\u00e9al pour notre nouvelle succursale. <\/p>\n<p>Cet emplacement fusionnera l\u2019esth\u00e9tique moderne signature d\u2019Amberdo avec l\u2019\u00e9nergie et le caract\u00e8re de Burrard, cr\u00e9ant un espace frais, contemporain et profond\u00e9ment ancr\u00e9 dans le tissu urbain de Vancouver.<\/p>\n<p>\ud83d\udccd Adresse : 1306 Burrard St., Vancouver, BC V6Z 2B8[\/vc_column_text][vc_empty_space][vc_gmaps link=\u00a0\u00bb#E-8_JTNDaWZyYW1lJTIwc3JjJTNEJTIyaHR0cHMlM0ElMkYlMkZ3d3cuZ29vZ2xlLmNvbSUyRm1hcHMlMkZlbWJlZCUzRnBiJTNEJTIxMW0xOCUyMTFtMTIlMjExbTMlMjExZDI2MDIuOTI5ODIyNTE1MTU2NSUyMTJkLTEyMy4xMjgzMDk4NzY4ODQ4MyUyMTNkNDkuMjc3NzI2OTcxMTA0NTM1JTIxMm0zJTIxMWYwJTIxMmYwJTIxM2YwJTIxM20yJTIxMWkxMDI0JTIxMmk3NjglMjE0ZjEzLjElMjEzbTMlMjExbTIlMjExczB4NTQ4NjczZDM3MjM4NGUyNSUyNTNBMHhjZDBkMDUzODU3NmY3MzI4JTIxMnpNVE13TmlCQ2RYSnlZWEprSUZOMExDQldZVzVqYjNWMlpYSXNJRUpESUZZMldpQXlRampZakNEYXFkaW4yWWJZcDlpdjJLYyUyMTVlMCUyMTNtMiUyMTFzZmElMjEycyUyMTR2MTc3NDQyMzU3Mzk3MyUyMTVtMiUyMTFzZmElMjEycyUyMiUyMHdpZHRoJTNEJTIyNjAwJTIyJTIwaGVpZ2h0JTNEJTIyNDUwJTIyJTIwc3R5bGUlM0QlMjJib3JkZXIlM0EwJTNCJTIyJTIwYWxsb3dmdWxsc2NyZWVuJTNEJTIyJTIyJTIwbG9hZGluZyUzRCUyMmxhenklMjIlMjByZWZlcnJlcnBvbGljeSUzRCUyMm5vLXJlZmVycmVyLXdoZW4tZG93bmdyYWRlJTIyJTNFJTNDJTJGaWZyYW1lJTNF\u00a0\u00bb css=\u00a0\u00bb\u00a0\u00bb][vc_empty_space][vc_raw_html css=\u00a0\u00bb\u00a0\u00bb]PGgyPjxzdHJvbmc+VW4gZXNwYWNlIGNvbsOndSBwb3VyIGxlIHF1YXJ0aWVyPC9zdHJvbmc+PC9oMj4=[\/vc_raw_html][vc_column_text css=\u00a0\u00bb\u00a0\u00bb]La succursale Burrard a \u00e9t\u00e9 pens\u00e9e avec soin pour honorer l\u2019identit\u00e9 d\u2019Amberdo tout en s\u2019accordant parfaitement \u00e0 l\u2019esprit moderne, professionnel et \u00e9nergique du secteur. Attendez-vous \u00e0 un espace chaleureux et contemporain avec des si\u00e8ges confortables, des textures naturelles et une disposition qui convient aussi bien \u00e0 un caf\u00e9 rapide le matin qu\u2019\u00e0 une pause plus longue et d\u00e9tendue. <\/p>\n<p>Que vous alliez au travail, exploriez le centre-ville ou retrouviez des amis, cette succursale deviendra votre endroit pr\u00e9f\u00e9r\u00e9 pour faire une pause et recharger vos batteries.[\/vc_column_text][vc_empty_space][vc_raw_html css=\u00a0\u00bb\u00a0\u00bb]PGgyPjxzdHJvbmc+QXBlcsOndSBkdSBjb25jZXB0IGludMOpcmlldXI8L3N0cm9uZz48L2gyPg==[\/vc_raw_html][vc_column_text css=\u00a0\u00bb\u00a0\u00bb]Un premier regard sur la direction du design pour Amberdo Burrard. L\u2019objectif : un confort moderne avec des d\u00e9tails raffin\u00e9s qui refl\u00e8tent le caract\u00e8re du quartier.[\/vc_column_text][vc_empty_space][\/vc_column][\/vc_row][vc_row][vc_column width=\u00a0\u00bb1\/4&Prime;][vc_single_image image=\u00a0\u00bb9449&Prime; img_size=\u00a0\u00bbfull\u00a0\u00bb alignment=\u00a0\u00bbcenter\u00a0\u00bb onclick=\u00a0\u00bbimg_link_large\u00a0\u00bb css=\u00a0\u00bb\u00a0\u00bb el_class=\u00a0\u00bbvc-hover-img\u00a0\u00bb][\/vc_column][vc_column width=\u00a0\u00bb1\/4&Prime;][vc_single_image image=\u00a0\u00bb9455&Prime; img_size=\u00a0\u00bbfull\u00a0\u00bb alignment=\u00a0\u00bbcenter\u00a0\u00bb onclick=\u00a0\u00bbimg_link_large\u00a0\u00bb css=\u00a0\u00bb\u00a0\u00bb el_class=\u00a0\u00bbvc-hover-img\u00a0\u00bb][\/vc_column][vc_column width=\u00a0\u00bb1\/4&Prime;][vc_single_image image=\u00a0\u00bb9461&Prime; img_size=\u00a0\u00bbfull\u00a0\u00bb alignment=\u00a0\u00bbcenter\u00a0\u00bb onclick=\u00a0\u00bbimg_link_large\u00a0\u00bb css=\u00a0\u00bb\u00a0\u00bb el_class=\u00a0\u00bbvc-hover-img\u00a0\u00bb][\/vc_column][vc_column width=\u00a0\u00bb1\/4&Prime;][vc_single_image image=\u00a0\u00bb9467&Prime; img_size=\u00a0\u00bbfull\u00a0\u00bb alignment=\u00a0\u00bbcenter\u00a0\u00bb onclick=\u00a0\u00bbimg_link_large\u00a0\u00bb css=\u00a0\u00bb\u00a0\u00bb el_class=\u00a0\u00bbvc-hover-img\u00a0\u00bb][\/vc_column][\/vc_row][vc_row][vc_column width=\u00a0\u00bb1\/4&Prime;][vc_single_image image=\u00a0\u00bb9473&Prime; img_size=\u00a0\u00bbfull\u00a0\u00bb alignment=\u00a0\u00bbcenter\u00a0\u00bb onclick=\u00a0\u00bbimg_link_large\u00a0\u00bb css=\u00a0\u00bb\u00a0\u00bb el_class=\u00a0\u00bbvc-hover-img\u00a0\u00bb][\/vc_column][vc_column width=\u00a0\u00bb1\/4&Prime;][vc_single_image image=\u00a0\u00bb9479&Prime; img_size=\u00a0\u00bbfull\u00a0\u00bb alignment=\u00a0\u00bbcenter\u00a0\u00bb onclick=\u00a0\u00bbimg_link_large\u00a0\u00bb css=\u00a0\u00bb\u00a0\u00bb el_class=\u00a0\u00bbvc-hover-img\u00a0\u00bb][\/vc_column][vc_column width=\u00a0\u00bb1\/4&Prime;][vc_single_image image=\u00a0\u00bb9485&Prime; img_size=\u00a0\u00bbfull\u00a0\u00bb alignment=\u00a0\u00bbcenter\u00a0\u00bb onclick=\u00a0\u00bbimg_link_large\u00a0\u00bb css=\u00a0\u00bb\u00a0\u00bb el_class=\u00a0\u00bbvc-hover-img\u00a0\u00bb][\/vc_column][vc_column width=\u00a0\u00bb1\/4&Prime;][vc_single_image image=\u00a0\u00bb9491&Prime; img_size=\u00a0\u00bbfull\u00a0\u00bb alignment=\u00a0\u00bbcenter\u00a0\u00bb onclick=\u00a0\u00bbimg_link_large\u00a0\u00bb css=\u00a0\u00bb\u00a0\u00bb el_class=\u00a0\u00bbvc-hover-img\u00a0\u00bb][\/vc_column][\/vc_row][vc_row][vc_column][vc_empty_space][vc_raw_html css=\u00a0\u00bb\u00a0\u00bb]PGgyPjxzdHJvbmc+VW5lIGRpc3Bvc2l0aW9uIGludGVsbGlnZW50ZSBwb3VyIHVuZSBtZWlsbGV1cmUgZXhww6lyaWVuY2U8L3N0cm9uZz48L2gyPg==[\/vc_raw_html][vc_column_text css=\u00a0\u00bb\u00a0\u00bb]La succursale Burrard est con\u00e7ue avec une attention particuli\u00e8re au flux des clients et \u00e0 leur confort. Du comptoir de commande aux zones de si\u00e8ges, tout est pens\u00e9 pour que votre visite reste fluide, facile et agr\u00e9able, m\u00eame pendant les heures de pointe.[\/vc_column_text][\/vc_column][\/vc_row][vc_row][vc_column width=\u00a0\u00bb1\/4&Prime;][vc_single_image image=\u00a0\u00bb9497&Prime; img_size=\u00a0\u00bbfull\u00a0\u00bb alignment=\u00a0\u00bbcenter\u00a0\u00bb onclick=\u00a0\u00bbimg_link_large\u00a0\u00bb css=\u00a0\u00bb\u00a0\u00bb][\/vc_column][vc_column width=\u00a0\u00bb1\/4&Prime;][vc_single_image image=\u00a0\u00bb9503&Prime; img_size=\u00a0\u00bbfull\u00a0\u00bb alignment=\u00a0\u00bbcenter\u00a0\u00bb onclick=\u00a0\u00bbimg_link_large\u00a0\u00bb css=\u00a0\u00bb\u00a0\u00bb][\/vc_column][vc_column width=\u00a0\u00bb1\/4&Prime;][vc_single_image image=\u00a0\u00bb9509&Prime; img_size=\u00a0\u00bbfull\u00a0\u00bb alignment=\u00a0\u00bbcenter\u00a0\u00bb onclick=\u00a0\u00bbimg_link_large\u00a0\u00bb css=\u00a0\u00bb\u00a0\u00bb][\/vc_column][vc_column width=\u00a0\u00bb1\/4&Prime;][vc_single_image image=\u00a0\u00bb9515&Prime; img_size=\u00a0\u00bbfull\u00a0\u00bb alignment=\u00a0\u00bbcenter\u00a0\u00bb onclick=\u00a0\u00bbimg_link_large\u00a0\u00bb css=\u00a0\u00bb\u00a0\u00bb][\/vc_column][\/vc_row][vc_row][vc_column][vc_empty_space][vc_raw_html css=\u00a0\u00bb\u00a0\u00bb]PGgyPjxzdHJvbmc+UmVqb2lnbmV6IGxhIGZhbWlsbGUgQW1iZXJkbzwvc3Ryb25nPjwvaDI+[\/vc_raw_html][vc_column_text css=\u00a0\u00bb\u00a0\u00bb]Rejoignez la famille Amberdo en pleine croissance ! Nous sommes ravis d\u2019apporter notre caf\u00e9 signature, notre design chaleureux et notre v\u00e9ritable sens de la communaut\u00e9 au c\u0153ur du Burrard moderne et dynamique. <\/p>\n<p>Venez prendre votre premi\u00e8re tasse avec nous, amenez vos amis et aidez-nous \u00e0 faire de cet espace le v\u00f4tre d\u00e8s le premier jour.<\/p>\n<p>Nous avons h\u00e2te de vous accueillir chez Amberdo Burrard ![\/vc_column_text][vc_empty_space][\/vc_column][\/vc_row]<\/p>\n<\/div>","protected":false},"excerpt":{"rendered":"<p>[vc_row][vc_column][vc_column_text css=\u00a0\u00bb\u00a0\u00bb]Caf\u00e8 Amberdo s\u2019agrandit une fois de plus \u2014 cette fois dans l\u2019un des corridors les plus anim\u00e9s et dynamiques de Vancouver : la rue Burrard. Notre future succursale Burrard est actuellement en pr\u00e9paration, et nous sommes extr\u00eamement enthousiastes \u00e0 l\u2019id\u00e9e d\u2019apporter l\u2019exp\u00e9rience caf\u00e9 Amberdo dans cette partie vivante et centrale de la ville. Avec son emplacement privil\u00e9gi\u00e9, son fort passage pi\u00e9tonnier et son excellente accessibilit\u00e9, Burrard est l\u2019endroit id\u00e9al pour notre [&hellip;]<\/p>\n","protected":false},"author":2,"featured_media":0,"parent":0,"menu_order":0,"comment_status":"closed","ping_status":"closed","template":"","meta":{"_seopress_robots_primary_cat":"","_seopress_titles_title":"Amberdo Burrard | Caf\u00e9 Moderne au C\u0153ur de Vancouver","_seopress_titles_desc":"D\u00e9couvrez la nouvelle succursale Amberdo sur Burrard Street, l\u2019un des quartiers les plus dynamiques de Vancouver. Un caf\u00e9 d\u2019exception dans un espace moderne et chaleureux, parfait pour une pause rapide ou un moment prolong\u00e9. Nous avons h\u00e2te de vous accueillir ! ","_seopress_robots_index":"","footnotes":""},"class_list":["post-9569","page","type-page","status-publish","hentry"],"_links":{"self":[{"href":"https:\/\/amberdo.ca\/fr\/wp-json\/wp\/v2\/pages\/9569","targetHints":{"allow":["GET"]}}],"collection":[{"href":"https:\/\/amberdo.ca\/fr\/wp-json\/wp\/v2\/pages"}],"about":[{"href":"https:\/\/amberdo.ca\/fr\/wp-json\/wp\/v2\/types\/page"}],"author":[{"embeddable":true,"href":"https:\/\/amberdo.ca\/fr\/wp-json\/wp\/v2\/users\/2"}],"replies":[{"embeddable":true,"href":"https:\/\/amberdo.ca\/fr\/wp-json\/wp\/v2\/comments?post=9569"}],"version-history":[{"count":2,"href":"https:\/\/amberdo.ca\/fr\/wp-json\/wp\/v2\/pages\/9569\/revisions"}],"predecessor-version":[{"id":9571,"href":"https:\/\/amberdo.ca\/fr\/wp-json\/wp\/v2\/pages\/9569\/revisions\/9571"}],"wp:attachment":[{"href":"https:\/\/amberdo.ca\/fr\/wp-json\/wp\/v2\/media?parent=9569"}],"curies":[{"name":"wp","href":"https:\/\/api.w.org\/{rel}","templated":true}]}}