{"id":8917,"date":"2026-02-14T07:05:36","date_gmt":"2026-02-14T07:05:36","guid":{"rendered":"https:\/\/amberdo.ca\/a-new-amberdo-experience-in-richards-street\/"},"modified":"2026-02-15T18:25:06","modified_gmt":"2026-02-15T18:25:06","slug":"a-new-amberdo-experience-in-richards-street","status":"publish","type":"page","link":"https:\/\/amberdo.ca\/fr\/a-new-amberdo-experience-in-richards-street\/","title":{"rendered":"Une nouvelle exp\u00e9rience Amberdo sur Richards Street"},"content":{"rendered":"<div class=\"wpb-content-wrapper\"><p>[vc_row][vc_column][vc_column_text css=\u00a0\u00bb\u00a0\u00bb]<\/p>\n<p><strong>Caff\u00e8 Amberdo<\/strong> poursuit son expansion \u2014 cette fois au c\u0153ur anim\u00e9 du centre-ville de Vancouver:<br \/>\ud83d\udccd 508 Richards St, Vancouver, BC V6B 3A2<\/p>\n<p>[\/vc_column_text][vc_column_text css=\u00a0\u00bb\u00a0\u00bb]Cet emplacement en pr\u00e9paration marque une nouvelle \u00e9tape importante dans la croissance continue d\u2019Amberdo \u00e0 Vancouver. <\/p>\n<p>Con\u00e7u pour refl\u00e9ter notre alliance signature de caf\u00e9 de sp\u00e9cialit\u00e9, d\u2019esth\u00e9tique moderne et d\u2019atmosph\u00e8re accueillante, le caf\u00e9 Richards Street offrira une exp\u00e9rience raffin\u00e9e adapt\u00e9e au rythme du centre-ville.[\/vc_column_text][\/vc_column][\/vc_row][vc_row][vc_column][vc_gmaps link=\u00a0\u00bb#E-8_JTNDaWZyYW1lJTIwc3JjJTNEJTIyaHR0cHMlM0ElMkYlMkZ3d3cuZ29vZ2xlLmNvbSUyRm1hcHMlMkZlbWJlZCUzRnBiJTNEJTIxMW0xOCUyMTFtMTIlMjExbTMlMjExZDIxODguNTU1OTE5NTY5ODExJTIxMmQtMTIzLjExMDgxMjY2NTgxODYzJTIxM2Q0OS4yODMwOTk1NTA2ODk2MSUyMTJtMyUyMTFmMCUyMTJmMCUyMTNmMCUyMTNtMiUyMTFpMTAyNCUyMTJpNzY4JTIxNGYxMy4xJTIxM20zJTIxMW0yJTIxMXMweDU0ODY3MTc4ZTZkMjY4NWYlMjUzQTB4ODRhOWJkYjUyNGNiOTAyNCUyMTJ6TlRBNElGSnBZMmhoY21SeklGTjBMQ0JXWVc1amIzVjJaWElzSUVKRElGWTJRaUF6UVRMWWpDRGFxZGluMlliWXA5aXYyS2MlMjE1ZTAlMjEzbTIlMjExc2ZhJTIxMnMlMjE0djE3NzEwNDk1Mzc3NzIlMjE1bTIlMjExc2ZhJTIxMnMlMjIlMjB3aWR0aCUzRCUyMjYwMCUyMiUyMGhlaWdodCUzRCUyMjQ1MCUyMiUyMGZyYW1lYm9yZGVyJTNEJTIyMCUyMiUyMHN0eWxlJTNEJTIyYm9yZGVyJTNBMCUyMiUyMGFsbG93ZnVsbHNjcmVlbiUzRCUyMiUyMiUzRSUzQyUyRmlmcmFtZSUzRQ==\u00a0\u00bb css=\u00a0\u00bb\u00a0\u00bb][vc_empty_space][vc_raw_html css=\u00a0\u00bb\u00a0\u00bb]PGgyPjxzdHJvbmc+Q29uY2VwdCBkZSBkZXNpZ24gaW50w6lyaWV1ciAmYW1wOyByZW5kdXM8L3N0cm9uZz48L2gyPg==[\/vc_raw_html][vc_column_text css=\u00a0\u00bb\u00a0\u00bb]<\/p>\n<p>Pens\u00e9 pour allier confort et efficacit\u00e9, l\u2019espace combine textures modernes, \u00e9clairage \u00e9quilibr\u00e9 et zones d\u2019assise fonctionnelles pour cr\u00e9er une ambiance professionnelle et d\u00e9tendue. <\/p>\n<p>Ci-dessous, vous pouvez explorer les rendus architecturaux qui pr\u00e9sentent la vision du design de cette succursale \u2014 de la disposition du bar \u00e0 caf\u00e9 \u00e0 l&rsquo;am\u00e9nagement des places assises et \u00e0 l&rsquo;ambiance g\u00e9n\u00e9rale.<\/p>\n<p>[\/vc_column_text][\/vc_column][\/vc_row][vc_row css=\u00a0\u00bb.vc_custom_1750855932539{margin-bottom: 52px !important;}\u00a0\u00bb][vc_column width=\u00a0\u00bb1\/4&Prime; css=\u00a0\u00bb.vc_custom_1750855867348{margin-top: 10px !important;}\u00a0\u00bb][vc_single_image image=\u00a0\u00bb8699&Prime; img_size=\u00a0\u00bbfull\u00a0\u00bb onclick=\u00a0\u00bblink_image\u00a0\u00bb css_animation=\u00a0\u00bbnone\u00a0\u00bb css=\u00a0\u00bb\u00a0\u00bb el_class=\u00a0\u00bbvc-hover-img\u00a0\u00bb][\/vc_column][vc_column width=\u00a0\u00bb1\/4&Prime; css=\u00a0\u00bb.vc_custom_1750855882683{margin-top: 10px !important;}\u00a0\u00bb][vc_single_image image=\u00a0\u00bb8705&Prime; img_size=\u00a0\u00bbfull\u00a0\u00bb onclick=\u00a0\u00bblink_image\u00a0\u00bb css=\u00a0\u00bb\u00a0\u00bb el_class=\u00a0\u00bbvc-hover-img\u00a0\u00bb][\/vc_column][vc_column width=\u00a0\u00bb1\/4&Prime; css=\u00a0\u00bb.vc_custom_1750855854589{margin-top: 10px !important;}\u00a0\u00bb][vc_single_image image=\u00a0\u00bb8735&Prime; img_size=\u00a0\u00bbfull\u00a0\u00bb onclick=\u00a0\u00bblink_image\u00a0\u00bb css=\u00a0\u00bb\u00a0\u00bb el_class=\u00a0\u00bbvc-hover-img\u00a0\u00bb][\/vc_column][vc_column width=\u00a0\u00bb1\/4&Prime;][vc_single_image image=\u00a0\u00bb8705&Prime; img_size=\u00a0\u00bbfull\u00a0\u00bb alignment=\u00a0\u00bbcenter\u00a0\u00bb css=\u00a0\u00bb\u00a0\u00bb][\/vc_column][\/vc_row][vc_row css=\u00a0\u00bb.vc_custom_1750855932539{margin-bottom: 52px !important;}\u00a0\u00bb][vc_column width=\u00a0\u00bb1\/4&Prime; css=\u00a0\u00bb.vc_custom_1750855867348{margin-top: 10px !important;}\u00a0\u00bb][vc_single_image image=\u00a0\u00bb8711&Prime; img_size=\u00a0\u00bbfull\u00a0\u00bb onclick=\u00a0\u00bblink_image\u00a0\u00bb css_animation=\u00a0\u00bbnone\u00a0\u00bb css=\u00a0\u00bb\u00a0\u00bb el_class=\u00a0\u00bbvc-hover-img\u00a0\u00bb][\/vc_column][vc_column width=\u00a0\u00bb1\/4&Prime; css=\u00a0\u00bb.vc_custom_1750855882683{margin-top: 10px !important;}\u00a0\u00bb][vc_single_image image=\u00a0\u00bb8670&Prime; img_size=\u00a0\u00bbfull\u00a0\u00bb onclick=\u00a0\u00bblink_image\u00a0\u00bb css=\u00a0\u00bb\u00a0\u00bb el_class=\u00a0\u00bbvc-hover-img\u00a0\u00bb][\/vc_column][vc_column width=\u00a0\u00bb1\/4&Prime; css=\u00a0\u00bb.vc_custom_1750855854589{margin-top: 10px !important;}\u00a0\u00bb][vc_single_image image=\u00a0\u00bb8723&Prime; img_size=\u00a0\u00bbfull\u00a0\u00bb onclick=\u00a0\u00bblink_image\u00a0\u00bb css=\u00a0\u00bb\u00a0\u00bb el_class=\u00a0\u00bbvc-hover-img\u00a0\u00bb][\/vc_column][vc_column width=\u00a0\u00bb1\/4&Prime;][vc_single_image image=\u00a0\u00bb8729&Prime; img_size=\u00a0\u00bbfull\u00a0\u00bb alignment=\u00a0\u00bbcenter\u00a0\u00bb css=\u00a0\u00bb\u00a0\u00bb][\/vc_column][\/vc_row][vc_row][vc_column][vc_empty_space][vc_raw_html css=\u00a0\u00bb\u00a0\u00bb]PGgyPjxzdHJvbmc+UGxhbiBpbnRlbGxpZ2VudCAmYW1wOyBhbcOpbmFnZW1lbnQ8L3N0cm9uZz48L2gyPg==[\/vc_raw_html][vc_column_text css=\u00a0\u00bb\u00a0\u00bb]<\/p>\n<p>La configuration met l\u2019accent sur : <\/p>\n<ul>\n<li>Un flux de commande efficace<\/li>\n<li>Des espaces assis confortables<\/li>\n<li>Un positionnement optimis\u00e9 du bar<\/li>\n<li>Des circulations claires aux heures de pointe<\/li>\n<\/ul>\n<p>Vous pouvez consulter le plan d&rsquo;\u00e9tage officiel de la succursale ci-dessous pour d\u00e9couvrir comment l&rsquo;espace a \u00e9t\u00e9 con\u00e7u pour allier esth\u00e9tique et fonctionnalit\u00e9.<\/p>\n<p>[\/vc_column_text][vc_single_image image=\u00a0\u00bb8743&Prime; img_size=\u00a0\u00bbfull\u00a0\u00bb alignment=\u00a0\u00bbcenter\u00a0\u00bb css=\u00a0\u00bb\u00a0\u00bb][vc_empty_space][vc_raw_html css=\u00a0\u00bb\u00a0\u00bb]PGgyPjxzdHJvbmc+QXZhbmNlbWVudCBkZXMgdHJhdmF1eDwvc3Ryb25nPjwvaDI+[\/vc_raw_html][vc_column_text css=\u00a0\u00bb\u00a0\u00bb]Notre \u00e9quipe pr\u00e9pare activement le lieu afin que chaque d\u00e9tail respecte les standards de qualit\u00e9 Amberdo.[\/vc_column_text][vc_empty_space][vc_raw_html css=\u00a0\u00bb\u00a0\u00bb]PGgyPjxzdHJvbmc+T3V2ZXJ0dXJlIHByb2NoYWluZSBhdSBjZW50cmUtdmlsbGU8L3N0cm9uZz48L2gyPg==[\/vc_raw_html][vc_column_text css=\u00a0\u00bb\u00a0\u00bb]<\/p>\n<p>Ce lieu apportera nos boissons signature, notre menu soigneusement \u00e9labor\u00e9 et notre hospitalit\u00e9 chaleureuse au c\u0153ur d\u2019un quartier dynamique.<\/p>\n<p>[\/vc_column_text][vc_empty_space][vc_raw_html css=\u00a0\u00bb\u00a0\u00bb]PGgyPjxzdHJvbmc+UmVqb2lnbmV6IGxhIGZyYW5jaGlzZSBBbWJlcmRvPC9zdHJvbmc+PC9oMj4=[\/vc_raw_html][vc_column_text css=\u00a0\u00bb\u00a0\u00bb]<\/p>\n<p>Explorez d\u00e8s aujourd\u2019hui les opportunit\u00e9s de franchise et rejoignez un r\u00e9seau fond\u00e9 sur la structure, la qualit\u00e9 et une vision \u00e0 long terme.<br \/>D\u00e9couvrez d\u00e8s aujourd&rsquo;hui comment rejoindre le r\u00e9seau de franchise Amberdo.<\/p>\n<p>[\/vc_column_text][vc_empty_space][\/vc_column][\/vc_row]<\/p>\n<\/div>","protected":false},"excerpt":{"rendered":"<p>[vc_row][vc_column][vc_column_text css=\u00a0\u00bb\u00a0\u00bb] Caff\u00e8 Amberdo poursuit son expansion \u2014 cette fois au c\u0153ur anim\u00e9 du centre-ville de Vancouver:\ud83d\udccd 508 Richards St, Vancouver, BC V6B 3A2 [\/vc_column_text][vc_column_text css=\u00a0\u00bb\u00a0\u00bb]Cet emplacement en pr\u00e9paration marque une nouvelle \u00e9tape importante dans la croissance continue d\u2019Amberdo \u00e0 Vancouver. Con\u00e7u pour refl\u00e9ter notre alliance signature de caf\u00e9 de sp\u00e9cialit\u00e9, d\u2019esth\u00e9tique moderne et d\u2019atmosph\u00e8re accueillante, le caf\u00e9 Richards Street offrira une exp\u00e9rience raffin\u00e9e adapt\u00e9e au rythme du centre-ville.[\/vc_column_text][\/vc_column][\/vc_row][vc_row][vc_column][vc_gmaps link=\u00a0\u00bb#E-8_JTNDaWZyYW1lJTIwc3JjJTNEJTIyaHR0cHMlM0ElMkYlMkZ3d3cuZ29vZ2xlLmNvbSUyRm1hcHMlMkZlbWJlZCUzRnBiJTNEJTIxMW0xOCUyMTFtMTIlMjExbTMlMjExZDIxODguNTU1OTE5NTY5ODExJTIxMmQtMTIzLjExMDgxMjY2NTgxODYzJTIxM2Q0OS4yODMwOTk1NTA2ODk2MSUyMTJtMyUyMTFmMCUyMTJmMCUyMTNmMCUyMTNtMiUyMTFpMTAyNCUyMTJpNzY4JTIxNGYxMy4xJTIxM20zJTIxMW0yJTIxMXMweDU0ODY3MTc4ZTZkMjY4NWYlMjUzQTB4ODRhOWJkYjUyNGNiOTAyNCUyMTJ6TlRBNElGSnBZMmhoY21SeklGTjBMQ0JXWVc1amIzVjJaWElzSUVKRElGWTJRaUF6UVRMWWpDRGFxZGluMlliWXA5aXYyS2MlMjE1ZTAlMjEzbTIlMjExc2ZhJTIxMnMlMjE0djE3NzEwNDk1Mzc3NzIlMjE1bTIlMjExc2ZhJTIxMnMlMjIlMjB3aWR0aCUzRCUyMjYwMCUyMiUyMGhlaWdodCUzRCUyMjQ1MCUyMiUyMGZyYW1lYm9yZGVyJTNEJTIyMCUyMiUyMHN0eWxlJTNEJTIyYm9yZGVyJTNBMCUyMiUyMGFsbG93ZnVsbHNjcmVlbiUzRCUyMiUyMiUzRSUzQyUyRmlmcmFtZSUzRQ==\u00a0\u00bb css=\u00a0\u00bb\u00a0\u00bb][vc_empty_space][vc_raw_html css=\u00a0\u00bb\u00a0\u00bb]PGgyPjxzdHJvbmc+Q29uY2VwdCBkZSBkZXNpZ24gaW50w6lyaWV1ciAmYW1wOyByZW5kdXM8L3N0cm9uZz48L2gyPg==[\/vc_raw_html][vc_column_text [&hellip;]<\/p>\n","protected":false},"author":2,"featured_media":0,"parent":0,"menu_order":0,"comment_status":"closed","ping_status":"closed","template":"","meta":{"_seopress_robots_primary_cat":"","_seopress_titles_title":"Une nouvelle exp\u00e9rience Caff\u00e8 Amberdo sur la rue Richards","_seopress_titles_desc":"","_seopress_robots_index":"","footnotes":""},"class_list":["post-8917","page","type-page","status-publish","hentry"],"_links":{"self":[{"href":"https:\/\/amberdo.ca\/fr\/wp-json\/wp\/v2\/pages\/8917","targetHints":{"allow":["GET"]}}],"collection":[{"href":"https:\/\/amberdo.ca\/fr\/wp-json\/wp\/v2\/pages"}],"about":[{"href":"https:\/\/amberdo.ca\/fr\/wp-json\/wp\/v2\/types\/page"}],"author":[{"embeddable":true,"href":"https:\/\/amberdo.ca\/fr\/wp-json\/wp\/v2\/users\/2"}],"replies":[{"embeddable":true,"href":"https:\/\/amberdo.ca\/fr\/wp-json\/wp\/v2\/comments?post=8917"}],"version-history":[{"count":3,"href":"https:\/\/amberdo.ca\/fr\/wp-json\/wp\/v2\/pages\/8917\/revisions"}],"predecessor-version":[{"id":8929,"href":"https:\/\/amberdo.ca\/fr\/wp-json\/wp\/v2\/pages\/8917\/revisions\/8929"}],"wp:attachment":[{"href":"https:\/\/amberdo.ca\/fr\/wp-json\/wp\/v2\/media?parent=8917"}],"curies":[{"name":"wp","href":"https:\/\/api.w.org\/{rel}","templated":true}]}}