{"id":8870,"date":"2026-02-03T11:20:38","date_gmt":"2026-02-03T11:20:38","guid":{"rendered":"https:\/\/amberdo.ca\/cordova-branch\/"},"modified":"2026-02-18T14:18:04","modified_gmt":"2026-02-18T14:18:04","slug":"cordova-branch","status":"publish","type":"page","link":"https:\/\/amberdo.ca\/fr\/cordova-branch\/","title":{"rendered":"Succursale Cordova"},"content":{"rendered":"<div class=\"wpb-content-wrapper\"><p>[vc_row][vc_column][vc_column_text css=\u00a0\u00bb\u00a0\u00bb]<strong>Caff\u00e8 <\/strong>Amberdo poursuit son expansion \u2014 cette fois dans le quartier historique et anim\u00e9 de Gastown \u00e0 <strong>Vancouver<\/strong>.<\/p>\n<h2>Notre nouveau caf\u00e9 situ\u00e9 au<\/h2>\n<p><strong>\ud83d\udccd146 W Cordova St<\/strong><br \/>\nest actuellement en pr\u00e9paration. Nous sommes ravis d\u2019apporter l\u2019exp\u00e9rience Amberdo \u00e0 l\u2019un des quartiers les plus embl\u00e9matiques de la ville. R\u00e9put\u00e9e pour son caract\u00e8re, sa culture et son fort passage pi\u00e9ton, Cordova Street est le lieu id\u00e9al pour accueillir notre communaut\u00e9 en pleine croissance.<\/p>\n<p>Cette succursale combinera le style moderne d\u2019Amberdo avec le charme et l\u2019\u00e9nergie du quartier environnant \u2014 cr\u00e9ant un espace \u00e0 la fois contemporain et ancr\u00e9 dans l\u2019atmosph\u00e8re locale.<\/p>\n<p>T\u00e9l\u00e9chargez la brochure compl\u00e8te sur l\u2019opportunit\u00e9 d\u2019investissement West Cordova (PDF) et d\u00e9couvrez ce hub centralis\u00e9 de boulangerie et caf\u00e9 cl\u00e9 en main premium dans l\u2019embl\u00e9matique b\u00e2timent Woodward\u2019s de Gastown.<\/p>\n<p><a href=\"https:\/\/amberdo.ca\/wp-content\/uploads\/2026\/02\/west-cordova-realtor.pdf\">\ud83d\udd17 T\u00e9l\u00e9charger le catalogue West Cordova<\/a><\/p>\n<p><strong>\ud83d\udccd 146 W Cordova St<\/strong>[\/vc_column_text][vc_empty_space][vc_gmaps link=\u00a0\u00bb#E-8_JTNDaWZyYW1lJTIwc3JjJTNEJTIyaHR0cHMlM0ElMkYlMkZ3d3cuZ29vZ2xlLmNvbSUyRm1hcHMlMkZlbWJlZCUzRnBiJTNEJTIxMW0xOCUyMTFtMTIlMjExbTMlMjExZDI2MDIuNjUwNjgwOTA2NDEyJTIxMmQtMTIzLjEwODM0MjIwMDAwMDAxJTIxM2Q0OS4yODMwMTU5OTk5OTk5OTYlMjEybTMlMjExZjAlMjEyZjAlMjEzZjAlMjEzbTIlMjExaTEwMjQlMjEyaTc2OCUyMTRmMTMuMSUyMTNtMyUyMTFtMiUyMTFzMHg1NDg2NzE3OWMxYjJmYmIzJTI1M0EweGViNDBjNTgxYWE4OWM0NDglMjEyek1UUTJJRmNnUTI5eVpHOTJZU0JUZEN3Z1ZtRnVZMjkxZG1WeUxDQkNReUJXTmtJZ01VVXgySXdnMnFuWXA5bUcyS2ZZcjlpbiUyMTVlMCUyMTNtMiUyMTFzZmElMjEycyUyMTR2MTc3MDEyMTAwNTU4OCUyMTVtMiUyMTFzZmElMjEycyUyMiUyMHdpZHRoJTNEJTIyNjAwJTIyJTIwaGVpZ2h0JTNEJTIyNDUwJTIyJTIwc3R5bGUlM0QlMjJib3JkZXIlM0EwJTNCJTIyJTIwYWxsb3dmdWxsc2NyZWVuJTNEJTIyJTIyJTIwbG9hZGluZyUzRCUyMmxhenklMjIlMjByZWZlcnJlcnBvbGljeSUzRCUyMm5vLXJlZmVycmVyLXdoZW4tZG93bmdyYWRlJTIyJTNFJTNDJTJGaWZyYW1lJTNF\u00a0\u00bb css=\u00a0\u00bb\u00a0\u00bb][vc_empty_space][vc_raw_html css=\u00a0\u00bb\u00a0\u00bb]PGgyPjxzdHJvbmc+VW4gZXNwYWNlIGNvbsOndSBwb3VyIGxlIHF1YXJ0aWVyPC9zdHJvbmc+PC9oMj4=[\/vc_raw_html][vc_column_text css=\u00a0\u00bb\u00a0\u00bb]<\/p>\n<p>L\u2019emplacement Cordova est pens\u00e9 avec soin pour refl\u00e9ter \u00e0 la fois l\u2019identit\u00e9 d\u2019Amberdo et la personnalit\u00e9 du secteur.<\/p>\n<p>Vous y d\u00e9couvrirez un int\u00e9rieur chaleureux et moderne, des si\u00e8ges accueillants, des textures naturelles et un agencement adapt\u00e9 aussi bien aux arr\u00eats rapides qu\u2019aux rencontres d\u00e9tendues.<\/p>\n<p>[\/vc_column_text][vc_empty_space][vc_raw_html css=\u00a0\u00bb\u00a0\u00bb]PGgyPjxzdHJvbmc+QXBlcsOndSBkdSBjb25jZXB0IGludMOpcmlldXI8L3N0cm9uZz48L2gyPg==[\/vc_raw_html][vc_column_text css=\u00a0\u00bb\u00a0\u00bb]<\/p>\n<p>D\u00e9couvrez un premier aper\u00e7u de l\u2019orientation design de notre caf\u00e9 Cordova : confort moderne avec des d\u00e9tails subtils qui refl\u00e8tent le caract\u00e8re du quartier.<\/p>\n<p>[\/vc_column_text][\/vc_column][\/vc_row][vc_row css=\u00a0\u00bb.vc_custom_1748444003090{margin-top: 30px !important;}\u00a0\u00bb][vc_column width=\u00a0\u00bb1\/4&Prime; css=\u00a0\u00bb.vc_custom_1737446215662{margin-top: 20px !important;}\u00a0\u00bb][vc_single_image image=\u00a0\u00bb8530&Prime; img_size=\u00a0\u00bbfull\u00a0\u00bb onclick=\u00a0\u00bbimg_link_large\u00a0\u00bb css=\u00a0\u00bb\u00a0\u00bb el_class=\u00a0\u00bbvc-hover-img\u00a0\u00bb][\/vc_column][vc_column width=\u00a0\u00bb1\/4&Prime; css=\u00a0\u00bb.vc_custom_1737446223626{margin-top: 20px !important;}\u00a0\u00bb][vc_single_image image=\u00a0\u00bb8537&Prime; img_size=\u00a0\u00bbfull\u00a0\u00bb onclick=\u00a0\u00bbimg_link_large\u00a0\u00bb css=\u00a0\u00bb\u00a0\u00bb el_class=\u00a0\u00bbvc-hover-img\u00a0\u00bb][\/vc_column][vc_column width=\u00a0\u00bb1\/4&Prime; css=\u00a0\u00bb.vc_custom_1737446229458{margin-top: 20px !important;}\u00a0\u00bb][vc_single_image image=\u00a0\u00bb8557&Prime; img_size=\u00a0\u00bbfull\u00a0\u00bb onclick=\u00a0\u00bbimg_link_large\u00a0\u00bb css=\u00a0\u00bb\u00a0\u00bb el_class=\u00a0\u00bbvc-hover-img\u00a0\u00bb][\/vc_column][vc_column width=\u00a0\u00bb1\/4&Prime; css=\u00a0\u00bb.vc_custom_1748444020724{margin-top: 20px !important;}\u00a0\u00bb][vc_single_image image=\u00a0\u00bb8563&Prime; img_size=\u00a0\u00bbfull\u00a0\u00bb onclick=\u00a0\u00bbimg_link_large\u00a0\u00bb css=\u00a0\u00bb\u00a0\u00bb el_class=\u00a0\u00bbvc-hover-img\u00a0\u00bb][\/vc_column][\/vc_row][vc_row css=\u00a0\u00bb.vc_custom_1748444003090{margin-top: 30px !important;}\u00a0\u00bb][vc_column width=\u00a0\u00bb1\/4&Prime; css=\u00a0\u00bb.vc_custom_1737446215662{margin-top: 20px !important;}\u00a0\u00bb][vc_single_image image=\u00a0\u00bb8658&Prime; img_size=\u00a0\u00bbfull\u00a0\u00bb onclick=\u00a0\u00bbimg_link_large\u00a0\u00bb css=\u00a0\u00bb\u00a0\u00bb el_class=\u00a0\u00bbvc-hover-img\u00a0\u00bb][\/vc_column][vc_column width=\u00a0\u00bb1\/4&Prime; css=\u00a0\u00bb.vc_custom_1737446223626{margin-top: 20px !important;}\u00a0\u00bb][vc_single_image image=\u00a0\u00bb8652&Prime; img_size=\u00a0\u00bbfull\u00a0\u00bb onclick=\u00a0\u00bbimg_link_large\u00a0\u00bb css=\u00a0\u00bb\u00a0\u00bb el_class=\u00a0\u00bbvc-hover-img\u00a0\u00bb][\/vc_column][vc_column width=\u00a0\u00bb1\/4&Prime; css=\u00a0\u00bb.vc_custom_1737446229458{margin-top: 20px !important;}\u00a0\u00bb][vc_single_image image=\u00a0\u00bb8664&Prime; img_size=\u00a0\u00bbfull\u00a0\u00bb onclick=\u00a0\u00bbimg_link_large\u00a0\u00bb css=\u00a0\u00bb\u00a0\u00bb el_class=\u00a0\u00bbvc-hover-img\u00a0\u00bb][\/vc_column][vc_column width=\u00a0\u00bb1\/4&Prime; css=\u00a0\u00bb.vc_custom_1748444020724{margin-top: 20px !important;}\u00a0\u00bb][vc_single_image image=\u00a0\u00bb8670&Prime; img_size=\u00a0\u00bbfull\u00a0\u00bb onclick=\u00a0\u00bbimg_link_large\u00a0\u00bb css=\u00a0\u00bb\u00a0\u00bb el_class=\u00a0\u00bbvc-hover-img\u00a0\u00bb][\/vc_column][\/vc_row][vc_row][vc_column][vc_empty_space][vc_raw_html css=\u00a0\u00bb\u00a0\u00bb]PGgyPjxzdHJvbmc+VW4gYW3DqW5hZ2VtZW50IHLDqWZsw6ljaGkgcG91ciB1bmUgbWVpbGxldXJlIGV4cMOpcmllbmNlPC9zdHJvbmc+PC9oMj4=[\/vc_raw_html][vc_column_text css=\u00a0\u00bb\u00a0\u00bb]<\/p>\n<p>La succursale Cordova est con\u00e7ue pour offrir fluidit\u00e9 et confort. Du comptoir de commande aux espaces assis, tout est pens\u00e9 pour garantir des visites simples et agr\u00e9ables, m\u00eame aux heures de pointe.<\/p>\n<p>[\/vc_column_text][\/vc_column][\/vc_row][vc_row css=\u00a0\u00bb.vc_custom_1748444003090{margin-top: 30px !important;}\u00a0\u00bb][vc_column width=\u00a0\u00bb1\/3&Prime; css=\u00a0\u00bb.vc_custom_1737446215662{margin-top: 20px !important;}\u00a0\u00bb][vc_single_image image=\u00a0\u00bb8569&Prime; img_size=\u00a0\u00bbfull\u00a0\u00bb onclick=\u00a0\u00bbimg_link_large\u00a0\u00bb css=\u00a0\u00bb\u00a0\u00bb el_class=\u00a0\u00bbvc-hover-img\u00a0\u00bb][\/vc_column][vc_column width=\u00a0\u00bb1\/3&Prime; css=\u00a0\u00bb.vc_custom_1737446223626{margin-top: 20px !important;}\u00a0\u00bb][vc_single_image image=\u00a0\u00bb8577&Prime; img_size=\u00a0\u00bbfull\u00a0\u00bb onclick=\u00a0\u00bbimg_link_large\u00a0\u00bb css=\u00a0\u00bb\u00a0\u00bb el_class=\u00a0\u00bbvc-hover-img\u00a0\u00bb][\/vc_column][vc_column width=\u00a0\u00bb1\/3&Prime; css=\u00a0\u00bb.vc_custom_1737446229458{margin-top: 20px !important;}\u00a0\u00bb][vc_single_image image=\u00a0\u00bb8583&Prime; img_size=\u00a0\u00bbfull\u00a0\u00bb onclick=\u00a0\u00bbimg_link_large\u00a0\u00bb css=\u00a0\u00bb\u00a0\u00bb el_class=\u00a0\u00bbvc-hover-img\u00a0\u00bb][\/vc_column][\/vc_row][vc_row][vc_column][vc_raw_html css=\u00a0\u00bb\u00a0\u00bb]PGgyPjxzdHJvbmc+UmVqb2lnbmV6IGxhIGZhbWlsbGUgQW1iZXJkbzwvc3Ryb25nPjwvaDI+[\/vc_raw_html][vc_column_text css=\u00a0\u00bb\u00a0\u00bb]<\/p>\n<p>Rejoignez la grande famille Amberdo ! Nous sommes ravis d\u2019apporter notre caf\u00e9 signature, notre design chaleureux et notre esprit communautaire au c\u0153ur historique de Gastown, au 146 W Cordova St. Venez d\u00e9couvrir ce nouvel espace o\u00f9 le confort moderne rencontre le charme embl\u00e9matique du plus ancien quartier de Vancouver. Prenez votre premi\u00e8re tasse, invitez vos amis et faites de cet endroit le v\u00f4tre d\u00e8s l\u2019ouverture.<br \/>\nNous avons h\u00e2te de vous accueillir chez Amberdo Gastown !<\/p>\n<p>[\/vc_column_text][\/vc_column][\/vc_row]<\/p>\n<\/div>","protected":false},"excerpt":{"rendered":"<p>[vc_row][vc_column][vc_column_text css=\u00a0\u00bb\u00a0\u00bb]Caff\u00e8 Amberdo poursuit son expansion \u2014 cette fois dans le quartier historique et anim\u00e9 de Gastown \u00e0 Vancouver. Notre nouveau caf\u00e9 situ\u00e9 au \ud83d\udccd146 W Cordova St est actuellement en pr\u00e9paration. Nous sommes ravis d\u2019apporter l\u2019exp\u00e9rience Amberdo \u00e0 l\u2019un des quartiers les plus embl\u00e9matiques de la ville. R\u00e9put\u00e9e pour son caract\u00e8re, sa culture et son fort passage pi\u00e9ton, Cordova Street est le lieu id\u00e9al pour accueillir notre communaut\u00e9 en pleine croissance. [&hellip;]<\/p>\n","protected":false},"author":2,"featured_media":0,"parent":0,"menu_order":0,"comment_status":"closed","ping_status":"closed","template":"","meta":{"_seopress_robots_primary_cat":"","_seopress_titles_title":"La nouvelle succursale de Cordova est en pr\u00e9paration","_seopress_titles_desc":"Caff\u00e8 Amberdo s'appr\u00eate \u00e0 ouvrir son nouvel emplacement sur Cordova, au centre-ville de Vancouver, offrant du caf\u00e9 de sp\u00e9cialit\u00e9 et un int\u00e9rieur \u00e9l\u00e9gant au c\u0153ur de la ville.","_seopress_robots_index":"","footnotes":""},"class_list":["post-8870","page","type-page","status-publish","hentry"],"_links":{"self":[{"href":"https:\/\/amberdo.ca\/fr\/wp-json\/wp\/v2\/pages\/8870","targetHints":{"allow":["GET"]}}],"collection":[{"href":"https:\/\/amberdo.ca\/fr\/wp-json\/wp\/v2\/pages"}],"about":[{"href":"https:\/\/amberdo.ca\/fr\/wp-json\/wp\/v2\/types\/page"}],"author":[{"embeddable":true,"href":"https:\/\/amberdo.ca\/fr\/wp-json\/wp\/v2\/users\/2"}],"replies":[{"embeddable":true,"href":"https:\/\/amberdo.ca\/fr\/wp-json\/wp\/v2\/comments?post=8870"}],"version-history":[{"count":8,"href":"https:\/\/amberdo.ca\/fr\/wp-json\/wp\/v2\/pages\/8870\/revisions"}],"predecessor-version":[{"id":9030,"href":"https:\/\/amberdo.ca\/fr\/wp-json\/wp\/v2\/pages\/8870\/revisions\/9030"}],"wp:attachment":[{"href":"https:\/\/amberdo.ca\/fr\/wp-json\/wp\/v2\/media?parent=8870"}],"curies":[{"name":"wp","href":"https:\/\/api.w.org\/{rel}","templated":true}]}}