{"id":8845,"date":"2026-02-03T09:39:10","date_gmt":"2026-02-03T09:39:10","guid":{"rendered":"https:\/\/amberdo.ca\/west-georgia\/"},"modified":"2026-02-14T14:07:07","modified_gmt":"2026-02-14T14:07:07","slug":"west-georgia","status":"publish","type":"page","link":"https:\/\/amberdo.ca\/fr\/west-georgia\/","title":{"rendered":"West Georgia"},"content":{"rendered":"<div class=\"wpb-content-wrapper\"><p>[vc_row][vc_column][vc_column_text css=\u00a0\u00bb\u00a0\u00bb]<\/p>\n<p data-start=\"349\" data-end=\"474\"><span class=\"hover:entity-accent entity-underline inline cursor-pointer align-baseline\">Nous grandissons<\/span> \u2014 et nous apportons l\u2019exp\u00e9rience Amberdo au c\u0153ur du <span class=\"whitespace-normal\">centre-ville de Vancouver.<\/span><\/p>\n<p data-start=\"476\" data-end=\"844\"><strong data-start=\"499\" data-end=\"543\">\ud83d\udccd1328 W Georgia St, Vancouver, BC V6E 4R9<br \/>est bien plus qu\u2019un simple caf\u00e9. C\u2019est un espace soigneusement con\u00e7u o\u00f9 le caf\u00e9 de sp\u00e9cialit\u00e9, le design moderne et l\u2019\u00e9nergie urbaine se rencontrent. Que vous alliez au bureau, retrouviez des amis ou cherchiez un coin chaleureux en plein centre-ville, notre succursale West Georgia deviendra votre nouvelle adresse incontournable.<\/strong>  <\/p>\n<p data-start=\"846\" data-end=\"988\">Ce nouvel espace refl\u00e8te tout ce que repr\u00e9sente Amberdo : qualit\u00e9, confort et communaut\u00e9 \u2014 d\u00e9sormais dans l\u2019un des quartiers les plus dynamiques de Vancouver.<\/p>\n<p data-start=\"846\" data-end=\"988\"><strong data-start=\"499\" data-end=\"543\">\ud83d\udccd1328 W Georgia St, Vancouver, BC V6E 4R9<\/strong><\/p>\n<p>[\/vc_column_text][vc_empty_space][vc_raw_html css=\u00a0\u00bb\u00a0\u00bb]PGlmcmFtZSBzcmM9Imh0dHBzOi8vd3d3Lmdvb2dsZS5jb20vbWFwcy9lbWJlZD9wYj0hMW0xNCExbTghMW0zITFkMjYwMi4zNjI2MTkyOTAzMDAyITJkLTEyMy4xMjQ3MTM3ITNkNDkuMjg4NDczNiEzbTIhMWkxMDI0ITJpNzY4ITRmMTMuMSEzbTMhMW0yITFzMHg1NDg2NzE4NmUwNmNkMWU5JTNBMHg2MzllYzkzNTFlYzljMDchMnpNVE15T0NCWElFZGxiM0puYVdFZ1UzUXNJRlpoYm1OdmRYWmxjaXdnUWtNZ1ZqWkZJRFJTT2RpTUlOcXAyS2ZaaHRpbjJLX1lwdyE1ZTAhM20yITFzZmEhMnNmaSE0djE3NzAxMTc2NjcwMzEhNW0yITFzZmEhMnNmaSFobD1lbiIgd2lkdGg9IjEwMCUiIGhlaWdodD0iNDUwIiBzdHlsZT0iYm9yZGVyOjA7IiBhbGxvd2Z1bGxzY3JlZW49IiIgbG9hZGluZz0ibGF6eSIgcmVmZXJyZXJwb2xpY3k9Im5vLXJlZmVycmVyLXdoZW4tZG93bmdyYWRlIj48L2lmcmFtZT4=[\/vc_raw_html][vc_empty_space height=\u00a0\u00bb52px\u00a0\u00bb][vc_raw_html css=\u00a0\u00bb\u00a0\u00bb]PGgyPjxzdHJvbmc+Q29uw6d1IGF2ZWMgbOKAmWV4cMOpcmllbmNlIGF1IGPFk3VyPC9zdHJvbmc+PC9oMj4=[\/vc_raw_html][vc_column_text css=\u00a0\u00bb\u00a0\u00bb]La succursale West Georgia a \u00e9t\u00e9 pens\u00e9e pour offrir \u00e0 la fois style et confort. Des textures chaleureuses \u00e0 la lumi\u00e8re naturelle, en passant par une disposition moderne des si\u00e8ges, chaque d\u00e9tail a \u00e9t\u00e9 imagin\u00e9 pour rendre votre visite agr\u00e9able \u2014 que ce soit pour un caf\u00e9 rapide ou un long moment de d\u00e9tente. <\/p>\n<p>Vous y trouverez :<\/p>\n<ul>\n<li>Des si\u00e8ges confortables pour travailler et tenir des r\u00e9unions<\/li>\n<li>Des espaces lounge accueillants<\/li>\n<li>Un bar \u00e0 caf\u00e9 moderne mettant en valeur nos m\u00e9thodes d\u2019extraction sp\u00e9cialis\u00e9es<\/li>\n<li>Une atmosph\u00e8re chaleureuse qui marie l\u2019\u00e9nergie du centre-ville \u00e0 la signature conviviale d\u2019Amberdo<\/li>\n<\/ul>\n<p>[\/vc_column_text][vc_empty_space][vc_raw_html css=\u00a0\u00bb\u00a0\u00bb]PGgyPjxzdHJvbmc+QXBlcsOndSBkZXMgcmVuZHVzIGludMOpcmlldXJzPC9zdHJvbmc+PC9oMj4=[\/vc_raw_html][vc_column_text css=\u00a0\u00bb\u00a0\u00bb]<\/p>\n<p data-start=\"1602\" data-end=\"1741\">Voici un aper\u00e7u de l\u2019apparence finale du caf\u00e9. Le design combine une esth\u00e9tique urbaine moderne avec l\u2019ambiance chaleureuse et accueillante propre \u00e0 Amberdo. <\/p>\n<p>[\/vc_column_text][\/vc_column][\/vc_row][vc_row css=\u00a0\u00bb.vc_custom_1748444003090{margin-top: 30px !important;}\u00a0\u00bb][vc_column width=\u00a0\u00bb1\/4&Prime; css=\u00a0\u00bb.vc_custom_1737446215662{margin-top: 20px !important;}\u00a0\u00bb][vc_single_image image=\u00a0\u00bb8434&Prime; img_size=\u00a0\u00bbfull\u00a0\u00bb onclick=\u00a0\u00bbimg_link_large\u00a0\u00bb css=\u00a0\u00bb\u00a0\u00bb el_class=\u00a0\u00bbvc-hover-img\u00a0\u00bb][\/vc_column][vc_column width=\u00a0\u00bb1\/4&Prime; css=\u00a0\u00bb.vc_custom_1737446223626{margin-top: 20px !important;}\u00a0\u00bb][vc_single_image image=\u00a0\u00bb8459&Prime; img_size=\u00a0\u00bbfull\u00a0\u00bb onclick=\u00a0\u00bbimg_link_large\u00a0\u00bb css=\u00a0\u00bb\u00a0\u00bb el_class=\u00a0\u00bbvc-hover-img\u00a0\u00bb][\/vc_column][vc_column width=\u00a0\u00bb1\/4&Prime; css=\u00a0\u00bb.vc_custom_1737446229458{margin-top: 20px !important;}\u00a0\u00bb][vc_single_image image=\u00a0\u00bb8465&Prime; img_size=\u00a0\u00bbfull\u00a0\u00bb onclick=\u00a0\u00bbimg_link_large\u00a0\u00bb css=\u00a0\u00bb\u00a0\u00bb el_class=\u00a0\u00bbvc-hover-img\u00a0\u00bb][\/vc_column][vc_column width=\u00a0\u00bb1\/4&Prime; css=\u00a0\u00bb.vc_custom_1748444020724{margin-top: 20px !important;}\u00a0\u00bb][vc_single_image image=\u00a0\u00bb8471&Prime; img_size=\u00a0\u00bbfull\u00a0\u00bb onclick=\u00a0\u00bbimg_link_large\u00a0\u00bb css=\u00a0\u00bb\u00a0\u00bb el_class=\u00a0\u00bbvc-hover-img\u00a0\u00bb][\/vc_column][\/vc_row][vc_row][vc_column][vc_empty_space][vc_raw_html css=\u00a0\u00bb\u00a0\u00bb]PGgyPjxzdHJvbmc+RW4gY29uc3RydWN0aW9uIOKAkyBDb25zdHJ1aXJlIGzigJlleHDDqXJpZW5jZTwvc3Ryb25nPjwvaDI+[\/vc_raw_html][vc_column_text css=\u00a0\u00bb\u00a0\u00bb]<\/p>\n<p data-start=\"1839\" data-end=\"2041\">Notre \u00e9quipe travaille activement en coulisses pour donner vie \u00e0 cet espace. Des travaux structurels aux finitions int\u00e9rieures, chaque \u00e9tape vise \u00e0 cr\u00e9er un caf\u00e9 qui vous s\u00e9duira d\u00e8s votre entr\u00e9e. <\/p>\n<p>[\/vc_column_text][\/vc_column][\/vc_row][vc_row css=\u00a0\u00bb.vc_custom_1748444003090{margin-top: 30px !important;}\u00a0\u00bb][vc_column width=\u00a0\u00bb1\/4&Prime; css=\u00a0\u00bb.vc_custom_1737446215662{margin-top: 20px !important;}\u00a0\u00bb][vc_single_image image=\u00a0\u00bb8477&Prime; img_size=\u00a0\u00bbfull\u00a0\u00bb onclick=\u00a0\u00bbimg_link_large\u00a0\u00bb css=\u00a0\u00bb\u00a0\u00bb el_class=\u00a0\u00bbvc-hover-img\u00a0\u00bb][\/vc_column][vc_column width=\u00a0\u00bb1\/4&Prime; css=\u00a0\u00bb.vc_custom_1737446223626{margin-top: 20px !important;}\u00a0\u00bb][vc_single_image image=\u00a0\u00bb8483&Prime; img_size=\u00a0\u00bbfull\u00a0\u00bb onclick=\u00a0\u00bbimg_link_large\u00a0\u00bb css=\u00a0\u00bb\u00a0\u00bb el_class=\u00a0\u00bbvc-hover-img\u00a0\u00bb][\/vc_column][vc_column width=\u00a0\u00bb1\/4&Prime; css=\u00a0\u00bb.vc_custom_1737446229458{margin-top: 20px !important;}\u00a0\u00bb][vc_single_image image=\u00a0\u00bb8489&Prime; img_size=\u00a0\u00bbfull\u00a0\u00bb onclick=\u00a0\u00bbimg_link_large\u00a0\u00bb css=\u00a0\u00bb\u00a0\u00bb el_class=\u00a0\u00bbvc-hover-img\u00a0\u00bb][\/vc_column][vc_column width=\u00a0\u00bb1\/4&Prime; css=\u00a0\u00bb.vc_custom_1748444020724{margin-top: 20px !important;}\u00a0\u00bb][vc_single_image image=\u00a0\u00bb8495&Prime; img_size=\u00a0\u00bbfull\u00a0\u00bb onclick=\u00a0\u00bbimg_link_large\u00a0\u00bb css=\u00a0\u00bb\u00a0\u00bb el_class=\u00a0\u00bbvc-hover-img\u00a0\u00bb][\/vc_column][\/vc_row][vc_row][vc_column][vc_empty_space][vc_raw_html css=\u00a0\u00bb\u00a0\u00bb]PGgyPjxzdHJvbmc+QWdlbmNlbWVudCBpbnRlbGxpZ2VudCwgbWVpbGxldXJlIGZsdWlkaXTDqTwvc3Ryb25nPjwvaDI+[\/vc_raw_html][vc_column_text css=\u00a0\u00bb\u00a0\u00bb]<\/p>\n<p data-start=\"2120\" data-end=\"2357\">La configuration du lieu a \u00e9t\u00e9 soigneusement pens\u00e9e pour assurer une exp\u00e9rience client fluide \u2014 de la commande \u00e0 l\u2019installation. Un positionnement efficace du bar, des circulations claires et des zones d\u2019assise \u00e9quilibr\u00e9es rendent l\u2019espace fonctionnel tout en conservant son charme chaleureux. <\/p>\n<p>[\/vc_column_text][\/vc_column][\/vc_row][vc_row css=\u00a0\u00bb.vc_custom_1748444003090{margin-top: 30px !important;}\u00a0\u00bb][vc_column width=\u00a0\u00bb1\/3&Prime; css=\u00a0\u00bb.vc_custom_1737446215662{margin-top: 20px !important;}\u00a0\u00bb][vc_single_image image=\u00a0\u00bb8502&Prime; img_size=\u00a0\u00bbfull\u00a0\u00bb onclick=\u00a0\u00bbimg_link_large\u00a0\u00bb css=\u00a0\u00bb\u00a0\u00bb el_class=\u00a0\u00bbvc-hover-img\u00a0\u00bb][\/vc_column][vc_column width=\u00a0\u00bb1\/3&Prime; css=\u00a0\u00bb.vc_custom_1737446223626{margin-top: 20px !important;}\u00a0\u00bb][vc_single_image image=\u00a0\u00bb8508&Prime; img_size=\u00a0\u00bbfull\u00a0\u00bb onclick=\u00a0\u00bbimg_link_large\u00a0\u00bb css=\u00a0\u00bb\u00a0\u00bb el_class=\u00a0\u00bbvc-hover-img\u00a0\u00bb][\/vc_column][vc_column width=\u00a0\u00bb1\/3&Prime; css=\u00a0\u00bb.vc_custom_1748444020724{margin-top: 20px !important;}\u00a0\u00bb][vc_single_image image=\u00a0\u00bb8514&Prime; img_size=\u00a0\u00bbfull\u00a0\u00bb onclick=\u00a0\u00bbimg_link_large\u00a0\u00bb css=\u00a0\u00bb\u00a0\u00bb el_class=\u00a0\u00bbvc-hover-img\u00a0\u00bb][\/vc_column][\/vc_row][vc_row][vc_column][vc_raw_html css=\u00a0\u00bb\u00a0\u00bb]PGgyPjxzdHJvbmc+UmVqb2lnbmV6IGxhIGZhbWlsbGUgQW1iZXJkbzwvc3Ryb25nPjwvaDI+[\/vc_raw_html][vc_column_text css=\u00a0\u00bb\u00a0\u00bb]C\u2019est maintenant \u00e0 votre tour de rejoindre la grande famille Amberdo ! Nous avons h\u00e2te d\u2019ouvrir les portes de West Georgia et de cr\u00e9er cette exp\u00e9rience unique \u2014 excellent caf\u00e9, confort et esprit communautaire \u2014 en plein c\u0153ur de Vancouver. Prenez votre premier caf\u00e9 au 1328 W Georgia St, venez avec vos amis et faisons de ce nouvel espace un lieu chaleureux d\u00e8s le premier jour.<br \/>\u00c0 tr\u00e8s bient\u00f4t chez Amberdo West Georgia ![\/vc_column_text][\/vc_column][\/vc_row]<\/p>\n<\/div>","protected":false},"excerpt":{"rendered":"<p>[vc_row][vc_column][vc_column_text css=\u00a0\u00bb\u00a0\u00bb] Nous grandissons \u2014 et nous apportons l\u2019exp\u00e9rience Amberdo au c\u0153ur du centre-ville de Vancouver. \ud83d\udccd1328 W Georgia St, Vancouver, BC V6E 4R9est bien plus qu\u2019un simple caf\u00e9. C\u2019est un espace soigneusement con\u00e7u o\u00f9 le caf\u00e9 de sp\u00e9cialit\u00e9, le design moderne et l\u2019\u00e9nergie urbaine se rencontrent. Que vous alliez au bureau, retrouviez des amis ou cherchiez un coin chaleureux en plein centre-ville, notre succursale West Georgia deviendra votre nouvelle adresse incontournable. [&hellip;]<\/p>\n","protected":false},"author":2,"featured_media":0,"parent":0,"menu_order":0,"comment_status":"closed","ping_status":"closed","template":"","meta":{"_seopress_robots_primary_cat":"","_seopress_titles_title":"La nouvelle succursale de West Georgia est en cours de pr\u00e9paration","_seopress_titles_desc":"Le nouvel emplacement de Caff\u00e8 Amberdo sur West Georgia, au centre-ville de Vancouver, s'appr\u00eate \u00e0 ouvrir ses portes, apportant du caf\u00e9 de sp\u00e9cialit\u00e9 et une exp\u00e9rience de caf\u00e9 in\u00e9dite \u00e0 la ville.","_seopress_robots_index":"","footnotes":""},"class_list":["post-8845","page","type-page","status-publish","hentry"],"_links":{"self":[{"href":"https:\/\/amberdo.ca\/fr\/wp-json\/wp\/v2\/pages\/8845","targetHints":{"allow":["GET"]}}],"collection":[{"href":"https:\/\/amberdo.ca\/fr\/wp-json\/wp\/v2\/pages"}],"about":[{"href":"https:\/\/amberdo.ca\/fr\/wp-json\/wp\/v2\/types\/page"}],"author":[{"embeddable":true,"href":"https:\/\/amberdo.ca\/fr\/wp-json\/wp\/v2\/users\/2"}],"replies":[{"embeddable":true,"href":"https:\/\/amberdo.ca\/fr\/wp-json\/wp\/v2\/comments?post=8845"}],"version-history":[{"count":2,"href":"https:\/\/amberdo.ca\/fr\/wp-json\/wp\/v2\/pages\/8845\/revisions"}],"predecessor-version":[{"id":8847,"href":"https:\/\/amberdo.ca\/fr\/wp-json\/wp\/v2\/pages\/8845\/revisions\/8847"}],"wp:attachment":[{"href":"https:\/\/amberdo.ca\/fr\/wp-json\/wp\/v2\/media?parent=8845"}],"curies":[{"name":"wp","href":"https:\/\/api.w.org\/{rel}","templated":true}]}}