{"id":5806,"date":"2025-06-25T12:11:03","date_gmt":"2025-06-25T12:11:03","guid":{"rendered":"https:\/\/amberdocafe.ca\/amberdo-cafe-kitsilano-votre-lieu-de-predilection-pour-le-cafe\/"},"modified":"2025-07-29T10:06:59","modified_gmt":"2025-07-29T10:06:59","slug":"amberdo-cafe-kitsilano-votre-lieu-de-predilection-pour-le-cafe","status":"publish","type":"page","link":"https:\/\/amberdo.ca\/fr\/amberdo-cafe-kitsilano-votre-lieu-de-predilection-pour-le-cafe\/","title":{"rendered":"Amberdo Cafe Kitsilano : votre lieu de pr\u00e9dilection pour le caf\u00e9"},"content":{"rendered":"<div class=\"wpb-content-wrapper\"><p>[vc_row css=\u00a0\u00bb.vc_custom_1751891640360{margin-bottom: 30px !important;}\u00a0\u00bb][vc_column][vc_column_text css=\u00a0\u00bb\u00a0\u00bb]Situ\u00e9 au c\u0153ur de Kitsilano, Amberdo Caf\u00e9 est un v\u00e9ritable joyau local, servant le meilleur caf\u00e9 dans ce quartier vibrant de Vancouver. Avec son ambiance chaleureuse et accueillante, ses boissons parfaitement pr\u00e9par\u00e9es et ses p\u00e2tisseries d\u00e9licieuses, c&rsquo;est l&rsquo;endroit id\u00e9al pour se d\u00e9tendre, travailler ou retrouver des amis. Que vous ayez envie d&rsquo;un espresso riche ou d&rsquo;un latte cr\u00e9meux, Amberdo Caf\u00e9 offre une exp\u00e9rience inoubliable qui incite les habitants et les visiteurs \u00e0 revenir encore et encore.<\/p>\n<p>Images de Amberdo Caf\u00e9 Kitsilano \u00e0 placer ci-dessous[\/vc_column_text][\/vc_column][\/vc_row][vc_row][vc_column]<div class=\"eltdf-section-title-holder  \" >\n\t<div class=\"eltdf-st-inner\">\n\t\t\t\t\t<h2 class=\"eltdf-st-title\" >\n\t\t\t\tService exceptionnel chez Amberdo Caf\u00e9 \u00e0 Kitsilano\t\t\t<\/h2>\n\t\t\t\t\t<\/div>\n<\/div>[vc_column_text css=\u00a0\u00bb\u00a0\u00bb]<\/p>\n<p dir=\"ltr\" data-pm-slice=\"1 1 []\">Chez Amberdo Caf\u00e9 \u00e0 Kitsilano, nous sommes fiers d&rsquo;offrir un service incomparable \u00e0 chaque client. Notre engagement envers un excellent service signifie \u00eatre pleinement pr\u00e9sents pour chaque client, en veillant \u00e0 ce que leur exp\u00e9rience soit fluide et agr\u00e9able. En utilisant des grains de caf\u00e9 torr\u00e9fi\u00e9s localement \u00e0 Vancouver, nous pr\u00e9parons chaque boisson avec soin, sans jamais pr\u00e9cipiter le processus ou n\u00e9gliger les d\u00e9tails. Que vous preniez un caf\u00e9 rapide ou que vous vous installiez pour une visite plus d\u00e9tendue, notre \u00e9quipe s&rsquo;assure que chaque d\u00e9tail\u2014de la vaisselle \u00e0 la pr\u00e9cision de la commande\u2014soit parfait, faisant d&rsquo;Amberdo l&rsquo;un des meilleurs caf\u00e9s de Kitsilano.<\/p>\n<p>[\/vc_column_text][vc_empty_space]<div class=\"eltdf-section-title-holder  \" >\n\t<div class=\"eltdf-st-inner\">\n\t\t\t\t\t<h2 class=\"eltdf-st-title\" >\n\t\t\t\tCaf\u00e9 sourc\u00e9 de mani\u00e8re durable avec un objectif\t\t\t<\/h2>\n\t\t\t\t\t<\/div>\n<\/div>[vc_column_text css=\u00a0\u00bb\u00a0\u00bb]<\/p>\n<p dir=\"ltr\" data-pm-slice=\"1 1 []\">Amberdo Caf\u00e9 \u00e0 Kitsilano est bien plus qu&rsquo;un simple caf\u00e9 ; c&rsquo;est un havre de nature d\u00e9di\u00e9 \u00e0 la durabilit\u00e9. Nous utilisons exclusivement des grains de caf\u00e9 torr\u00e9fi\u00e9s ici m\u00eame \u00e0 Vancouver, garantissant des infusions fra\u00eeches et de la plus haute qualit\u00e9. Pour chaque 12 caf\u00e9s achet\u00e9s, nos clients peuvent choisir un caf\u00e9 gratuit ou contribuer \u00e0 la plantation d&rsquo;un arbre dans la for\u00eat urbaine de Vancouver gr\u00e2ce \u00e0 notre partenariat avec des initiatives locales. Cette approche \u00e9co-responsable refl\u00e8te notre engagement envers notre communaut\u00e9 et la plan\u00e8te, faisant de chaque visite chez Amberdo un pas vers un avenir plus vert.<\/p>\n<p>[\/vc_column_text][vc_empty_space][\/vc_column][\/vc_row][vc_row css=\u00a0\u00bb.vc_custom_1750854269104{margin-bottom: 52px !important;}\u00a0\u00bb][vc_column width=\u00a0\u00bb1\/4&Prime;][vc_single_image image=\u00a0\u00bb3653&Prime; img_size=\u00a0\u00bbfull\u00a0\u00bb onclick=\u00a0\u00bblink_image\u00a0\u00bb css=\u00a0\u00bb\u00a0\u00bb el_class=\u00a0\u00bbvc-hover-img\u00a0\u00bb][\/vc_column][vc_column width=\u00a0\u00bb1\/4&Prime;][vc_single_image image=\u00a0\u00bb3643&Prime; img_size=\u00a0\u00bbfull\u00a0\u00bb onclick=\u00a0\u00bblink_image\u00a0\u00bb css=\u00a0\u00bb\u00a0\u00bb el_class=\u00a0\u00bbvc-hover-img\u00a0\u00bb][\/vc_column][vc_column width=\u00a0\u00bb1\/4&Prime;][vc_single_image image=\u00a0\u00bb3644&Prime; img_size=\u00a0\u00bbfull\u00a0\u00bb onclick=\u00a0\u00bblink_image\u00a0\u00bb css=\u00a0\u00bb\u00a0\u00bb el_class=\u00a0\u00bbvc-hover-img\u00a0\u00bb][\/vc_column][vc_column width=\u00a0\u00bb1\/4&Prime;][vc_single_image image=\u00a0\u00bb3646&Prime; img_size=\u00a0\u00bbfull\u00a0\u00bb onclick=\u00a0\u00bblink_image\u00a0\u00bb css=\u00a0\u00bb\u00a0\u00bb el_class=\u00a0\u00bbvc-hover-img\u00a0\u00bb][\/vc_column][\/vc_row][vc_row css=\u00a0\u00bb.vc_custom_1750854269104{margin-bottom: 52px !important;}\u00a0\u00bb][vc_column width=\u00a0\u00bb1\/4&Prime;][vc_single_image image=\u00a0\u00bb4569&Prime; img_size=\u00a0\u00bbfull\u00a0\u00bb onclick=\u00a0\u00bblink_image\u00a0\u00bb css=\u00a0\u00bb\u00a0\u00bb el_class=\u00a0\u00bbvc-hover-img\u00a0\u00bb][\/vc_column][vc_column width=\u00a0\u00bb1\/4&Prime;][vc_single_image image=\u00a0\u00bb4568&Prime; img_size=\u00a0\u00bbfull\u00a0\u00bb onclick=\u00a0\u00bblink_image\u00a0\u00bb css=\u00a0\u00bb\u00a0\u00bb el_class=\u00a0\u00bbvc-hover-img\u00a0\u00bb][\/vc_column][vc_column width=\u00a0\u00bb1\/4&Prime;][vc_single_image image=\u00a0\u00bb4567&Prime; img_size=\u00a0\u00bbfull\u00a0\u00bb onclick=\u00a0\u00bblink_image\u00a0\u00bb css=\u00a0\u00bb\u00a0\u00bb el_class=\u00a0\u00bbvc-hover-img\u00a0\u00bb][\/vc_column][vc_column width=\u00a0\u00bb1\/4&Prime;][vc_single_image image=\u00a0\u00bb4566&Prime; img_size=\u00a0\u00bbfull\u00a0\u00bb onclick=\u00a0\u00bblink_image\u00a0\u00bb css=\u00a0\u00bb\u00a0\u00bb el_class=\u00a0\u00bbvc-hover-img\u00a0\u00bb][\/vc_column][\/vc_row][vc_row css=\u00a0\u00bb.vc_custom_1750854269104{margin-bottom: 52px !important;}\u00a0\u00bb][vc_column width=\u00a0\u00bb1\/4&Prime;][vc_single_image image=\u00a0\u00bb3757&Prime; img_size=\u00a0\u00bbfull\u00a0\u00bb onclick=\u00a0\u00bblink_image\u00a0\u00bb css=\u00a0\u00bb\u00a0\u00bb el_class=\u00a0\u00bbvc-hover-img\u00a0\u00bb][\/vc_column][vc_column width=\u00a0\u00bb1\/4&Prime;][vc_single_image image=\u00a0\u00bb3756&Prime; img_size=\u00a0\u00bbfull\u00a0\u00bb onclick=\u00a0\u00bblink_image\u00a0\u00bb css=\u00a0\u00bb\u00a0\u00bb el_class=\u00a0\u00bbvc-hover-img\u00a0\u00bb][\/vc_column][vc_column width=\u00a0\u00bb1\/4&Prime;][vc_single_image image=\u00a0\u00bb3753&Prime; img_size=\u00a0\u00bbfull\u00a0\u00bb onclick=\u00a0\u00bblink_image\u00a0\u00bb css=\u00a0\u00bb\u00a0\u00bb el_class=\u00a0\u00bbvc-hover-img\u00a0\u00bb][\/vc_column][vc_column width=\u00a0\u00bb1\/4&Prime;][vc_single_image image=\u00a0\u00bb4069&Prime; img_size=\u00a0\u00bbfull\u00a0\u00bb onclick=\u00a0\u00bblink_image\u00a0\u00bb css=\u00a0\u00bb\u00a0\u00bb el_class=\u00a0\u00bbvc-hover-img\u00a0\u00bb][\/vc_column][\/vc_row][vc_row css=\u00a0\u00bb.vc_custom_1750854269104{margin-bottom: 52px !important;}\u00a0\u00bb][vc_column width=\u00a0\u00bb1\/4&Prime;][vc_single_image image=\u00a0\u00bb3787&Prime; img_size=\u00a0\u00bbfull\u00a0\u00bb onclick=\u00a0\u00bblink_image\u00a0\u00bb css=\u00a0\u00bb\u00a0\u00bb el_class=\u00a0\u00bbvc-hover-img\u00a0\u00bb][\/vc_column][vc_column width=\u00a0\u00bb1\/4&Prime;][vc_single_image image=\u00a0\u00bb3785&Prime; img_size=\u00a0\u00bbfull\u00a0\u00bb onclick=\u00a0\u00bblink_image\u00a0\u00bb css=\u00a0\u00bb\u00a0\u00bb el_class=\u00a0\u00bbvc-hover-img\u00a0\u00bb][\/vc_column][vc_column width=\u00a0\u00bb1\/4&Prime;][vc_single_image image=\u00a0\u00bb3783&Prime; img_size=\u00a0\u00bbfull\u00a0\u00bb onclick=\u00a0\u00bblink_image\u00a0\u00bb css=\u00a0\u00bb\u00a0\u00bb el_class=\u00a0\u00bbvc-hover-img\u00a0\u00bb][\/vc_column][vc_column width=\u00a0\u00bb1\/4&Prime;][vc_single_image image=\u00a0\u00bb3760&Prime; img_size=\u00a0\u00bbfull\u00a0\u00bb onclick=\u00a0\u00bblink_image\u00a0\u00bb css=\u00a0\u00bb\u00a0\u00bb el_class=\u00a0\u00bbvc-hover-img\u00a0\u00bb][\/vc_column][\/vc_row][vc_row css=\u00a0\u00bb.vc_custom_1750854269104{margin-bottom: 52px !important;}\u00a0\u00bb][vc_column width=\u00a0\u00bb1\/4&Prime;][vc_single_image image=\u00a0\u00bb3903&Prime; img_size=\u00a0\u00bbfull\u00a0\u00bb onclick=\u00a0\u00bblink_image\u00a0\u00bb css=\u00a0\u00bb\u00a0\u00bb el_class=\u00a0\u00bbvc-hover-img\u00a0\u00bb][\/vc_column][vc_column width=\u00a0\u00bb1\/4&Prime;][vc_single_image image=\u00a0\u00bb3888&Prime; img_size=\u00a0\u00bbfull\u00a0\u00bb onclick=\u00a0\u00bblink_image\u00a0\u00bb css=\u00a0\u00bb\u00a0\u00bb el_class=\u00a0\u00bbvc-hover-img\u00a0\u00bb][\/vc_column][vc_column width=\u00a0\u00bb1\/4&Prime;][vc_single_image image=\u00a0\u00bb3869&Prime; img_size=\u00a0\u00bbfull\u00a0\u00bb onclick=\u00a0\u00bblink_image\u00a0\u00bb css=\u00a0\u00bb\u00a0\u00bb el_class=\u00a0\u00bbvc-hover-img\u00a0\u00bb][\/vc_column][vc_column width=\u00a0\u00bb1\/4&Prime;][vc_single_image image=\u00a0\u00bb4066&Prime; img_size=\u00a0\u00bbfull\u00a0\u00bb onclick=\u00a0\u00bblink_image\u00a0\u00bb css=\u00a0\u00bb\u00a0\u00bb el_class=\u00a0\u00bbvc-hover-img\u00a0\u00bb][\/vc_column][\/vc_row][vc_row css=\u00a0\u00bb.vc_custom_1750854269104{margin-bottom: 52px !important;}\u00a0\u00bb][vc_column width=\u00a0\u00bb1\/4&Prime;][vc_single_image image=\u00a0\u00bb4107&Prime; img_size=\u00a0\u00bbfull\u00a0\u00bb onclick=\u00a0\u00bblink_image\u00a0\u00bb css=\u00a0\u00bb\u00a0\u00bb el_class=\u00a0\u00bbvc-hover-img\u00a0\u00bb][\/vc_column][vc_column width=\u00a0\u00bb1\/4&Prime;][vc_single_image image=\u00a0\u00bb4108&Prime; img_size=\u00a0\u00bbfull\u00a0\u00bb onclick=\u00a0\u00bblink_image\u00a0\u00bb css=\u00a0\u00bb\u00a0\u00bb el_class=\u00a0\u00bbvc-hover-img\u00a0\u00bb][\/vc_column][vc_column width=\u00a0\u00bb1\/4&Prime;][vc_single_image image=\u00a0\u00bb4119&Prime; img_size=\u00a0\u00bbfull\u00a0\u00bb onclick=\u00a0\u00bblink_image\u00a0\u00bb css=\u00a0\u00bb\u00a0\u00bb el_class=\u00a0\u00bbvc-hover-img\u00a0\u00bb][\/vc_column][vc_column width=\u00a0\u00bb1\/4&Prime;][vc_single_image image=\u00a0\u00bb4120&Prime; img_size=\u00a0\u00bbfull\u00a0\u00bb onclick=\u00a0\u00bblink_image\u00a0\u00bb css=\u00a0\u00bb\u00a0\u00bb el_class=\u00a0\u00bbvc-hover-img\u00a0\u00bb][\/vc_column][\/vc_row]<\/p>\n<\/div>","protected":false},"excerpt":{"rendered":"<p>[vc_row css=\u00a0\u00bb.vc_custom_1751891640360{margin-bottom: 30px !important;}\u00a0\u00bb][vc_column][vc_column_text css=\u00a0\u00bb\u00a0\u00bb]Situ\u00e9 au c\u0153ur de Kitsilano, Amberdo Caf\u00e9 est un v\u00e9ritable joyau local, servant le meilleur caf\u00e9 dans ce quartier vibrant de Vancouver. Avec son ambiance chaleureuse et accueillante, ses boissons parfaitement pr\u00e9par\u00e9es et ses p\u00e2tisseries d\u00e9licieuses, c&rsquo;est l&rsquo;endroit id\u00e9al pour se d\u00e9tendre, travailler ou retrouver des amis. Que vous ayez envie d&rsquo;un espresso riche ou d&rsquo;un latte cr\u00e9meux, Amberdo Caf\u00e9 offre une exp\u00e9rience inoubliable qui incite les habitants [&hellip;]<\/p>\n","protected":false},"author":1,"featured_media":0,"parent":0,"menu_order":0,"comment_status":"closed","ping_status":"closed","template":"","meta":{"_seopress_robots_primary_cat":"","_seopress_titles_title":"Amberdo Cafe Kitsilano : Meilleur caf\u00e9 et ambiance chaleureuse","_seopress_titles_desc":"D\u00e9couvrez Amberdo Cafe \u00e0 Kitsilano, Vancouver. Profitez du meilleur caf\u00e9, d'une ambiance chaleureuse et de d\u00e9licieuses g\u00e2teries dans les meilleurs caf\u00e9s de Kitsilano. Visitez-nous aujourd'hui !","_seopress_robots_index":"","footnotes":""},"class_list":["post-5806","page","type-page","status-publish","hentry"],"_links":{"self":[{"href":"https:\/\/amberdo.ca\/fr\/wp-json\/wp\/v2\/pages\/5806","targetHints":{"allow":["GET"]}}],"collection":[{"href":"https:\/\/amberdo.ca\/fr\/wp-json\/wp\/v2\/pages"}],"about":[{"href":"https:\/\/amberdo.ca\/fr\/wp-json\/wp\/v2\/types\/page"}],"author":[{"embeddable":true,"href":"https:\/\/amberdo.ca\/fr\/wp-json\/wp\/v2\/users\/1"}],"replies":[{"embeddable":true,"href":"https:\/\/amberdo.ca\/fr\/wp-json\/wp\/v2\/comments?post=5806"}],"version-history":[{"count":3,"href":"https:\/\/amberdo.ca\/fr\/wp-json\/wp\/v2\/pages\/5806\/revisions"}],"predecessor-version":[{"id":5809,"href":"https:\/\/amberdo.ca\/fr\/wp-json\/wp\/v2\/pages\/5806\/revisions\/5809"}],"wp:attachment":[{"href":"https:\/\/amberdo.ca\/fr\/wp-json\/wp\/v2\/media?parent=5806"}],"curies":[{"name":"wp","href":"https:\/\/api.w.org\/{rel}","templated":true}]}}