{"id":5772,"date":"2025-05-28T12:48:34","date_gmt":"2025-05-28T12:48:34","guid":{"rendered":"https:\/\/amberdocafe.ca\/?page_id=5772"},"modified":"2025-07-28T14:09:54","modified_gmt":"2025-07-28T14:09:54","slug":"faq","status":"publish","type":"page","link":"https:\/\/amberdo.ca\/fr\/faq\/","title":{"rendered":"Faq"},"content":{"rendered":"<div class=\"amberdo-faq\">\n<div class=\"faq-item\">\n<h3>1-Quel est le co\u00fbt d&rsquo;ouverture d&rsquo;un caf\u00e9 Amberdo ?<\/h3>\n<p>Le co\u00fbt d&rsquo;ouverture d&rsquo;un caf\u00e9 Amberdo d\u00e9pend de plusieurs facteurs, notamment l&#8217;emplacement, la taille et le design int\u00e9rieur du magasin. Bien que chaque projet soit personnalis\u00e9, l&rsquo;investissement moyen se situe g\u00e9n\u00e9ralement entre 500 000 $ et 1 000 000 $ CAD, incluant l&rsquo;\u00e9quipement, le mobilier, l&rsquo;enseigne, l&rsquo;inventaire initial et les frais de franchise.<\/p>\n<\/div>\n<div class=\"faq-item\">\n<h3>2-Est-ce qu&rsquo;Amberdo Caf\u00e9 choisira l&#8217;emplacement et construira le magasin pour moi ?<\/h3>\n<p>Nous travaillons en \u00e9troite collaboration avec les franchis\u00e9s pour aider \u00e0 s\u00e9lectionner un emplacement \u00e0 fort potentiel qui correspond aux valeurs et \u00e0 l&rsquo;esth\u00e9tique de notre marque. Bien que nous n&rsquo;achetions ni ne louions directement de propri\u00e9t\u00e9s, nous fournissons des conseils professionnels lors de la s\u00e9lection du site, des n\u00e9gociations de bail et du processus de conception du caf\u00e9. Notre \u00e9quipe de design aide \u00e9galement \u00e0 cr\u00e9er l&rsquo;int\u00e9rieur naturel et tranquille qui caract\u00e9rise l&rsquo;exp\u00e9rience Amberdo.<\/p>\n<\/div>\n<div class=\"faq-item\">\n<h3>3-Quelles sont les heures d&rsquo;ouverture du magasin ?<\/h3>\n<p>Les heures d&rsquo;ouverture peuvent varier en fonction de l&#8217;emplacement et de la demande locale, mais la plupart des succursales d&rsquo;Amberdo Caf\u00e9 sont ouvertes de 9 h 00 \u00e0 23 h 00 tous les jours. Les franchis\u00e9s peuvent ajuster les heures d&rsquo;ouverture pour mieux servir leur communaut\u00e9, avec l&rsquo;approbation pr\u00e9alable de notre \u00e9quipe des op\u00e9rations.<\/p>\n<\/div>\n<div class=\"faq-item\">\n<h3>4-Un franchis\u00e9 doit-il avoir une exp\u00e9rience pr\u00e9alable dans la vente au d\u00e9tail de produits alimentaires ?<\/h3>\n<p>Une exp\u00e9rience pr\u00e9alable dans l&rsquo;alimentation ou l&rsquo;hospitalit\u00e9 est utile, mais pas requise. Nous fournissons une formation compl\u00e8te et un soutien pour garantir que des individus passionn\u00e9s et engag\u00e9s \u2014 m\u00eame sans exp\u00e9rience dans le secteur \u2014 puissent g\u00e9rer leur caf\u00e9 avec succ\u00e8s.<\/p>\n<\/div>\n<div class=\"faq-item\">\n<h3>5-Un franchis\u00e9 d&rsquo;Amberdo Caf\u00e9 peut-il poss\u00e9der plus d&rsquo;un emplacement ?<\/h3>\n<p>Oui. Nous encourageons la possession de plusieurs unit\u00e9s pour les franchis\u00e9s qualifi\u00e9s qui d\u00e9montrent une excellence op\u00e9rationnelle et un engagement \u00e0 d\u00e9velopper la marque Amberdo. Des opportunit\u00e9s d&rsquo;expansion sont disponibles pour les partenaires existants qui maintiennent des performances \u00e9lev\u00e9es et la satisfaction des clients.<\/p>\n<\/div>\n<div class=\"faq-item\">\n<h3>6-Quelle formation et quelle assistance \u00e0 l&rsquo;ouverture du magasin sont fournies aux franchis\u00e9s ?<\/h3>\n<p>Chez Amberdo Caf\u00e9, nous offrons un soutien personnalis\u00e9 \u00e0 nos partenaires franchis\u00e9s en fonction de leur niveau d&rsquo;investissement. Nos services de franchise sont con\u00e7us pour assurer un lancement d&rsquo;entreprise fluide et un succ\u00e8s op\u00e9rationnel \u00e0 long terme au Canada.<\/p>\n<ul>\n<li>Consultation d&rsquo;affaires au Canada pour vous aider \u00e0 choisir le bon mod\u00e8le de franchise<\/li>\n<li>Soutien juridique et r\u00e9daction de contrats avec des professionnels agr\u00e9\u00e9s<\/li>\n<li>S\u00e9lection de l&#8217;emplacement et assistance compl\u00e8te pour l&rsquo;obtention des licences dans toutes les provinces canadiennes<\/li>\n<li>Conception int\u00e9rieure et ex\u00e9cution, de la planification en 2D \u00e0 l&rsquo;animation compl\u00e8te en 3D<\/li>\n<li>Recrutement et formation du personnel, y compris les \u00e9quipes de cuisine et d&rsquo;\u00e9v\u00e9nements<\/li>\n<li>D\u00e9veloppement de menus et approvisionnement alimentaire, couvrant le caf\u00e9, les desserts, les salades et les cocktails<\/li>\n<li>Image de marque et identit\u00e9 visuelle, incluant le logo, l&rsquo;enseigne, l&#8217;emballage et la configuration sur Google Maps<\/li>\n<li>Soutien op\u00e9rationnel apr\u00e8s l&rsquo;ouverture (jusqu&rsquo;\u00e0 4 semaines d&rsquo;assistance sur place)<\/li>\n<li>Fourniture d&rsquo;\u00e9quipements de cuisine de marques internationales de premier plan<\/li>\n<li>Planification financi\u00e8re, conseils en assurance et documentation officielle<\/li>\n<li>Mise en place de divertissements (par exemple, musique live) pour les forfaits de niveau premium<\/li>\n<li>Planification de l&rsquo;inventaire initial et am\u00e9nagement de la propri\u00e9t\u00e9 (70 \u00e0 120+ m\u00b2 selon le plan)<\/li>\n<\/ul>\n<p>De plus, notre \u00e9quipe fournit un soutien sur place avant et pendant l&rsquo;ouverture officielle pour garantir un lancement fluide.<\/p>\n<\/div>\n<div class=\"faq-item\">\n<h3>7-Quel niveau de revenus un franchis\u00e9 peut-il esp\u00e9rer gagner ?<\/h3>\n<p>Les revenus varient en fonction de l&#8217;emplacement, de l&rsquo;efficacit\u00e9 op\u00e9rationnelle et des conditions du march\u00e9. Bien que nous ne puissions garantir des niveaux de revenus sp\u00e9cifiques, notre mod\u00e8le est con\u00e7u pour soutenir une rentabilit\u00e9 \u00e0 long terme. Au cours du processus de franchise, nous partageons des rep\u00e8res de performance et vous aidons \u00e0 \u00e9valuer votre plan d&rsquo;affaires de mani\u00e8re r\u00e9aliste.<\/p>\n<\/div>\n<\/div>\n","protected":false},"excerpt":{"rendered":"<p>1-Quel est le co\u00fbt d&rsquo;ouverture d&rsquo;un caf\u00e9 Amberdo ? Le co\u00fbt d&rsquo;ouverture d&rsquo;un caf\u00e9 Amberdo d\u00e9pend de plusieurs facteurs, notamment l&#8217;emplacement, la taille et le design int\u00e9rieur du magasin. Bien que chaque projet soit personnalis\u00e9, l&rsquo;investissement moyen se situe g\u00e9n\u00e9ralement entre 500 000 $ et 1 000 000 $ CAD, incluant l&rsquo;\u00e9quipement, le mobilier, l&rsquo;enseigne, l&rsquo;inventaire initial et les frais de franchise. 2-Est-ce qu&rsquo;Amberdo Caf\u00e9 choisira l&#8217;emplacement et construira le magasin pour [&hellip;]<\/p>\n","protected":false},"author":1,"featured_media":0,"parent":0,"menu_order":0,"comment_status":"closed","ping_status":"closed","template":"","meta":{"_seopress_robots_primary_cat":"","_seopress_titles_title":"","_seopress_titles_desc":"","_seopress_robots_index":"","footnotes":""},"class_list":["post-5772","page","type-page","status-publish","hentry"],"_links":{"self":[{"href":"https:\/\/amberdo.ca\/fr\/wp-json\/wp\/v2\/pages\/5772","targetHints":{"allow":["GET"]}}],"collection":[{"href":"https:\/\/amberdo.ca\/fr\/wp-json\/wp\/v2\/pages"}],"about":[{"href":"https:\/\/amberdo.ca\/fr\/wp-json\/wp\/v2\/types\/page"}],"author":[{"embeddable":true,"href":"https:\/\/amberdo.ca\/fr\/wp-json\/wp\/v2\/users\/1"}],"replies":[{"embeddable":true,"href":"https:\/\/amberdo.ca\/fr\/wp-json\/wp\/v2\/comments?post=5772"}],"version-history":[{"count":5,"href":"https:\/\/amberdo.ca\/fr\/wp-json\/wp\/v2\/pages\/5772\/revisions"}],"predecessor-version":[{"id":5779,"href":"https:\/\/amberdo.ca\/fr\/wp-json\/wp\/v2\/pages\/5772\/revisions\/5779"}],"wp:attachment":[{"href":"https:\/\/amberdo.ca\/fr\/wp-json\/wp\/v2\/media?parent=5772"}],"curies":[{"name":"wp","href":"https:\/\/api.w.org\/{rel}","templated":true}]}}