{"id":5692,"date":"2018-04-02T13:24:19","date_gmt":"2018-04-02T13:24:19","guid":{"rendered":"https:\/\/amberdocafe.ca\/amberdo-cafe\/"},"modified":"2025-11-03T07:26:10","modified_gmt":"2025-11-03T07:26:10","slug":"amberdo-cafe","status":"publish","type":"page","link":"https:\/\/amberdo.ca\/fr\/","title":{"rendered":"Amberdo Caf\u00e9"},"content":{"rendered":"<div class=\"wpb-content-wrapper\"><p>[vc_section full_width=\u00a0\u00bbstretch_row\u00a0\u00bb full_height=\u00a0\u00bbyes\u00a0\u00bb content_placement=\u00a0\u00bbmiddle\u00a0\u00bb parallax=\u00a0\u00bbcontent-moving\u00a0\u00bb parallax_image=\u00a0\u00bb6413&Prime;][vc_row row_content_width=\u00a0\u00bbgrid\u00a0\u00bb][vc_column][vc_column_text css=\u00a0\u00bb\u00a0\u00bb]<\/p>\n<p class=\"main-title\">Caf\u00e9 Artisanal, Enracin\u00e9 dans la Nature<\/p>\n<p class=\"main-desc\">Un joyau de Vancouver, qui m\u00e9lange un caf\u00e9 premium avec une ambiance naturelle. Nous nous d\u00e9veloppons par le biais de la franchise, en offrant un soutien complet pour faire grandir notre marque ensemble.<\/p>\n<p>[\/vc_column_text][\/vc_column][\/vc_row][\/vc_section][vc_row row_content_width=\u00a0\u00bbgrid\u00a0\u00bb][vc_column]<div class=\"eltdf-elements-holder   eltdf-one-column  eltdf-responsive-mode-768 \" ><div class=\"eltdf-eh-item   eltdf-horizontal-alignment-center  \"  data-item-class=\"eltdf-eh-custom-6003\" data-1366-1600=\"0 90px\" data-1024-1366=\"0 90px\" data-768-1024=\"0 0\" data-680-768=\"0 10px\" data-680=\"0 0\">\n\t<div class=\"eltdf-eh-item-inner\">\n\t\t<div class=\"eltdf-eh-item-content eltdf-eh-custom-6003\" >\n\t\t\t[vc_empty_space height=\u00a0\u00bb64px\u00a0\u00bb][vc_single_image image=\u00a0\u00bb644&Prime; img_size=\u00a0\u00bbfull\u00a0\u00bb alignment=\u00a0\u00bbcenter\u00a0\u00bb][vc_empty_space height=\u00a0\u00bb44px\u00a0\u00bb]<div class=\"eltdf-section-title-holder  \" >\n\t<div class=\"eltdf-st-inner\">\n\t\t\t\t\t<h1 class=\"eltdf-st-title\" >\n\t\t\t\tAmberdo Cafe\t\t\t<\/h1>\n\t\t\t\t\t<\/div>\n<\/div>[vc_column_text css=\u00a0\u00bb\u00a0\u00bb]<\/p>\n<p style=\"text-align: center;\">Amberdo Caf\u00e9, une franchise florissante situ\u00e9e au c\u0153ur vibrant de Vancouver sur la c\u00e9l\u00e8bre rue Kitsilano, se distingue comme un joyau pr\u00e9cieux parmi les caf\u00e9s \u00e9clectiques de la ville. Inspir\u00e9 par la s\u00e9r\u00e9nit\u00e9 de la nature, il harmonise le bois, la pierre, la terre et une verdure luxuriante pour cr\u00e9er une retraite tranquille loin de l&rsquo;agitation urbaine.<\/p>\n<p style=\"text-align: center;\">Avec sept ans d&rsquo;une riche histoire, Amberdo est d\u00e9di\u00e9 \u00e0 offrir la meilleure exp\u00e9rience de caf\u00e9, en utilisant des grains de premi\u00e8re qualit\u00e9 et des m\u00e9thodes de pr\u00e9paration m\u00e9ticuleuses. Plus qu&rsquo;un simple caf\u00e9, c&rsquo;est un sanctuaire chaleureux o\u00f9 chaque tasse est un voyage vers la relaxation et la qualit\u00e9.<\/p>\n<p style=\"text-align: center;\">Amberdo invite les passionn\u00e9s \u00e0 rejoindre sa famille de franchis\u00e9s, offrant la chance de poss\u00e9der une partie de ce havre bien-aim\u00e9. Devenez membre d&rsquo;un centre communautaire qui favorise la connexion, la cr\u00e9ativit\u00e9 et le simple plaisir d&rsquo;un moment de caf\u00e9 parfait. Grandissez avec nous, en savourant chaque exp\u00e9rience, une tasse \u00e0 la fois, dans un espace o\u00f9 la nature et l&rsquo;hospitalit\u00e9 s&rsquo;unissent pour cr\u00e9er des souvenirs durables pour tous les visiteurs.<\/p>\n<p>[\/vc_column_text][vc_empty_space height=\u00a0\u00bb120px\u00a0\u00bb]\t\t<\/div>\n\t<\/div>\n<\/div><\/div>[\/vc_column][\/vc_row][vc_row equal_height=\u00a0\u00bbyes\u00a0\u00bb][vc_column width=\u00a0\u00bb1\/2&Prime; css=\u00a0\u00bb.vc_custom_1751373257357{background-color: #002526 !important;}\u00a0\u00bb][vc_row_inner][vc_column_inner width=\u00a0\u00bb1\/4&Prime;][\/vc_column_inner][vc_column_inner el_class=\u00a0\u00bblocation-find\u00a0\u00bb width=\u00a0\u00bb3\/4&Prime; css=\u00a0\u00bb.vc_custom_1749625605946{padding-right: 100px !important;padding-left: 10px !important;}\u00a0\u00bb][vc_empty_space height=\u00a0\u00bb100px\u00a0\u00bb][vc_column_text css=\u00a0\u00bb\u00a0\u00bb]<strong class=\"find-title\">Trouvez un emplacement dans votre quartier<\/strong><\/p>\n<p><span style=\"color: #fffffff0;\">Envie de votre tasse de caf\u00e9 pr\u00e9f\u00e9r\u00e9e ? D\u00e9couvrez la succursale la plus proche de notre caf\u00e9 en un seul clic. Que vous soyez au centre-ville ou en banlieue, il y a toujours un endroit confortable qui vous attend. <\/span><br \/>\n<span style=\"color: #fffffff0;\">tapez ci-dessous pour d\u00e9couvrir tous nos sites.<\/span>[\/vc_column_text][vc_empty_space height=\u00a0\u00bb30px\u00a0\u00bb][vc_btn title=\u00a0\u00bbVoir tous les sites\u00a0\u00bb align=\u00a0\u00bbleft\u00a0\u00bb css=\u00a0\u00bb\u00a0\u00bb link=\u00a0\u00bburl:https%3A%2F%2Famberdo.ca%2Ffr%2Ftous-les-sites%2F|title:opportunit%C3%A9s|\u00a0\u00bb el_class=\u00a0\u00bbFranchise-btn\u00a0\u00bb][vc_empty_space height=\u00a0\u00bb100px\u00a0\u00bb][\/vc_column_inner][\/vc_row_inner][\/vc_column][vc_column width=\u00a0\u00bb1\/2&Prime; css=\u00a0\u00bb.vc_custom_1749630968605{background: #885A4A00 url(https:\/\/amberdo.ca\/wp-content\/uploads\/2025\/01\/photo_2025-01-20_09-44-32.jpg?id=3763) !important;background-position: center !important;background-repeat: no-repeat !important;background-size: cover !important;}\u00a0\u00bb el_class=\u00a0\u00bbmain-location\u00a0\u00bb][\/vc_column][\/vc_row][vc_row el_class=\u00a0\u00bbmain-gallery\u00a0\u00bb][vc_column]<div class=\"eltdf-image-gallery  eltdf-ig-masonry-fixed-type eltdf-no-space  eltdf-image-behavior-lightbox eltdf-image-hover-shader eltdf-ig-masonry-type\">\n\t<div class=\"eltdf-ig-inner eltdf-outer-space eltdf-ig-masonry eltdf-ig-four-columns\">\n\t\t<div class=\"eltdf-ig-grid-sizer\"><\/div>\n\t\t<div class=\"eltdf-ig-grid-gutter\"><\/div>\n\t\t\t\t\t\t\t\t<div class=\"eltdf-ig-image eltdf-item-space eltdf-image-gallery-masonry-fixed eltdf-default-masonry-item\">\n\t\t\t\t<div class=\"eltdf-ig-image-inner\">\n\t\t\t\t\t\t\t\t\t\t\t<a itemprop=\"image\" class=\"eltdf-ig-lightbox\" href=\"https:\/\/amberdo.ca\/wp-content\/uploads\/2024\/05\/amberdo2.jpg\" data-rel=\"prettyPhoto[image_gallery_pretty_photo-908]\" title=\"amberdo2\">\n\t\t\t\t\t\t\t<span class=\"eltdf-ig-lightbox-icon icon_plus\"><\/span>\n\t\t\t\t\t\t\t\t\t\t\t<img loading=\"lazy\" decoding=\"async\" width=\"550\" height=\"550\" src=\"https:\/\/amberdo.ca\/wp-content\/uploads\/2024\/05\/amberdo2-550x550.jpg\" class=\"attachment-corretto_elated_square size-corretto_elated_square\" alt=\"\" srcset=\"https:\/\/amberdo.ca\/wp-content\/uploads\/2024\/05\/amberdo2-550x550.jpg 550w, https:\/\/amberdo.ca\/wp-content\/uploads\/2024\/05\/amberdo2-300x300.jpg 300w, https:\/\/amberdo.ca\/wp-content\/uploads\/2024\/05\/amberdo2-150x150.jpg 150w, https:\/\/amberdo.ca\/wp-content\/uploads\/2024\/05\/amberdo2-768x768.jpg 768w, https:\/\/amberdo.ca\/wp-content\/uploads\/2024\/05\/amberdo2-600x600.jpg 600w, https:\/\/amberdo.ca\/wp-content\/uploads\/2024\/05\/amberdo2-100x100.jpg 100w, https:\/\/amberdo.ca\/wp-content\/uploads\/2024\/05\/amberdo2.jpg 800w\" sizes=\"auto, (max-width: 550px) 100vw, 550px\" \/>\t\t\t\t\t\t\t\t\t\t\t<\/a>\n\t\t\t\t\t\t\t\t\t<\/div>\n\t\t\t<\/div>\n\t\t\t\t\t\t\t\t<div class=\"eltdf-ig-image eltdf-item-space eltdf-image-gallery-masonry-fixed eltdf-default-masonry-item\">\n\t\t\t\t<div class=\"eltdf-ig-image-inner\">\n\t\t\t\t\t\t\t\t\t\t\t<a itemprop=\"image\" class=\"eltdf-ig-lightbox\" href=\"https:\/\/amberdo.ca\/wp-content\/uploads\/2024\/05\/amberdo3.jpg\" data-rel=\"prettyPhoto[image_gallery_pretty_photo-908]\" title=\"amberdo3\">\n\t\t\t\t\t\t\t<span class=\"eltdf-ig-lightbox-icon icon_plus\"><\/span>\n\t\t\t\t\t\t\t\t\t\t\t<img loading=\"lazy\" decoding=\"async\" width=\"550\" height=\"550\" src=\"https:\/\/amberdo.ca\/wp-content\/uploads\/2024\/05\/amberdo3-550x550.jpg\" class=\"attachment-corretto_elated_square size-corretto_elated_square\" alt=\"\" srcset=\"https:\/\/amberdo.ca\/wp-content\/uploads\/2024\/05\/amberdo3-550x550.jpg 550w, https:\/\/amberdo.ca\/wp-content\/uploads\/2024\/05\/amberdo3-300x300.jpg 300w, https:\/\/amberdo.ca\/wp-content\/uploads\/2024\/05\/amberdo3-150x150.jpg 150w, https:\/\/amberdo.ca\/wp-content\/uploads\/2024\/05\/amberdo3-768x768.jpg 768w, https:\/\/amberdo.ca\/wp-content\/uploads\/2024\/05\/amberdo3-600x600.jpg 600w, https:\/\/amberdo.ca\/wp-content\/uploads\/2024\/05\/amberdo3-100x100.jpg 100w, https:\/\/amberdo.ca\/wp-content\/uploads\/2024\/05\/amberdo3.jpg 800w\" sizes=\"auto, (max-width: 550px) 100vw, 550px\" \/>\t\t\t\t\t\t\t\t\t\t\t<\/a>\n\t\t\t\t\t\t\t\t\t<\/div>\n\t\t\t<\/div>\n\t\t\t\t\t\t\t\t<div class=\"eltdf-ig-image eltdf-item-space eltdf-image-gallery-masonry-fixed eltdf-default-masonry-item\">\n\t\t\t\t<div class=\"eltdf-ig-image-inner\">\n\t\t\t\t\t\t\t\t\t\t\t<a itemprop=\"image\" class=\"eltdf-ig-lightbox\" href=\"https:\/\/amberdo.ca\/wp-content\/uploads\/2024\/05\/amberdo4.jpg\" data-rel=\"prettyPhoto[image_gallery_pretty_photo-908]\" title=\"amberdo4\">\n\t\t\t\t\t\t\t<span class=\"eltdf-ig-lightbox-icon icon_plus\"><\/span>\n\t\t\t\t\t\t\t\t\t\t\t<img loading=\"lazy\" decoding=\"async\" width=\"550\" height=\"550\" src=\"https:\/\/amberdo.ca\/wp-content\/uploads\/2024\/05\/amberdo4-550x550.jpg\" class=\"attachment-corretto_elated_square size-corretto_elated_square\" alt=\"\" srcset=\"https:\/\/amberdo.ca\/wp-content\/uploads\/2024\/05\/amberdo4-550x550.jpg 550w, https:\/\/amberdo.ca\/wp-content\/uploads\/2024\/05\/amberdo4-300x300.jpg 300w, https:\/\/amberdo.ca\/wp-content\/uploads\/2024\/05\/amberdo4-150x150.jpg 150w, https:\/\/amberdo.ca\/wp-content\/uploads\/2024\/05\/amberdo4-768x768.jpg 768w, https:\/\/amberdo.ca\/wp-content\/uploads\/2024\/05\/amberdo4-600x600.jpg 600w, https:\/\/amberdo.ca\/wp-content\/uploads\/2024\/05\/amberdo4-100x100.jpg 100w, https:\/\/amberdo.ca\/wp-content\/uploads\/2024\/05\/amberdo4.jpg 800w\" sizes=\"auto, (max-width: 550px) 100vw, 550px\" \/>\t\t\t\t\t\t\t\t\t\t\t<\/a>\n\t\t\t\t\t\t\t\t\t<\/div>\n\t\t\t<\/div>\n\t\t\t\t\t\t\t\t<div class=\"eltdf-ig-image eltdf-item-space eltdf-image-gallery-masonry-fixed eltdf-default-masonry-item\">\n\t\t\t\t<div class=\"eltdf-ig-image-inner\">\n\t\t\t\t\t\t\t\t\t\t\t<a itemprop=\"image\" class=\"eltdf-ig-lightbox\" href=\"https:\/\/amberdo.ca\/wp-content\/uploads\/2024\/05\/amberdo.jpg\" data-rel=\"prettyPhoto[image_gallery_pretty_photo-908]\" title=\"amberdo\">\n\t\t\t\t\t\t\t<span class=\"eltdf-ig-lightbox-icon icon_plus\"><\/span>\n\t\t\t\t\t\t\t\t\t\t\t<img loading=\"lazy\" decoding=\"async\" width=\"550\" height=\"550\" src=\"https:\/\/amberdo.ca\/wp-content\/uploads\/2024\/05\/amberdo-550x550.jpg\" class=\"attachment-corretto_elated_square size-corretto_elated_square\" alt=\"\" srcset=\"https:\/\/amberdo.ca\/wp-content\/uploads\/2024\/05\/amberdo-550x550.jpg 550w, https:\/\/amberdo.ca\/wp-content\/uploads\/2024\/05\/amberdo-300x300.jpg 300w, https:\/\/amberdo.ca\/wp-content\/uploads\/2024\/05\/amberdo-150x150.jpg 150w, https:\/\/amberdo.ca\/wp-content\/uploads\/2024\/05\/amberdo-768x768.jpg 768w, https:\/\/amberdo.ca\/wp-content\/uploads\/2024\/05\/amberdo-600x600.jpg 600w, https:\/\/amberdo.ca\/wp-content\/uploads\/2024\/05\/amberdo-100x100.jpg 100w, https:\/\/amberdo.ca\/wp-content\/uploads\/2024\/05\/amberdo.jpg 800w\" sizes=\"auto, (max-width: 550px) 100vw, 550px\" \/>\t\t\t\t\t\t\t\t\t\t\t<\/a>\n\t\t\t\t\t\t\t\t\t<\/div>\n\t\t\t<\/div>\n\t\t\t<\/div>\n<\/div>[\/vc_column][\/vc_row][vc_row row_content_width=\u00a0\u00bbgrid\u00a0\u00bb css=\u00a0\u00bb.vc_custom_1751373423785{padding-top: 180px !important;padding-bottom: 180px !important;}\u00a0\u00bb el_class=\u00a0\u00bbFranchise-div\u00a0\u00bb simple_background_color=\u00a0\u00bb#EBE2D1&Prime;][vc_column offset=\u00a0\u00bbvc_col-lg-11 vc_col-md-12 vc_col-xs-12&Prime;]<div class=\"eltdf-elements-holder   eltdf-one-column  eltdf-responsive-mode-768 \" ><div class=\"eltdf-eh-item     \"  data-item-class=\"eltdf-eh-custom-8792\">\n\t<div class=\"eltdf-eh-item-inner\">\n\t\t<div class=\"eltdf-eh-item-content eltdf-eh-custom-8792\" >\n\t\t\t<div class=\"eltdf-section-title-holder  \" >\n\t<div class=\"eltdf-st-inner\">\n\t\t\t\t\t<h2 class=\"eltdf-st-title\" style=\"color: #002526\">\n\t\t\t\tStart your journey with a caf\u00e9 Franchise\t\t\t<\/h2>\n\t\t\t\t\t<\/div>\n<\/div><div class=\"eltdf-separator-holder clearfix  eltdf-separator-center \" style=\"margin-top: 13px;margin-bottom: 22px\">\n\t\t<div class=\"eltdf-separator\" ><\/div>\n\t\t\t<span class=\"eltdf-separator-icon\" >\n\t\t\t<img loading=\"lazy\" decoding=\"async\" width=\"189\" height=\"24\" src=\"https:\/\/amberdo.ca\/wp-content\/uploads\/2018\/04\/title-separator.png\" class=\"attachment-full size-full\" alt=\"s\" \/>\t\t<\/span>\n\t\t\t\t\t<div class=\"eltdf-separator\" ><\/div>\n\t\t\t<\/div>\n[vc_btn title=\u00a0\u00bbD\u00c9MARRAGE\u00a0\u00bb css=\u00a0\u00bb\u00a0\u00bb link=\u00a0\u00bburl:https%3A%2F%2Famberdo.ca%2Ffr%2Fopportunites%2F|title:opportunit%C3%A9s|\u00a0\u00bb el_class=\u00a0\u00bbFranchise-btn1&Prime;]\t\t<\/div>\n\t<\/div>\n<\/div><\/div>[\/vc_column][\/vc_row][vc_row equal_height=\u00a0\u00bbyes\u00a0\u00bb content_placement=\u00a0\u00bbmiddle\u00a0\u00bb content_text_aligment=\u00a0\u00bbcenter\u00a0\u00bb css=\u00a0\u00bb.vc_custom_1749630221407{margin-top: 0px !important;margin-right: 0px !important;margin-bottom: 0px !important;margin-left: 0px !important;}\u00a0\u00bb][vc_column width=\u00a0\u00bb1\/2&Prime; css=\u00a0\u00bb.vc_custom_1523961378958{padding-top: 0px !important;padding-right: 0px !important;padding-bottom: 0px !important;padding-left: 0px !important;}\u00a0\u00bb offset=\u00a0\u00bbvc_col-lg-3 vc_col-md-6 vc_col-xs-12&Prime;]<div class=\"eltdf-single-image-holder   \">\n    <div class=\"eltdf-si-inner\" >\n                                    <img loading=\"lazy\" decoding=\"async\" width=\"800\" height=\"800\" src=\"https:\/\/amberdo.ca\/wp-content\/uploads\/2024\/04\/2.jpg\" class=\"attachment-full size-full\" alt=\"\" srcset=\"https:\/\/amberdo.ca\/wp-content\/uploads\/2024\/04\/2.jpg 800w, https:\/\/amberdo.ca\/wp-content\/uploads\/2024\/04\/2-300x300.jpg 300w, https:\/\/amberdo.ca\/wp-content\/uploads\/2024\/04\/2-150x150.jpg 150w, https:\/\/amberdo.ca\/wp-content\/uploads\/2024\/04\/2-768x768.jpg 768w, https:\/\/amberdo.ca\/wp-content\/uploads\/2024\/04\/2-550x550.jpg 550w, https:\/\/amberdo.ca\/wp-content\/uploads\/2024\/04\/2-600x600.jpg 600w, https:\/\/amberdo.ca\/wp-content\/uploads\/2024\/04\/2-100x100.jpg 100w\" sizes=\"auto, (max-width: 800px) 100vw, 800px\" \/>                        <\/div>\n<\/div>[\/vc_column][vc_column width=\u00a0\u00bb1\/2&Prime; css=\u00a0\u00bb.vc_custom_1762154709535{padding-top: 0px !important;padding-right: 0px !important;padding-bottom: 0px !important;padding-left: 0px !important;background-position: center !important;background-repeat: no-repeat !important;background-size: cover !important;}\u00a0\u00bb offset=\u00a0\u00bbvc_col-lg-3 vc_col-md-6 vc_col-xs-12&Prime;]<div class=\"eltdf-single-image-holder   \">\n    <div class=\"eltdf-si-inner\" >\n                                    <img loading=\"lazy\" decoding=\"async\" width=\"800\" height=\"800\" src=\"https:\/\/amberdo.ca\/wp-content\/uploads\/2024\/05\/amberdo7.jpg\" class=\"attachment-full size-full\" alt=\"\" srcset=\"https:\/\/amberdo.ca\/wp-content\/uploads\/2024\/05\/amberdo7.jpg 800w, https:\/\/amberdo.ca\/wp-content\/uploads\/2024\/05\/amberdo7-300x300.jpg 300w, https:\/\/amberdo.ca\/wp-content\/uploads\/2024\/05\/amberdo7-150x150.jpg 150w, https:\/\/amberdo.ca\/wp-content\/uploads\/2024\/05\/amberdo7-768x768.jpg 768w, https:\/\/amberdo.ca\/wp-content\/uploads\/2024\/05\/amberdo7-550x550.jpg 550w, https:\/\/amberdo.ca\/wp-content\/uploads\/2024\/05\/amberdo7-600x600.jpg 600w, https:\/\/amberdo.ca\/wp-content\/uploads\/2024\/05\/amberdo7-100x100.jpg 100w\" sizes=\"auto, (max-width: 800px) 100vw, 800px\" \/>                        <\/div>\n<\/div>[\/vc_column][vc_column width=\u00a0\u00bb1\/2&Prime; css=\u00a0\u00bb.vc_custom_1523961421886{padding-top: 0px !important;padding-right: 0px !important;padding-bottom: 0px !important;padding-left: 0px !important;}\u00a0\u00bb offset=\u00a0\u00bbvc_col-lg-3 vc_col-md-6 vc_col-xs-12&Prime;]<div class=\"eltdf-single-image-holder   \">\n    <div class=\"eltdf-si-inner\" >\n                                    <img loading=\"lazy\" decoding=\"async\" width=\"800\" height=\"800\" src=\"https:\/\/amberdo.ca\/wp-content\/uploads\/2024\/05\/amberdo8.jpg\" class=\"attachment-full size-full\" alt=\"\" srcset=\"https:\/\/amberdo.ca\/wp-content\/uploads\/2024\/05\/amberdo8.jpg 800w, https:\/\/amberdo.ca\/wp-content\/uploads\/2024\/05\/amberdo8-300x300.jpg 300w, https:\/\/amberdo.ca\/wp-content\/uploads\/2024\/05\/amberdo8-150x150.jpg 150w, https:\/\/amberdo.ca\/wp-content\/uploads\/2024\/05\/amberdo8-768x768.jpg 768w, https:\/\/amberdo.ca\/wp-content\/uploads\/2024\/05\/amberdo8-550x550.jpg 550w, https:\/\/amberdo.ca\/wp-content\/uploads\/2024\/05\/amberdo8-600x600.jpg 600w, https:\/\/amberdo.ca\/wp-content\/uploads\/2024\/05\/amberdo8-100x100.jpg 100w\" sizes=\"auto, (max-width: 800px) 100vw, 800px\" \/>                        <\/div>\n<\/div>[\/vc_column][vc_column width=\u00a0\u00bb1\/2&Prime; css=\u00a0\u00bb.vc_custom_1523961414772{padding-top: 0px !important;padding-right: 0px !important;padding-bottom: 0px !important;padding-left: 0px !important;}\u00a0\u00bb offset=\u00a0\u00bbvc_col-lg-3 vc_col-md-6 vc_col-xs-12&Prime;]<div class=\"eltdf-single-image-holder   \">\n    <div class=\"eltdf-si-inner\" >\n                                    <img loading=\"lazy\" decoding=\"async\" width=\"800\" height=\"800\" src=\"https:\/\/amberdo.ca\/wp-content\/uploads\/2024\/05\/amberdo5.jpg\" class=\"attachment-full size-full\" alt=\"\" srcset=\"https:\/\/amberdo.ca\/wp-content\/uploads\/2024\/05\/amberdo5.jpg 800w, https:\/\/amberdo.ca\/wp-content\/uploads\/2024\/05\/amberdo5-300x300.jpg 300w, https:\/\/amberdo.ca\/wp-content\/uploads\/2024\/05\/amberdo5-150x150.jpg 150w, https:\/\/amberdo.ca\/wp-content\/uploads\/2024\/05\/amberdo5-768x768.jpg 768w, https:\/\/amberdo.ca\/wp-content\/uploads\/2024\/05\/amberdo5-550x550.jpg 550w, https:\/\/amberdo.ca\/wp-content\/uploads\/2024\/05\/amberdo5-600x600.jpg 600w, https:\/\/amberdo.ca\/wp-content\/uploads\/2024\/05\/amberdo5-100x100.jpg 100w\" sizes=\"auto, (max-width: 800px) 100vw, 800px\" \/>                        <\/div>\n<\/div>[\/vc_column][\/vc_row][vc_row row_content_width=\u00a0\u00bbgrid\u00a0\u00bb css=\u00a0\u00bb.vc_custom_1751969544576{margin-top: 120px !important;margin-bottom: 70px !important;}\u00a0\u00bb][vc_column][vc_single_image image=\u00a0\u00bb4390&Prime; img_size=\u00a0\u00bb217&Prime; alignment=\u00a0\u00bbcenter\u00a0\u00bb css=\u00a0\u00bb\u00a0\u00bb][vc_column_text css=\u00a0\u00bb\u00a0\u00bb]<\/p>\n<h2 style=\"text-align: center;\"><strong>Franchise de caf\u00e9 au Canada<\/strong><\/h2>\n<p>[\/vc_column_text][vc_column_text css=\u00a0\u00bb\u00a0\u00bb]<\/p>\n<p style=\"text-align: center;\">Amberdo Caf\u00e9, une marque bien \u00e9tablie et appr\u00e9ci\u00e9e, offre d\u00e9sormais des opportunit\u00e9s de franchise pour \u00e9largir sa famille de partenaires. Rejoignez-nous pour b\u00e9n\u00e9ficier d&rsquo;un succ\u00e8s prouv\u00e9, d&rsquo;op\u00e9rations standardis\u00e9es, d&rsquo;une formation compl\u00e8te et d&rsquo;un soutien continu \u2014 tout con\u00e7u pour vous aider \u00e0 construire une entreprise rentable et durable. Ne manquez pas votre chance de commencer votre chemin vers le succ\u00e8s avec Amberdo Caf\u00e9 d\u00e8s aujourd&rsquo;hui !<\/p>\n<p>[\/vc_column_text][\/vc_column][\/vc_row][vc_row equal_height=\u00a0\u00bbyes\u00a0\u00bb css=\u00a0\u00bb.vc_custom_1757426398930{padding-right: 20px !important;padding-left: 20px !important;}\u00a0\u00bb][vc_column css=\u00a0\u00bb.vc_custom_1756990672950{background-color: #885A4A00 !important;background-position: center !important;background-repeat: no-repeat !important;background-size: cover !important;}\u00a0\u00bb][vc_basic_grid post_type=\u00a0\u00bbpost\u00a0\u00bb max_items=\u00a0\u00bb3&Prime; css=\u00a0\u00bb\u00a0\u00bb grid_id=\u00a0\u00bbvc_gid:1762154651464-5c343a03-9c94-6&Prime; taxonomies=\u00a0\u00bb124&Prime; el_class=\u00a0\u00bbnews-block\u00a0\u00bb][\/vc_column][\/vc_row][vc_row][vc_column][vc_empty_space height=\u00a0\u00bb52px\u00a0\u00bb][\/vc_column][\/vc_row][vc_row css=\u00a0\u00bb.vc_custom_1749458034472{margin-top: 50px !important;}\u00a0\u00bb][vc_column width=\u00a0\u00bb1\/3&Prime; el_class=\u00a0\u00bbmain-box main-box-1&Prime;][vc_column_text]\u00c9tapes vers<br \/>\nla propri\u00e9t\u00e9[\/vc_column_text][vc_btn title=\u00a0\u00bbEN SAVOIR PLUS\u00a0\u00bb link=\u00a0\u00bburl:https%3A%2F%2Famberdo.ca%2Ffr%2Fvotre-parcours-pour-devenir-proprietaire-dun-cafe-amberdo%2F|title:Les%20%C3%A9tapes%20de%20la%20propri%C3%A9t%C3%A9|\u00a0\u00bb][\/vc_column][vc_column width=\u00a0\u00bb1\/3&Prime; el_class=\u00a0\u00bbmain-box main-box-2&Prime;][vc_column_text css=\u00a0\u00bb\u00a0\u00bb]Formations<br \/>\net soutien[\/vc_column_text][vc_btn title=\u00a0\u00bbEN SAVOIR PLUS\u00a0\u00bb link=\u00a0\u00bburl:https%3A%2F%2Famberdo.ca%2Ffr%2Fformation-et-soutien-continu%2F|title:soutien%20%C3%A0%20la%20formation|\u00a0\u00bb][\/vc_column][vc_column width=\u00a0\u00bb1\/3&Prime; el_class=\u00a0\u00bbmain-box main-box-3&Prime;][vc_column_text]Franchise<br \/>\nF.A.Q[\/vc_column_text][vc_btn title=\u00a0\u00bbEN SAVOIR PLUS\u00a0\u00bb link=\u00a0\u00bburl:https%3A%2F%2Famberdo.ca%2Ffr%2Ffaq%2F|title:FAQ%20sur%20le%20franchisage|\u00a0\u00bb][\/vc_column][\/vc_row]<\/p>\n<\/div>","protected":false},"excerpt":{"rendered":"<p>[vc_section full_width=\u00a0\u00bbstretch_row\u00a0\u00bb full_height=\u00a0\u00bbyes\u00a0\u00bb content_placement=\u00a0\u00bbmiddle\u00a0\u00bb parallax=\u00a0\u00bbcontent-moving\u00a0\u00bb parallax_image=\u00a0\u00bb6413&Prime;][vc_row row_content_width=\u00a0\u00bbgrid\u00a0\u00bb][vc_column][vc_column_text css=\u00a0\u00bb\u00a0\u00bb] Caf\u00e9 Artisanal, Enracin\u00e9 dans la Nature Un joyau de Vancouver, qui m\u00e9lange un caf\u00e9 premium avec une ambiance naturelle. Nous nous d\u00e9veloppons par le biais de la franchise, en offrant un soutien complet pour faire grandir notre marque ensemble. [\/vc_column_text][\/vc_column][\/vc_row][\/vc_section][vc_row row_content_width=\u00a0\u00bbgrid\u00a0\u00bb][vc_column][\/vc_column][\/vc_row][vc_row equal_height=\u00a0\u00bbyes\u00a0\u00bb][vc_column width=\u00a0\u00bb1\/2&Prime; css=\u00a0\u00bb.vc_custom_1751373257357{background-color: #002526 !important;}\u00a0\u00bb][vc_row_inner][vc_column_inner width=\u00a0\u00bb1\/4&Prime;][\/vc_column_inner][vc_column_inner el_class=\u00a0\u00bblocation-find\u00a0\u00bb width=\u00a0\u00bb3\/4&Prime; css=\u00a0\u00bb.vc_custom_1749625605946{padding-right: 100px !important;padding-left: 10px !important;}\u00a0\u00bb][vc_empty_space height=\u00a0\u00bb100px\u00a0\u00bb][vc_column_text css=\u00a0\u00bb\u00a0\u00bb]Trouvez un emplacement dans votre quartier Envie de votre [&hellip;]<\/p>\n","protected":false},"author":1,"featured_media":0,"parent":0,"menu_order":0,"comment_status":"closed","ping_status":"closed","template":"full-width.php","meta":{"_seopress_robots_primary_cat":"","_seopress_titles_title":"Amberdo Cafe | Coffee Shop \u00e0 Vancouver","_seopress_titles_desc":"Amberdo Caf\u00e9 Savourez un caf\u00e9 torr\u00e9fi\u00e9 \u00e0 Vancouver, une ambiance chaleureuse et des g\u00e2teries \u00e9cologiques. Nous vous attendons dans le meilleur caf\u00e9 de Vancouver.","_seopress_robots_index":"","footnotes":""},"class_list":["post-5692","page","type-page","status-publish","hentry"],"_links":{"self":[{"href":"https:\/\/amberdo.ca\/fr\/wp-json\/wp\/v2\/pages\/5692","targetHints":{"allow":["GET"]}}],"collection":[{"href":"https:\/\/amberdo.ca\/fr\/wp-json\/wp\/v2\/pages"}],"about":[{"href":"https:\/\/amberdo.ca\/fr\/wp-json\/wp\/v2\/types\/page"}],"author":[{"embeddable":true,"href":"https:\/\/amberdo.ca\/fr\/wp-json\/wp\/v2\/users\/1"}],"replies":[{"embeddable":true,"href":"https:\/\/amberdo.ca\/fr\/wp-json\/wp\/v2\/comments?post=5692"}],"version-history":[{"count":25,"href":"https:\/\/amberdo.ca\/fr\/wp-json\/wp\/v2\/pages\/5692\/revisions"}],"predecessor-version":[{"id":7679,"href":"https:\/\/amberdo.ca\/fr\/wp-json\/wp\/v2\/pages\/5692\/revisions\/7679"}],"wp:attachment":[{"href":"https:\/\/amberdo.ca\/fr\/wp-json\/wp\/v2\/media?parent=5692"}],"curies":[{"name":"wp","href":"https:\/\/api.w.org\/{rel}","templated":true}]}}