{"id":9572,"date":"2026-03-25T08:27:54","date_gmt":"2026-03-25T08:27:54","guid":{"rendered":"https:\/\/amberdo.ca\/sucursal-burrard\/"},"modified":"2026-03-26T08:16:53","modified_gmt":"2026-03-26T08:16:53","slug":"sucursal-burrard","status":"publish","type":"page","link":"https:\/\/amberdo.ca\/es\/sucursal-burrard\/","title":{"rendered":"Sucursal Burrard"},"content":{"rendered":"<div class=\"wpb-content-wrapper\"><p>[vc_row][vc_column][vc_column_text css=\u00bb\u00bb]Caf\u00e8 Amberdo se expande una vez m\u00e1s \u2014 esta vez hacia uno de los corredores m\u00e1s concurridos y vibrantes de Vancouver: la calle Burrard.<\/p>\n<p>Nuestra futura ubicaci\u00f3n en Burrard est\u00e1 actualmente en preparaci\u00f3n y estamos incre\u00edblemente emocionados de llevar la experiencia de caf\u00e9 Amberdo a esta parte din\u00e1mica y c\u00e9ntrica de la ciudad. Con su ubicaci\u00f3n privilegiada, alto tr\u00e1fico peatonal y excelente accesibilidad, Burrard es el lugar perfecto para nuestra nueva sucursal. <\/p>\n<p>Esta ubicaci\u00f3n combinar\u00e1 la est\u00e9tica moderna caracter\u00edstica de Amberdo con la energ\u00eda y el car\u00e1cter de Burrard, creando un espacio fresco, contempor\u00e1neo y profundamente arraigado en el tejido urbano de Vancouver.<\/p>\n<p><strong>\ud83d\udccd Direcci\u00f3n: 1306 Burrard St., Vancouver, BC V6Z 2B8<\/strong><br \/>[\/vc_column_text][vc_empty_space][vc_gmaps link=\u00bb#E-8_JTNDaWZyYW1lJTIwc3JjJTNEJTIyaHR0cHMlM0ElMkYlMkZ3d3cuZ29vZ2xlLmNvbSUyRm1hcHMlMkZlbWJlZCUzRnBiJTNEJTIxMW0xOCUyMTFtMTIlMjExbTMlMjExZDI2MDIuOTI5ODIyNTE1MTU2NSUyMTJkLTEyMy4xMjgzMDk4NzY4ODQ4MyUyMTNkNDkuMjc3NzI2OTcxMTA0NTM1JTIxMm0zJTIxMWYwJTIxMmYwJTIxM2YwJTIxM20yJTIxMWkxMDI0JTIxMmk3NjglMjE0ZjEzLjElMjEzbTMlMjExbTIlMjExczB4NTQ4NjczZDM3MjM4NGUyNSUyNTNBMHhjZDBkMDUzODU3NmY3MzI4JTIxMnpNVE13TmlCQ2RYSnlZWEprSUZOMExDQldZVzVqYjNWMlpYSXNJRUpESUZZMldpQXlRampZakNEYXFkaW4yWWJZcDlpdjJLYyUyMTVlMCUyMTNtMiUyMTFzZmElMjEycyUyMTR2MTc3NDQyMzU3Mzk3MyUyMTVtMiUyMTFzZmElMjEycyUyMiUyMHdpZHRoJTNEJTIyNjAwJTIyJTIwaGVpZ2h0JTNEJTIyNDUwJTIyJTIwc3R5bGUlM0QlMjJib3JkZXIlM0EwJTNCJTIyJTIwYWxsb3dmdWxsc2NyZWVuJTNEJTIyJTIyJTIwbG9hZGluZyUzRCUyMmxhenklMjIlMjByZWZlcnJlcnBvbGljeSUzRCUyMm5vLXJlZmVycmVyLXdoZW4tZG93bmdyYWRlJTIyJTNFJTNDJTJGaWZyYW1lJTNF\u00bb css=\u00bb\u00bb][vc_empty_space][vc_raw_html css=\u00bb\u00bb]PGgyPjxzdHJvbmc+VW4gZXNwYWNpbyBkaXNlw7FhZG8gcGFyYSBlbCBiYXJyaW88L3N0cm9uZz48L2gyPg==[\/vc_raw_html][vc_column_text css=\u00bb\u00bb]La sucursal Burrard ha sido dise\u00f1ada con esmero para honrar la identidad de Amberdo mientras se adapta perfectamente al esp\u00edritu moderno, profesional y en\u00e9rgico de la zona. Espera un espacio c\u00e1lido y contempor\u00e1neo con asientos c\u00f3modos, texturas naturales y una distribuci\u00f3n que funciona igual de bien para un caf\u00e9 r\u00e1pido por la ma\u00f1ana o para una estancia m\u00e1s relajada y prolongada. <\/p>\n<p>Ya sea que vayas al trabajo, explores el centro o te re\u00fanas con amigos, esta sucursal se convertir\u00e1 en tu lugar favorito para detenerte y recargar energ\u00edas.[\/vc_column_text][vc_empty_space][vc_raw_html css=\u00bb\u00bb]PGgyPjxzdHJvbmc+VmlzdGEgcHJldmlhIGRlbCBjb25jZXB0byBpbnRlcmlvcjwvc3Ryb25nPjwvaDI+[\/vc_raw_html][vc_column_text css=\u00bb\u00bb]Un primer vistazo a la direcci\u00f3n de dise\u00f1o para Amberdo Burrard. El objetivo: confort moderno con detalles refinados que reflejen el car\u00e1cter del barrio.[\/vc_column_text][vc_empty_space][\/vc_column][\/vc_row][vc_row][vc_column width=\u00bb1\/4&#8243;][vc_single_image image=\u00bb9449&#8243; img_size=\u00bbfull\u00bb alignment=\u00bbcenter\u00bb onclick=\u00bbimg_link_large\u00bb css=\u00bb\u00bb el_class=\u00bbvc-hover-img\u00bb][\/vc_column][vc_column width=\u00bb1\/4&#8243;][vc_single_image image=\u00bb9455&#8243; img_size=\u00bbfull\u00bb alignment=\u00bbcenter\u00bb onclick=\u00bbimg_link_large\u00bb css=\u00bb\u00bb el_class=\u00bbvc-hover-img\u00bb][\/vc_column][vc_column width=\u00bb1\/4&#8243;][vc_single_image image=\u00bb9461&#8243; img_size=\u00bbfull\u00bb alignment=\u00bbcenter\u00bb onclick=\u00bbimg_link_large\u00bb css=\u00bb\u00bb el_class=\u00bbvc-hover-img\u00bb][\/vc_column][vc_column width=\u00bb1\/4&#8243;][vc_single_image image=\u00bb9467&#8243; img_size=\u00bbfull\u00bb alignment=\u00bbcenter\u00bb onclick=\u00bbimg_link_large\u00bb css=\u00bb\u00bb el_class=\u00bbvc-hover-img\u00bb][\/vc_column][\/vc_row][vc_row][vc_column width=\u00bb1\/4&#8243;][vc_single_image image=\u00bb9473&#8243; img_size=\u00bbfull\u00bb alignment=\u00bbcenter\u00bb onclick=\u00bbimg_link_large\u00bb css=\u00bb\u00bb el_class=\u00bbvc-hover-img\u00bb][\/vc_column][vc_column width=\u00bb1\/4&#8243;][vc_single_image image=\u00bb9479&#8243; img_size=\u00bbfull\u00bb alignment=\u00bbcenter\u00bb onclick=\u00bbimg_link_large\u00bb css=\u00bb\u00bb el_class=\u00bbvc-hover-img\u00bb][\/vc_column][vc_column width=\u00bb1\/4&#8243;][vc_single_image image=\u00bb9485&#8243; img_size=\u00bbfull\u00bb alignment=\u00bbcenter\u00bb onclick=\u00bbimg_link_large\u00bb css=\u00bb\u00bb el_class=\u00bbvc-hover-img\u00bb][\/vc_column][vc_column width=\u00bb1\/4&#8243;][vc_single_image image=\u00bb9491&#8243; img_size=\u00bbfull\u00bb alignment=\u00bbcenter\u00bb onclick=\u00bbimg_link_large\u00bb css=\u00bb\u00bb el_class=\u00bbvc-hover-img\u00bb][\/vc_column][\/vc_row][vc_row][vc_column][vc_empty_space][vc_raw_html css=\u00bb\u00bb]PGgyPjxzdHJvbmc+RGlzdHJpYnVjacOzbiBpbnRlbGlnZW50ZSBwYXJhIHVuYSBtZWpvciBleHBlcmllbmNpYTwvc3Ryb25nPjwvaDI+[\/vc_raw_html][vc_column_text css=\u00bb\u00bb]La sucursal Burrard se est\u00e1 construyendo con gran atenci\u00f3n al flujo de clientes y su comodidad. Desde el mostrador de pedidos hasta las zonas de asientos, todo est\u00e1 dise\u00f1ado para que incluso en las horas pico, tu visita sea fluida, f\u00e1cil y agradable.[\/vc_column_text][\/vc_column][\/vc_row][vc_row][vc_column width=\u00bb1\/4&#8243;][vc_single_image image=\u00bb9497&#8243; img_size=\u00bbfull\u00bb alignment=\u00bbcenter\u00bb onclick=\u00bbimg_link_large\u00bb css=\u00bb\u00bb][\/vc_column][vc_column width=\u00bb1\/4&#8243;][vc_single_image image=\u00bb9503&#8243; img_size=\u00bbfull\u00bb alignment=\u00bbcenter\u00bb onclick=\u00bbimg_link_large\u00bb css=\u00bb\u00bb][\/vc_column][vc_column width=\u00bb1\/4&#8243;][vc_single_image image=\u00bb9509&#8243; img_size=\u00bbfull\u00bb alignment=\u00bbcenter\u00bb onclick=\u00bbimg_link_large\u00bb css=\u00bb\u00bb][\/vc_column][vc_column width=\u00bb1\/4&#8243;][vc_single_image image=\u00bb9515&#8243; img_size=\u00bbfull\u00bb alignment=\u00bbcenter\u00bb onclick=\u00bbimg_link_large\u00bb css=\u00bb\u00bb][\/vc_column][\/vc_row][vc_row][vc_column][vc_empty_space][vc_raw_html css=\u00bb\u00bb]PGgyPjxzdHJvbmc+w5puZXRlIGEgbGEgZmFtaWxpYSBBbWJlcmRvPC9zdHJvbmc+PC9oMj4=[\/vc_raw_html][vc_column_text css=\u00bb\u00bb]\u00a1\u00danete a la creciente familia Amberdo! Estamos encantados de llevar nuestro caf\u00e9 signature, nuestro dise\u00f1o c\u00e1lido y un verdadero sentido de comunidad al coraz\u00f3n del Burrard moderno y en\u00e9rgico. <\/p>\n<p>Ven a tomar tu primera taza con nosotros, trae a tus amigos y ayuda a hacer de este espacio realmente tuyo desde el primer d\u00eda.<\/p>\n<p>\u00a1No podemos esperar para darte la bienvenida a Amberdo Burrard![\/vc_column_text][vc_empty_space][\/vc_column][\/vc_row]<\/p>\n<\/div>","protected":false},"excerpt":{"rendered":"<p>[vc_row][vc_column][vc_column_text css=\u00bb\u00bb]Caf\u00e8 Amberdo se expande una vez m\u00e1s \u2014 esta vez hacia uno de los corredores m\u00e1s concurridos y vibrantes de Vancouver: la calle Burrard. Nuestra futura ubicaci\u00f3n en Burrard est\u00e1 actualmente en preparaci\u00f3n y estamos incre\u00edblemente emocionados de llevar la experiencia de caf\u00e9 Amberdo a esta parte din\u00e1mica y c\u00e9ntrica de la ciudad. Con su ubicaci\u00f3n privilegiada, alto tr\u00e1fico peatonal y excelente accesibilidad, Burrard es el lugar perfecto para nuestra nueva [&hellip;]<\/p>\n","protected":false},"author":2,"featured_media":0,"parent":0,"menu_order":0,"comment_status":"closed","ping_status":"closed","template":"","meta":{"_seopress_robots_primary_cat":"","_seopress_titles_title":"Sucursal Amberdo Burrard | Caf\u00e9 Premium en Vancouver","_seopress_titles_desc":"Amberdo abre pronto en Burrard Street, una de las zonas m\u00e1s vibrantes de Vancouver. Disfruta de nuestro caf\u00e9 signature en un espacio moderno, c\u00f3modo y lleno de energ\u00eda. Ideal para un caf\u00e9 r\u00e1pido o una estancia relajada. \u00a1Te esperamos en 1306 Burrard St.! ","_seopress_robots_index":"","footnotes":""},"class_list":["post-9572","page","type-page","status-publish","hentry"],"_links":{"self":[{"href":"https:\/\/amberdo.ca\/es\/wp-json\/wp\/v2\/pages\/9572","targetHints":{"allow":["GET"]}}],"collection":[{"href":"https:\/\/amberdo.ca\/es\/wp-json\/wp\/v2\/pages"}],"about":[{"href":"https:\/\/amberdo.ca\/es\/wp-json\/wp\/v2\/types\/page"}],"author":[{"embeddable":true,"href":"https:\/\/amberdo.ca\/es\/wp-json\/wp\/v2\/users\/2"}],"replies":[{"embeddable":true,"href":"https:\/\/amberdo.ca\/es\/wp-json\/wp\/v2\/comments?post=9572"}],"version-history":[{"count":2,"href":"https:\/\/amberdo.ca\/es\/wp-json\/wp\/v2\/pages\/9572\/revisions"}],"predecessor-version":[{"id":9574,"href":"https:\/\/amberdo.ca\/es\/wp-json\/wp\/v2\/pages\/9572\/revisions\/9574"}],"wp:attachment":[{"href":"https:\/\/amberdo.ca\/es\/wp-json\/wp\/v2\/media?parent=9572"}],"curies":[{"name":"wp","href":"https:\/\/api.w.org\/{rel}","templated":true}]}}