{"id":8923,"date":"2026-02-14T07:05:36","date_gmt":"2026-02-14T07:05:36","guid":{"rendered":"https:\/\/amberdo.ca\/a-new-amberdo-experience-in-richards-street\/"},"modified":"2026-02-15T18:26:44","modified_gmt":"2026-02-15T18:26:44","slug":"a-new-amberdo-experience-in-richards-street","status":"publish","type":"page","link":"https:\/\/amberdo.ca\/es\/a-new-amberdo-experience-in-richards-street\/","title":{"rendered":"Nueva experiencia Amberdo en Richards Street"},"content":{"rendered":"<div class=\"wpb-content-wrapper\"><p>[vc_row][vc_column][vc_column_text css=\u00bb\u00bb]<\/p>\n<p><strong>Caff\u00e8 Amberdo<\/strong> contin\u00faa creciendo \u2014 ahora en el coraz\u00f3n del centro de Vancouver:<br \/>\ud83d\udccd 508 Richards St, Vancouver, BC V6B 3A2<\/p>\n<p>[\/vc_column_text][vc_column_text css=\u00bb\u00bb]Esta nueva ubicaci\u00f3n representa otro hito importante en la expansi\u00f3n de Amberdo. Dise\u00f1ada para reflejar nuestra combinaci\u00f3n de caf\u00e9 de especialidad, est\u00e9tica moderna y ambiente acogedor, la sucursal ofrecer\u00e1 una experiencia refinada adaptada al ritmo urbano. <\/p>\n<p>Que vous travailliez \u00e0 proximit\u00e9, exploriez la ville ou rencontriez des coll\u00e8gues, cet emplacement est con\u00e7u pour \u00eatre un espace accueillant et soigneusement pens\u00e9, au c\u0153ur du quartier des affaires.[\/vc_column_text][\/vc_column][\/vc_row][vc_row][vc_column][vc_gmaps link=\u00bb#E-8_JTNDaWZyYW1lJTIwc3JjJTNEJTIyaHR0cHMlM0ElMkYlMkZ3d3cuZ29vZ2xlLmNvbSUyRm1hcHMlMkZlbWJlZCUzRnBiJTNEJTIxMW0xOCUyMTFtMTIlMjExbTMlMjExZDIxODguNTU1OTE5NTY5ODExJTIxMmQtMTIzLjExMDgxMjY2NTgxODYzJTIxM2Q0OS4yODMwOTk1NTA2ODk2MSUyMTJtMyUyMTFmMCUyMTJmMCUyMTNmMCUyMTNtMiUyMTFpMTAyNCUyMTJpNzY4JTIxNGYxMy4xJTIxM20zJTIxMW0yJTIxMXMweDU0ODY3MTc4ZTZkMjY4NWYlMjUzQTB4ODRhOWJkYjUyNGNiOTAyNCUyMTJ6TlRBNElGSnBZMmhoY21SeklGTjBMQ0JXWVc1amIzVjJaWElzSUVKRElGWTJRaUF6UVRMWWpDRGFxZGluMlliWXA5aXYyS2MlMjE1ZTAlMjEzbTIlMjExc2ZhJTIxMnMlMjE0djE3NzEwNDk1Mzc3NzIlMjE1bTIlMjExc2ZhJTIxMnMlMjIlMjB3aWR0aCUzRCUyMjYwMCUyMiUyMGhlaWdodCUzRCUyMjQ1MCUyMiUyMGZyYW1lYm9yZGVyJTNEJTIyMCUyMiUyMHN0eWxlJTNEJTIyYm9yZGVyJTNBMCUyMiUyMGFsbG93ZnVsbHNjcmVlbiUzRCUyMiUyMiUzRSUzQyUyRmlmcmFtZSUzRQ==\u00bb css=\u00bb\u00bb][vc_empty_space][vc_raw_html css=\u00bb\u00bb]PGgyPjxzdHJvbmc+Q29uY2VwdG8gZGUgZGlzZcOxbyBpbnRlcmlvciB5IHJlbmRlcnM8L3N0cm9uZz48L2gyPg==[\/vc_raw_html][vc_column_text css=\u00bb\u00bb]<\/p>\n<p>El espacio combina texturas modernas, iluminaci\u00f3n equilibrada y zonas funcionales para crear un entorno profesional y relajado. <\/p>\n<p>A continuaci\u00f3n, puede explorar los renders arquitect\u00f3nicos que muestran la visi\u00f3n del dise\u00f1o de esta sucursal: desde la distribuci\u00f3n de la barra de caf\u00e9 hasta la disposici\u00f3n de los asientos y el ambiente general.<\/p>\n<p>[\/vc_column_text][\/vc_column][\/vc_row][vc_row css=\u00bb.vc_custom_1750855932539{margin-bottom: 52px !important;}\u00bb][vc_column width=\u00bb1\/4&#8243; css=\u00bb.vc_custom_1750855867348{margin-top: 10px !important;}\u00bb][vc_single_image image=\u00bb8699&#8243; img_size=\u00bbfull\u00bb onclick=\u00bblink_image\u00bb css_animation=\u00bbnone\u00bb css=\u00bb\u00bb el_class=\u00bbvc-hover-img\u00bb][\/vc_column][vc_column width=\u00bb1\/4&#8243; css=\u00bb.vc_custom_1750855882683{margin-top: 10px !important;}\u00bb][vc_single_image image=\u00bb8705&#8243; img_size=\u00bbfull\u00bb onclick=\u00bblink_image\u00bb css=\u00bb\u00bb el_class=\u00bbvc-hover-img\u00bb][\/vc_column][vc_column width=\u00bb1\/4&#8243; css=\u00bb.vc_custom_1750855854589{margin-top: 10px !important;}\u00bb][vc_single_image image=\u00bb8735&#8243; img_size=\u00bbfull\u00bb onclick=\u00bblink_image\u00bb css=\u00bb\u00bb el_class=\u00bbvc-hover-img\u00bb][\/vc_column][vc_column width=\u00bb1\/4&#8243;][vc_single_image image=\u00bb8705&#8243; img_size=\u00bbfull\u00bb alignment=\u00bbcenter\u00bb css=\u00bb\u00bb][\/vc_column][\/vc_row][vc_row css=\u00bb.vc_custom_1750855932539{margin-bottom: 52px !important;}\u00bb][vc_column width=\u00bb1\/4&#8243; css=\u00bb.vc_custom_1750855867348{margin-top: 10px !important;}\u00bb][vc_single_image image=\u00bb8711&#8243; img_size=\u00bbfull\u00bb onclick=\u00bblink_image\u00bb css_animation=\u00bbnone\u00bb css=\u00bb\u00bb el_class=\u00bbvc-hover-img\u00bb][\/vc_column][vc_column width=\u00bb1\/4&#8243; css=\u00bb.vc_custom_1750855882683{margin-top: 10px !important;}\u00bb][vc_single_image image=\u00bb8670&#8243; img_size=\u00bbfull\u00bb onclick=\u00bblink_image\u00bb css=\u00bb\u00bb el_class=\u00bbvc-hover-img\u00bb][\/vc_column][vc_column width=\u00bb1\/4&#8243; css=\u00bb.vc_custom_1750855854589{margin-top: 10px !important;}\u00bb][vc_single_image image=\u00bb8723&#8243; img_size=\u00bbfull\u00bb onclick=\u00bblink_image\u00bb css=\u00bb\u00bb el_class=\u00bbvc-hover-img\u00bb][\/vc_column][vc_column width=\u00bb1\/4&#8243;][vc_single_image image=\u00bb8729&#8243; img_size=\u00bbfull\u00bb alignment=\u00bbcenter\u00bb css=\u00bb\u00bb][\/vc_column][\/vc_row][vc_row][vc_column][vc_empty_space][vc_raw_html css=\u00bb\u00bb]PGgyPjxzdHJvbmc+RGlzdHJpYnVjacOzbiBpbnRlbGlnZW50ZTwvc3Ryb25nPjwvaDI+[\/vc_raw_html][vc_column_text css=\u00bb\u00bb]<\/p>\n<p>Incluye: <\/p>\n<ul>\n<li>Flujo eficiente de pedidos<\/li>\n<li>Zonas de asientos c\u00f3modas<\/li>\n<li>Barra optimizada<\/li>\n<li>Pasillos claros en horas pico<\/li>\n<\/ul>\n<p>Puede consultar el plano oficial de la sucursal a continuaci\u00f3n para ver c\u00f3mo se ha estructurado el espacio, priorizando tanto la est\u00e9tica como la funcionalidad.<\/p>\n<p>[\/vc_column_text][vc_single_image image=\u00bb8743&#8243; img_size=\u00bbfull\u00bb alignment=\u00bbcenter\u00bb css=\u00bb\u00bb][vc_empty_space][vc_raw_html css=\u00bb\u00bb]PGgyPjxzdHJvbmc+UHJvZ3Jlc28gZGUgY29uc3RydWNjacOzbjwvc3Ryb25nPjwvaDI+[\/vc_raw_html][vc_column_text css=\u00bb\u00bb]Nuestro equipo trabaja activamente para cumplir con los est\u00e1ndares de calidad Amberdo.[\/vc_column_text][vc_empty_space][vc_raw_html css=\u00bb\u00bb]PGgyPjxzdHJvbmc+UHLDs3hpbWEgYXBlcnR1cmE8L3N0cm9uZz48L2gyPg==[\/vc_raw_html][vc_column_text css=\u00bb\u00bb]<\/p>\n<p>Pronto llevaremos nuestras bebidas insignia y hospitalidad al centro de la ciudad.<\/p>\n<p>[\/vc_column_text][vc_empty_space][vc_raw_html css=\u00bb\u00bb]PGgyPjxzdHJvbmc+w5puZXRlIGEgbGEgZnJhbnF1aWNpYSBBbWJlcmRvPC9zdHJvbmc+PC9oMj4=[\/vc_raw_html][vc_column_text css=\u00bb\u00bb]<\/p>\n<p>Descubre hoy c\u00f3mo formar parte de nuestra red en expansi\u00f3n.<br \/>Descubra hoy mismo c\u00f3mo unirse a la red de franquicias de Amberdo.<\/p>\n<p>[\/vc_column_text][vc_empty_space][\/vc_column][\/vc_row]<\/p>\n<\/div>","protected":false},"excerpt":{"rendered":"<p>[vc_row][vc_column][vc_column_text css=\u00bb\u00bb] Caff\u00e8 Amberdo contin\u00faa creciendo \u2014 ahora en el coraz\u00f3n del centro de Vancouver:\ud83d\udccd 508 Richards St, Vancouver, BC V6B 3A2 [\/vc_column_text][vc_column_text css=\u00bb\u00bb]Esta nueva ubicaci\u00f3n representa otro hito importante en la expansi\u00f3n de Amberdo. Dise\u00f1ada para reflejar nuestra combinaci\u00f3n de caf\u00e9 de especialidad, est\u00e9tica moderna y ambiente acogedor, la sucursal ofrecer\u00e1 una experiencia refinada adaptada al ritmo urbano. Que vous travailliez \u00e0 proximit\u00e9, exploriez la ville ou rencontriez des coll\u00e8gues, cet [&hellip;]<\/p>\n","protected":false},"author":2,"featured_media":0,"parent":0,"menu_order":0,"comment_status":"closed","ping_status":"closed","template":"","meta":{"_seopress_robots_primary_cat":"","_seopress_titles_title":"Una nueva experiencia de Caff\u00e8 Amberdo en Richards Street","_seopress_titles_desc":"","_seopress_robots_index":"","footnotes":""},"class_list":["post-8923","page","type-page","status-publish","hentry"],"_links":{"self":[{"href":"https:\/\/amberdo.ca\/es\/wp-json\/wp\/v2\/pages\/8923","targetHints":{"allow":["GET"]}}],"collection":[{"href":"https:\/\/amberdo.ca\/es\/wp-json\/wp\/v2\/pages"}],"about":[{"href":"https:\/\/amberdo.ca\/es\/wp-json\/wp\/v2\/types\/page"}],"author":[{"embeddable":true,"href":"https:\/\/amberdo.ca\/es\/wp-json\/wp\/v2\/users\/2"}],"replies":[{"embeddable":true,"href":"https:\/\/amberdo.ca\/es\/wp-json\/wp\/v2\/comments?post=8923"}],"version-history":[{"count":4,"href":"https:\/\/amberdo.ca\/es\/wp-json\/wp\/v2\/pages\/8923\/revisions"}],"predecessor-version":[{"id":8934,"href":"https:\/\/amberdo.ca\/es\/wp-json\/wp\/v2\/pages\/8923\/revisions\/8934"}],"wp:attachment":[{"href":"https:\/\/amberdo.ca\/es\/wp-json\/wp\/v2\/media?parent=8923"}],"curies":[{"name":"wp","href":"https:\/\/api.w.org\/{rel}","templated":true}]}}