{"id":8876,"date":"2026-02-03T11:20:38","date_gmt":"2026-02-03T11:20:38","guid":{"rendered":"https:\/\/amberdo.ca\/cordova-branch\/"},"modified":"2026-02-18T14:19:25","modified_gmt":"2026-02-18T14:19:25","slug":"cordova-branch","status":"publish","type":"page","link":"https:\/\/amberdo.ca\/es\/cordova-branch\/","title":{"rendered":"Sucursal Cordova"},"content":{"rendered":"<div class=\"wpb-content-wrapper\"><p>[vc_row][vc_column][vc_column_text css=\u00bb\u00bb]<strong>Caff\u00e8 <\/strong>Amberdo contin\u00faa su expansi\u00f3n \u2014 esta vez hacia la hist\u00f3rica y vibrante zona de <strong>Gastown <\/strong>en Vancouver.<\/p>\n<h2>Nuestra pr\u00f3xima cafeter\u00eda en<\/h2>\n<p><strong>\ud83d\udccd146 W Cordova St<\/strong><br \/>\nse encuentra actualmente en preparaci\u00f3n. Estamos emocionados de llevar la experiencia Amberdo a uno de los barrios m\u00e1s ic\u00f3nicos de la ciudad. Conocida por su car\u00e1cter, cultura y alto tr\u00e1nsito peatonal, Cordova Street es el nuevo hogar perfecto para nuestra creciente comunidad.<\/p>\n<p>Esta sucursal combinar\u00e1 el estilo moderno de Amberdo con el encanto y la energ\u00eda del \u00e1rea, creando un espacio fresco pero conectado con la esencia hist\u00f3rica del barrio.<\/p>\n<p>Descarga el folleto completo de la Oportunidad de Inversi\u00f3n West Cordova (PDF) y explora este hub centralizado de panader\u00eda y caf\u00e9 llave en mano premium en el ic\u00f3nico edificio Woodward\u2019s de Gastown.<\/p>\n<p><a href=\"https:\/\/amberdo.ca\/wp-content\/uploads\/2026\/02\/west-cordova-realtor.pdf\">\ud83d\udd17 Descargar el cat\u00e1logo West Cordova<\/a><\/p>\n<p><strong>\ud83d\udccd 146 W Cordova St<\/strong>[\/vc_column_text][vc_empty_space][vc_gmaps link=\u00bb#E-8_JTNDaWZyYW1lJTIwc3JjJTNEJTIyaHR0cHMlM0ElMkYlMkZ3d3cuZ29vZ2xlLmNvbSUyRm1hcHMlMkZlbWJlZCUzRnBiJTNEJTIxMW0xOCUyMTFtMTIlMjExbTMlMjExZDI2MDIuNjUwNjgwOTA2NDEyJTIxMmQtMTIzLjEwODM0MjIwMDAwMDAxJTIxM2Q0OS4yODMwMTU5OTk5OTk5OTYlMjEybTMlMjExZjAlMjEyZjAlMjEzZjAlMjEzbTIlMjExaTEwMjQlMjEyaTc2OCUyMTRmMTMuMSUyMTNtMyUyMTFtMiUyMTFzMHg1NDg2NzE3OWMxYjJmYmIzJTI1M0EweGViNDBjNTgxYWE4OWM0NDglMjEyek1UUTJJRmNnUTI5eVpHOTJZU0JUZEN3Z1ZtRnVZMjkxZG1WeUxDQkNReUJXTmtJZ01VVXgySXdnMnFuWXA5bUcyS2ZZcjlpbiUyMTVlMCUyMTNtMiUyMTFzZmElMjEycyUyMTR2MTc3MDEyMTAwNTU4OCUyMTVtMiUyMTFzZmElMjEycyUyMiUyMHdpZHRoJTNEJTIyNjAwJTIyJTIwaGVpZ2h0JTNEJTIyNDUwJTIyJTIwc3R5bGUlM0QlMjJib3JkZXIlM0EwJTNCJTIyJTIwYWxsb3dmdWxsc2NyZWVuJTNEJTIyJTIyJTIwbG9hZGluZyUzRCUyMmxhenklMjIlMjByZWZlcnJlcnBvbGljeSUzRCUyMm5vLXJlZmVycmVyLXdoZW4tZG93bmdyYWRlJTIyJTNFJTNDJTJGaWZyYW1lJTNF\u00bb css=\u00bb\u00bb][vc_empty_space][vc_raw_html css=\u00bb\u00bb]PGgyPjxzdHJvbmc+VW4gZXNwYWNpbyBkaXNlw7FhZG8gcGFyYSBlbCB2ZWNpbmRhcmlvPC9zdHJvbmc+PC9oMj4=[\/vc_raw_html][vc_column_text css=\u00bb\u00bb]<\/p>\n<p>La ubicaci\u00f3n Cordova ha sido cuidadosamente dise\u00f1ada para reflejar tanto la identidad de Amberdo como la personalidad del \u00e1rea.<\/p>\n<p>Espera un interior moderno y c\u00e1lido, asientos acogedores, texturas naturales y un dise\u00f1o funcional tanto para visitas r\u00e1pidas como para encuentros relajados.<\/p>\n<p>[\/vc_column_text][vc_empty_space][vc_raw_html css=\u00bb\u00bb]PGgyPjxzdHJvbmc+VmlzdGEgcHJldmlhIGRlbCBjb25jZXB0byBpbnRlcmlvcjwvc3Ryb25nPjwvaDI+[\/vc_raw_html][vc_column_text css=\u00bb\u00bb]<\/p>\n<p>Descubre un primer vistazo al dise\u00f1o de nuestra cafeter\u00eda Cordova: comodidad moderna con detalles sutiles que reflejan el car\u00e1cter del vecindario.<\/p>\n<p>[\/vc_column_text][\/vc_column][\/vc_row][vc_row css=\u00bb.vc_custom_1748444003090{margin-top: 30px !important;}\u00bb][vc_column width=\u00bb1\/4&#8243; css=\u00bb.vc_custom_1737446215662{margin-top: 20px !important;}\u00bb][vc_single_image image=\u00bb8530&#8243; img_size=\u00bbfull\u00bb onclick=\u00bbimg_link_large\u00bb css=\u00bb\u00bb el_class=\u00bbvc-hover-img\u00bb][\/vc_column][vc_column width=\u00bb1\/4&#8243; css=\u00bb.vc_custom_1737446223626{margin-top: 20px !important;}\u00bb][vc_single_image image=\u00bb8537&#8243; img_size=\u00bbfull\u00bb onclick=\u00bbimg_link_large\u00bb css=\u00bb\u00bb el_class=\u00bbvc-hover-img\u00bb][\/vc_column][vc_column width=\u00bb1\/4&#8243; css=\u00bb.vc_custom_1737446229458{margin-top: 20px !important;}\u00bb][vc_single_image image=\u00bb8557&#8243; img_size=\u00bbfull\u00bb onclick=\u00bbimg_link_large\u00bb css=\u00bb\u00bb el_class=\u00bbvc-hover-img\u00bb][\/vc_column][vc_column width=\u00bb1\/4&#8243; css=\u00bb.vc_custom_1748444020724{margin-top: 20px !important;}\u00bb][vc_single_image image=\u00bb8563&#8243; img_size=\u00bbfull\u00bb onclick=\u00bbimg_link_large\u00bb css=\u00bb\u00bb el_class=\u00bbvc-hover-img\u00bb][\/vc_column][\/vc_row][vc_row css=\u00bb.vc_custom_1748444003090{margin-top: 30px !important;}\u00bb][vc_column width=\u00bb1\/4&#8243; css=\u00bb.vc_custom_1737446215662{margin-top: 20px !important;}\u00bb][vc_single_image image=\u00bb8658&#8243; img_size=\u00bbfull\u00bb onclick=\u00bbimg_link_large\u00bb css=\u00bb\u00bb el_class=\u00bbvc-hover-img\u00bb][\/vc_column][vc_column width=\u00bb1\/4&#8243; css=\u00bb.vc_custom_1737446223626{margin-top: 20px !important;}\u00bb][vc_single_image image=\u00bb8652&#8243; img_size=\u00bbfull\u00bb onclick=\u00bbimg_link_large\u00bb css=\u00bb\u00bb el_class=\u00bbvc-hover-img\u00bb][\/vc_column][vc_column width=\u00bb1\/4&#8243; css=\u00bb.vc_custom_1737446229458{margin-top: 20px !important;}\u00bb][vc_single_image image=\u00bb8664&#8243; img_size=\u00bbfull\u00bb onclick=\u00bbimg_link_large\u00bb css=\u00bb\u00bb el_class=\u00bbvc-hover-img\u00bb][\/vc_column][vc_column width=\u00bb1\/4&#8243; css=\u00bb.vc_custom_1748444020724{margin-top: 20px !important;}\u00bb][vc_single_image image=\u00bb8670&#8243; img_size=\u00bbfull\u00bb onclick=\u00bbimg_link_large\u00bb css=\u00bb\u00bb el_class=\u00bbvc-hover-img\u00bb][\/vc_column][\/vc_row][vc_row][vc_column][vc_empty_space][vc_raw_html css=\u00bb\u00bb]PGgyPjxzdHJvbmc+RGlzdHJpYnVjacOzbiBpbnRlbGlnZW50ZSBwYXJhIHVuYSBtZWpvciBleHBlcmllbmNpYTwvc3Ryb25nPjwvaDI+[\/vc_raw_html][vc_column_text css=\u00bb\u00bb]<\/p>\n<p>La sucursal Cordova se est\u00e1 construyendo pensando en el flujo y la comodidad. Desde el mostrador hasta las zonas de asientos, todo estar\u00e1 dise\u00f1ado para que la experiencia sea fluida y agradable incluso en horas concurridas.<\/p>\n<p>[\/vc_column_text][\/vc_column][\/vc_row][vc_row css=\u00bb.vc_custom_1748444003090{margin-top: 30px !important;}\u00bb][vc_column width=\u00bb1\/3&#8243; css=\u00bb.vc_custom_1737446215662{margin-top: 20px !important;}\u00bb][vc_single_image image=\u00bb8569&#8243; img_size=\u00bbfull\u00bb onclick=\u00bbimg_link_large\u00bb css=\u00bb\u00bb el_class=\u00bbvc-hover-img\u00bb][\/vc_column][vc_column width=\u00bb1\/3&#8243; css=\u00bb.vc_custom_1737446223626{margin-top: 20px !important;}\u00bb][vc_single_image image=\u00bb8577&#8243; img_size=\u00bbfull\u00bb onclick=\u00bbimg_link_large\u00bb css=\u00bb\u00bb el_class=\u00bbvc-hover-img\u00bb][\/vc_column][vc_column width=\u00bb1\/3&#8243; css=\u00bb.vc_custom_1737446229458{margin-top: 20px !important;}\u00bb][vc_single_image image=\u00bb8583&#8243; img_size=\u00bbfull\u00bb onclick=\u00bbimg_link_large\u00bb css=\u00bb\u00bb el_class=\u00bbvc-hover-img\u00bb][\/vc_column][\/vc_row][vc_row][vc_column][vc_raw_html css=\u00bb\u00bb]PGgyPjxzdHJvbmc+w5puZXRlIGEgbGEgZmFtaWxpYSBBbWJlcmRvPC9zdHJvbmc+PC9oMj4=[\/vc_raw_html][vc_column_text css=\u00bb\u00bb]<\/p>\n<p dir=\"auto\">\u00danete a la gran familia Amberdo. Estamos encantados de llevar nuestra experiencia de caf\u00e9 insignia, dise\u00f1o c\u00e1lido y sentido de comunidad al coraz\u00f3n hist\u00f3rico de Gastown en 146 W Cordova St. Ven a descubrir este nuevo espacio donde la comodidad moderna se une con el encanto ic\u00f3nico del barrio m\u00e1s antiguo de Vancouver. Disfruta tu primera taza, invita a tus amigos y ay\u00fadanos a hacer de este lugar tu nuevo punto favorito desde el primer d\u00eda.<br \/>\n\u00a1Te esperamos en Amberdo Gastown!<\/p>\n<p>[\/vc_column_text][\/vc_column][\/vc_row]<\/p>\n<\/div>","protected":false},"excerpt":{"rendered":"<p>[vc_row][vc_column][vc_column_text css=\u00bb\u00bb]Caff\u00e8 Amberdo contin\u00faa su expansi\u00f3n \u2014 esta vez hacia la hist\u00f3rica y vibrante zona de Gastown en Vancouver. Nuestra pr\u00f3xima cafeter\u00eda en \ud83d\udccd146 W Cordova St se encuentra actualmente en preparaci\u00f3n. Estamos emocionados de llevar la experiencia Amberdo a uno de los barrios m\u00e1s ic\u00f3nicos de la ciudad. Conocida por su car\u00e1cter, cultura y alto tr\u00e1nsito peatonal, Cordova Street es el nuevo hogar perfecto para nuestra creciente comunidad. Esta sucursal combinar\u00e1 [&hellip;]<\/p>\n","protected":false},"author":2,"featured_media":0,"parent":0,"menu_order":0,"comment_status":"closed","ping_status":"closed","template":"","meta":{"_seopress_robots_primary_cat":"","_seopress_titles_title":"La nueva sucursal de Cordova se est\u00e1 preparando","_seopress_titles_desc":"Caff\u00e8 Amberdo se prepara para abrir su nueva ubicaci\u00f3n en Cordova, en el centro de Vancouver, ofreciendo caf\u00e9 de especialidad y un dise\u00f1o interior elegante en el coraz\u00f3n de la ciudad.","_seopress_robots_index":"","footnotes":""},"class_list":["post-8876","page","type-page","status-publish","hentry"],"_links":{"self":[{"href":"https:\/\/amberdo.ca\/es\/wp-json\/wp\/v2\/pages\/8876","targetHints":{"allow":["GET"]}}],"collection":[{"href":"https:\/\/amberdo.ca\/es\/wp-json\/wp\/v2\/pages"}],"about":[{"href":"https:\/\/amberdo.ca\/es\/wp-json\/wp\/v2\/types\/page"}],"author":[{"embeddable":true,"href":"https:\/\/amberdo.ca\/es\/wp-json\/wp\/v2\/users\/2"}],"replies":[{"embeddable":true,"href":"https:\/\/amberdo.ca\/es\/wp-json\/wp\/v2\/comments?post=8876"}],"version-history":[{"count":6,"href":"https:\/\/amberdo.ca\/es\/wp-json\/wp\/v2\/pages\/8876\/revisions"}],"predecessor-version":[{"id":9031,"href":"https:\/\/amberdo.ca\/es\/wp-json\/wp\/v2\/pages\/8876\/revisions\/9031"}],"wp:attachment":[{"href":"https:\/\/amberdo.ca\/es\/wp-json\/wp\/v2\/media?parent=8876"}],"curies":[{"name":"wp","href":"https:\/\/api.w.org\/{rel}","templated":true}]}}