{"id":8848,"date":"2026-02-03T09:39:10","date_gmt":"2026-02-03T09:39:10","guid":{"rendered":"https:\/\/amberdo.ca\/west-georgia\/"},"modified":"2026-02-15T11:23:35","modified_gmt":"2026-02-15T11:23:35","slug":"west-georgia","status":"publish","type":"page","link":"https:\/\/amberdo.ca\/es\/west-georgia\/","title":{"rendered":"West Georgia"},"content":{"rendered":"<div class=\"wpb-content-wrapper\"><p>[vc_row][vc_column][vc_column_text css=\u00bb\u00bb]Estamos creciendo \u2014 y llevamos la experiencia Amberdo al coraz\u00f3n del centro de Vancouver.<\/p>\n<h2>Nuestra pr\u00f3xima cafeter\u00eda en<\/h2>\n<p><strong>\ud83d\udccd1328 W Georgia St, Vancouver, BC V6E 4R9<br \/>\n<\/strong>es mucho m\u00e1s que otra cafeter\u00eda. Es un espacio cuidadosamente dise\u00f1ado donde el caf\u00e9 de especialidad, el dise\u00f1o moderno y la energ\u00eda urbana se unen. Ya sea que vayas a la oficina, te re\u00fanas con amigos o busques un rinc\u00f3n acogedor en pleno centro, nuestra sucursal West Georgia ser\u00e1 tu nuevo lugar favorito.<\/p>\n<p>Este nuevo espacio refleja todo lo que representa Amberdo: calidad, comodidad y comunidad \u2014 ahora en uno de los barrios m\u00e1s vibrantes de Vancouver.<\/p>\n<p><strong>\ud83d\udccd1328 W Georgia St, Vancouver, BC V6E 4R9<\/strong>[\/vc_column_text][vc_empty_space][vc_raw_html css=\u00bb\u00bb]PGlmcmFtZSBzcmM9Imh0dHBzOi8vd3d3Lmdvb2dsZS5jb20vbWFwcy9lbWJlZD9wYj0hMW0xNCExbTghMW0zITFkMjYwMi4zNjI2MTkyOTAzMDAyITJkLTEyMy4xMjQ3MTM3ITNkNDkuMjg4NDczNiEzbTIhMWkxMDI0ITJpNzY4ITRmMTMuMSEzbTMhMW0yITFzMHg1NDg2NzE4NmUwNmNkMWU5JTNBMHg2MzllYzkzNTFlYzljMDchMnpNVE15T0NCWElFZGxiM0puYVdFZ1UzUXNJRlpoYm1OdmRYWmxjaXdnUWtNZ1ZqWkZJRFJTT2RpTUlOcXAyS2ZaaHRpbjJLX1lwdyE1ZTAhM20yITFzZmEhMnNmaSE0djE3NzAxMTc2NjcwMzEhNW0yITFzZmEhMnNmaSFobD1lbiIgd2lkdGg9IjEwMCUiIGhlaWdodD0iNDUwIiBzdHlsZT0iYm9yZGVyOjA7IiBhbGxvd2Z1bGxzY3JlZW49IiIgbG9hZGluZz0ibGF6eSIgcmVmZXJyZXJwb2xpY3k9Im5vLXJlZmVycmVyLXdoZW4tZG93bmdyYWRlIj48L2lmcmFtZT4=[\/vc_raw_html][vc_empty_space height=\u00bb52px\u00bb][vc_raw_html css=\u00bb\u00bb]PGgyPjxzdHJvbmc+RGlzZcOxYWRvIHBlbnNhbmRvIGVuIGxhIGV4cGVyaWVuY2lhPC9zdHJvbmc+PC9oMj4=[\/vc_raw_html][vc_column_text css=\u00bb\u00bb]La sucursal West Georgia ha sido planificada cuidadosamente para ofrecer estilo y comodidad. Desde texturas c\u00e1lidas y luz natural hasta una distribuci\u00f3n moderna de asientos, cada detalle est\u00e1 pensado para que tu visita sea agradable \u2014 ya sea para un caf\u00e9 r\u00e1pido o una tarde larga de conversaci\u00f3n.<\/p>\n<p>Aqu\u00ed encontrar\u00e1s:<\/p>\n<ul>\n<li>Asientos c\u00f3modos para trabajar y reuniones<\/li>\n<li>\u00c1reas lounge acogedoras<\/li>\n<li>Una barra de caf\u00e9 moderna que muestra nuestros m\u00e9todos de preparaci\u00f3n especializados<\/li>\n<li>Un ambiente que combina la energ\u00eda del centro con la calidez caracter\u00edstica de Amberdo<\/li>\n<\/ul>\n<p>[\/vc_column_text][vc_empty_space][vc_raw_html css=\u00bb\u00bb]PGgyPjxzdHJvbmc+UmVuZGVycyBpbnRlcmlvcmVzIOKAkyBQcmltZXIgdmlzdGF6byBhbCBlc3BhY2lvPC9zdHJvbmc+PC9oMj4=[\/vc_raw_html][vc_column_text css=\u00bb\u00bb]<\/p>\n<p data-start=\"1602\" data-end=\"1741\">Aqu\u00ed puedes ver una vista previa de c\u00f3mo lucir\u00e1 el caf\u00e9 terminado. El dise\u00f1o combina est\u00e9tica urbana moderna con la sensaci\u00f3n acogedora y familiar de Amberdo.<\/p>\n<p>[\/vc_column_text][\/vc_column][\/vc_row][vc_row css=\u00bb.vc_custom_1748444003090{margin-top: 30px !important;}\u00bb][vc_column width=\u00bb1\/4&#8243; css=\u00bb.vc_custom_1737446215662{margin-top: 20px !important;}\u00bb][vc_single_image image=\u00bb8434&#8243; img_size=\u00bbfull\u00bb onclick=\u00bbimg_link_large\u00bb css=\u00bb\u00bb el_class=\u00bbvc-hover-img\u00bb][\/vc_column][vc_column width=\u00bb1\/4&#8243; css=\u00bb.vc_custom_1737446223626{margin-top: 20px !important;}\u00bb][vc_single_image image=\u00bb8459&#8243; img_size=\u00bbfull\u00bb onclick=\u00bbimg_link_large\u00bb css=\u00bb\u00bb el_class=\u00bbvc-hover-img\u00bb][\/vc_column][vc_column width=\u00bb1\/4&#8243; css=\u00bb.vc_custom_1737446229458{margin-top: 20px !important;}\u00bb][vc_single_image image=\u00bb8465&#8243; img_size=\u00bbfull\u00bb onclick=\u00bbimg_link_large\u00bb css=\u00bb\u00bb el_class=\u00bbvc-hover-img\u00bb][\/vc_column][vc_column width=\u00bb1\/4&#8243; css=\u00bb.vc_custom_1748444020724{margin-top: 20px !important;}\u00bb][vc_single_image image=\u00bb8471&#8243; img_size=\u00bbfull\u00bb onclick=\u00bbimg_link_large\u00bb css=\u00bb\u00bb el_class=\u00bbvc-hover-img\u00bb][\/vc_column][\/vc_row][vc_row][vc_column][vc_empty_space][vc_raw_html css=\u00bb\u00bb]PGgyPjxzdHJvbmc+RW4gY29uc3RydWNjacOzbiDigJMgQ3JlYW5kbyBsYSBleHBlcmllbmNpYTwvc3Ryb25nPjwvaDI+[\/vc_raw_html][vc_column_text css=\u00bb\u00bb]<\/p>\n<p data-start=\"1839\" data-end=\"2041\">Nuestro equipo trabaja intensamente tras bambalinas para dar vida a este espacio. Desde la estructura hasta los detalles interiores, cada paso est\u00e1 enfocado en crear un caf\u00e9 que se sienta perfecto desde el momento en que entras.<\/p>\n<p>[\/vc_column_text][\/vc_column][\/vc_row][vc_row css=\u00bb.vc_custom_1748444003090{margin-top: 30px !important;}\u00bb][vc_column width=\u00bb1\/4&#8243; css=\u00bb.vc_custom_1737446215662{margin-top: 20px !important;}\u00bb][vc_single_image image=\u00bb8477&#8243; img_size=\u00bbfull\u00bb onclick=\u00bbimg_link_large\u00bb css=\u00bb\u00bb el_class=\u00bbvc-hover-img\u00bb][\/vc_column][vc_column width=\u00bb1\/4&#8243; css=\u00bb.vc_custom_1737446223626{margin-top: 20px !important;}\u00bb][vc_single_image image=\u00bb8483&#8243; img_size=\u00bbfull\u00bb onclick=\u00bbimg_link_large\u00bb css=\u00bb\u00bb el_class=\u00bbvc-hover-img\u00bb][\/vc_column][vc_column width=\u00bb1\/4&#8243; css=\u00bb.vc_custom_1737446229458{margin-top: 20px !important;}\u00bb][vc_single_image image=\u00bb8489&#8243; img_size=\u00bbfull\u00bb onclick=\u00bbimg_link_large\u00bb css=\u00bb\u00bb el_class=\u00bbvc-hover-img\u00bb][\/vc_column][vc_column width=\u00bb1\/4&#8243; css=\u00bb.vc_custom_1748444020724{margin-top: 20px !important;}\u00bb][vc_single_image image=\u00bb8495&#8243; img_size=\u00bbfull\u00bb onclick=\u00bbimg_link_large\u00bb css=\u00bb\u00bb el_class=\u00bbvc-hover-img\u00bb][\/vc_column][\/vc_row][vc_row][vc_column][vc_empty_space][vc_raw_html css=\u00bb\u00bb]PGgyPjxzdHJvbmc+RGlzZcOxbyBpbnRlbGlnZW50ZSwgbWVqb3IgZmx1am88L3N0cm9uZz48L2gyPg==[\/vc_raw_html][vc_column_text css=\u00bb\u00bb]<\/p>\n<p data-start=\"2120\" data-end=\"2357\">La distribuci\u00f3n del local ha sido cuidadosamente dise\u00f1ada para garantizar una experiencia fluida \u2014 desde el pedido hasta el asiento. Una barra estrat\u00e9gicamente ubicada, pasillos claros y zonas de asientos equilibradas hacen que el espacio sea funcional sin perder su encanto acogedor.<\/p>\n<p>[\/vc_column_text][\/vc_column][\/vc_row][vc_row css=\u00bb.vc_custom_1748444003090{margin-top: 30px !important;}\u00bb][vc_column width=\u00bb1\/3&#8243; css=\u00bb.vc_custom_1737446215662{margin-top: 20px !important;}\u00bb][vc_single_image image=\u00bb8502&#8243; img_size=\u00bbfull\u00bb onclick=\u00bbimg_link_large\u00bb css=\u00bb\u00bb el_class=\u00bbvc-hover-img\u00bb][\/vc_column][vc_column width=\u00bb1\/3&#8243; css=\u00bb.vc_custom_1737446223626{margin-top: 20px !important;}\u00bb][vc_single_image image=\u00bb8508&#8243; img_size=\u00bbfull\u00bb onclick=\u00bbimg_link_large\u00bb css=\u00bb\u00bb el_class=\u00bbvc-hover-img\u00bb][\/vc_column][vc_column width=\u00bb1\/3&#8243; css=\u00bb.vc_custom_1748444020724{margin-top: 20px !important;}\u00bb][vc_single_image image=\u00bb8514&#8243; img_size=\u00bbfull\u00bb onclick=\u00bbimg_link_large\u00bb css=\u00bb\u00bb el_class=\u00bbvc-hover-img\u00bb][\/vc_column][\/vc_row][vc_row][vc_column][vc_raw_html css=\u00bb\u00bb]PGgyPjxzdHJvbmc+w5puZXRlIGEgbGEgZmFtaWxpYSBBbWJlcmRvPC9zdHJvbmc+PC9oMj4=[\/vc_raw_html][vc_column_text css=\u00bb\u00bb]Ahora es tu turno de formar parte de la gran familia Amberdo. Estamos deseando abrir las puertas de West Georgia y crear esa experiencia especial \u2014 excelente caf\u00e9, comodidad y comunidad \u2014 en pleno centro de Vancouver. Ven por tu primer caf\u00e9 en 1328 W Georgia St, trae a tus amigos y hagamos que este nuevo espacio se sienta como en casa desde el primer d\u00eda.<br \/>\n\u00a1Nos vemos pronto en Amberdo West Georgia![\/vc_column_text][\/vc_column][\/vc_row]<\/p>\n<\/div>","protected":false},"excerpt":{"rendered":"<p>[vc_row][vc_column][vc_column_text css=\u00bb\u00bb]Estamos creciendo \u2014 y llevamos la experiencia Amberdo al coraz\u00f3n del centro de Vancouver. Nuestra pr\u00f3xima cafeter\u00eda en \ud83d\udccd1328 W Georgia St, Vancouver, BC V6E 4R9 es mucho m\u00e1s que otra cafeter\u00eda. Es un espacio cuidadosamente dise\u00f1ado donde el caf\u00e9 de especialidad, el dise\u00f1o moderno y la energ\u00eda urbana se unen. Ya sea que vayas a la oficina, te re\u00fanas con amigos o busques un rinc\u00f3n acogedor en pleno centro, nuestra [&hellip;]<\/p>\n","protected":false},"author":2,"featured_media":0,"parent":0,"menu_order":0,"comment_status":"closed","ping_status":"closed","template":"","meta":{"_seopress_robots_primary_cat":"","_seopress_titles_title":"La nueva sucursal de West Georgia se est\u00e1 preparando","_seopress_titles_desc":"La nueva ubicaci\u00f3n de Caff\u00e8 Amberdo en West Georgia, en el centro de Vancouver, se est\u00e1 preparando para abrir, trayendo caf\u00e9 de especialidad y una nueva experiencia de caf\u00e9 a la ciudad.","_seopress_robots_index":"","footnotes":""},"class_list":["post-8848","page","type-page","status-publish","hentry"],"_links":{"self":[{"href":"https:\/\/amberdo.ca\/es\/wp-json\/wp\/v2\/pages\/8848","targetHints":{"allow":["GET"]}}],"collection":[{"href":"https:\/\/amberdo.ca\/es\/wp-json\/wp\/v2\/pages"}],"about":[{"href":"https:\/\/amberdo.ca\/es\/wp-json\/wp\/v2\/types\/page"}],"author":[{"embeddable":true,"href":"https:\/\/amberdo.ca\/es\/wp-json\/wp\/v2\/users\/2"}],"replies":[{"embeddable":true,"href":"https:\/\/amberdo.ca\/es\/wp-json\/wp\/v2\/comments?post=8848"}],"version-history":[{"count":4,"href":"https:\/\/amberdo.ca\/es\/wp-json\/wp\/v2\/pages\/8848\/revisions"}],"predecessor-version":[{"id":8909,"href":"https:\/\/amberdo.ca\/es\/wp-json\/wp\/v2\/pages\/8848\/revisions\/8909"}],"wp:attachment":[{"href":"https:\/\/amberdo.ca\/es\/wp-json\/wp\/v2\/media?parent=8848"}],"curies":[{"name":"wp","href":"https:\/\/api.w.org\/{rel}","templated":true}]}}