{"id":6907,"date":"2018-04-12T08:59:36","date_gmt":"2018-04-12T08:59:36","guid":{"rendered":"https:\/\/amberdocafe.ca\/contacta-con-nosotros\/"},"modified":"2025-10-01T19:59:22","modified_gmt":"2025-10-01T19:59:22","slug":"contacta-con-nosotros","status":"publish","type":"page","link":"https:\/\/amberdo.ca\/es\/contacta-con-nosotros\/","title":{"rendered":"Contacta con nosotros"},"content":{"rendered":"<div class=\"wpb-content-wrapper\"><p>[vc_row row_content_width=\u00bbgrid\u00bb][vc_column css=\u00bb.vc_custom_1523522781324{margin-top: -8px !important;padding-right: 5% !important;}\u00bb offset=\u00bbvc_col-lg-6 vc_col-md-10&#8243;]<div class=\"eltdf-section-title-holder  \" >\n\t<div class=\"eltdf-st-inner\">\n\t\t\t\t\t<h3 class=\"eltdf-st-title\" >\n\t\t\t\tGet in Touch\t\t\t<\/h3>\n\t\t\t\t\t\t\t<p class=\"eltdf-st-text\" >\n\t\t\t\tNuestro Caf\u00e9 se estableci\u00f3 en Vancouver con una Visi\u00f3n de Tranquilidad Natural. La cadena de caf\u00e9s, arraigada en Vancouver, tiene una historia que abarca siete a\u00f1os. Desde nuestros inicios, nuestra visi\u00f3n ha sido crear espacios que armonicen con la naturaleza, inspir\u00e1ndonos en elementos como la madera, la piedra, la tierra y las plantas. Estos elementos naturales infunden tranquilidad a nuestros caf\u00e9s, proporcionando a los clientes un oasis alejado del ajetreo de la vida urbana. Compromiso con la calidadEn el coraz\u00f3n de nuestra marca est\u00e1 el compromiso de obtener los mejores granos de caf\u00e9 y ofrecer la mejor experiencia cafetera a nuestros clientes.    \t\t\t<\/p>\n\t\t\t<\/div>\n<\/div>[vc_empty_space height=\u00bb25px\u00bb]<div class=\"eltdf-iwt clearfix  eltdf-iwt-icon-left eltdf-iwt-icon-small \">\n\t<div class=\"eltdf-iwt-icon\">\n\t\t\t\t\t    <span class=\"eltdf-icon-shortcode eltdf-normal    eltdf-icon-small\"  >\n        <span class=\"eltdf-icon-bckg-holder\" ><\/span>\n                    <i class=\"eltdf-icon-font-awesome fa fa-map-marker eltdf-icon-element\" style=\"font-size:25px\" ><\/i>                    <\/span>\n\t\t\t<\/div>\n\t<div class=\"eltdf-iwt-content\" >\n\t\t\t\t\t<h3 class=\"eltdf-iwt-title\" >\n\t\t\t\t\t\t\t\t<span class=\"eltdf-iwt-title-text\">AmberdoCafe Branches<\/span>\n\t\t\t\t\t\t\t<\/h3>\n\t\t\t\t\t<\/div>\n<\/div>[vc_column_text css=\u00bb.vc_custom_1757334251931{padding-left: 10px !important;}\u00bb]<\/p>\n<ol>\n<li><a href=\"https:\/\/maps.app.goo.gl\/YXrQpvmYS7aNX8S69\">Direcci\u00f3n: Sucursal Principal (Kitsilano): 2678 W 4th Ave, Vancouver, BC V6K 1PK<\/a><\/li>\n<li><a href=\"https:\/\/www.google.com\/maps\/place\/Amberdo+cafe+%26+Bakery+North+Vancouver\/@49.3219242,-123.1045809,17z\/data=!3m1!4b1!4m6!3m5!1s0x5486715dd2de729b:0xc4827fb4a98f5efd!8m2!3d49.3219242!4d-123.1045809!16s%2Fg%2F11m5j2_465?authuser=0&amp;hl=fa&amp;entry=ttu&amp;g_ep=EgoyMDI1MDYyMy4yIKXMDSoASAFQAw%3D%3D\">Direcci\u00f3n: Delegaci\u00f3n de Vancouver Norte: 1089 Roosevelt Crescent, North Vancouver, BC V7P 1M4<\/a><\/li>\n<li><a href=\"https:\/\/www.google.com\/maps\/embed?pb=!1m18!1m12!1m3!1d2602.772643368108!2d-123.13371212311489!3d49.280705170893704!2m3!1f0!2f0!3f0!3m2!1i1024!2i768!4f13.1!3m3!1m2!1s0x548673003f7d4cf1%3A0x1bbed5cface2432!2sAmberdo%20Cafe!5e0!3m2!1sen!2s!4v1753681212480!5m2!1sen!2s\" target=\"_blank\" rel=\"noopener\">Direcci\u00f3n: Sucursal de Davie Street:1105 Davie Street, Vancouver, BC V6E 1N2<\/a><\/li>\n<li>Direcci\u00f3n: Sucursal de Bute Street: 1209 Bute Street, Vancouver, BC V6E 1Z4<\/li>\n<li><a href=\"https:\/\/www.google.com\/maps\/place\/Amberdo+Cafe+and+Bakery\/data=!4m7!3m6!1s0x5486736671f67605:0xc02bc10764989908!8m2!3d49.2643868!4d-123.1787581!16s%2Fg%2F11kq8vcfht!19sChIJBXb2cWZzhlQRCJmYZAfBK8A?authuser=0&amp;hl=fa&amp;rclk=1\">Direcci\u00f3n: Sucursal de Broadway: 3341 W Broadway, Vancouver, BC V6R 2B1<\/a><\/li>\n<\/ol>\n<p>[\/vc_column_text][vc_empty_space height=\u00bb25px\u00bb]<div class=\"eltdf-section-title-holder  \" >\n\t<div class=\"eltdf-st-inner\">\n\t\t\t\t\t<h3 class=\"eltdf-st-title\" >\n\t\t\t\tSocial Media\t\t\t<\/h3>\n\t\t\t\t\t<\/div>\n<\/div>[vc_raw_html css=\u00bb\u00bb el_class=\u00bbcontact-us-icons\u00bb]PGRpdiBjbGFzcz0id2lkZ2V0IGVsdGRmLXNvY2lhbC1pY29ucy1ncm91cC13aWRnZXQiPgkJCQkJCQk8YSBjbGFzcz0iZWx0ZGYtc29jaWFsLWljb24td2lkZ2V0LWhvbGRlciBlbHRkZi1pY29uLWhhcy1ob3ZlciIgZGF0YS1ob3Zlci1jb2xvcj0iI2M3YTE3YSIgc3R5bGU9ImZvbnQtc2l6ZTogMTVweDsgbWFyZ2luOiAwcHggMHB4IDRweCAyMnB4OyBjb2xvcjogcmdiKDE4OSwgMTg5LCAxODkpOyIgaHJlZj0iaHR0cHM6Ly93d3cuaW5zdGFncmFtLmNvbS9hbWJlcmRvX2NhZmU\/aWdzaD1NVEUxZHpOa05HTmhZWGhvTWc9PSIgdGFyZ2V0PSJfYmxhbmsiPgoJCQkJCTxzcGFuIGNsYXNzPSJlbHRkZi1zb2NpYWwtaWNvbi13aWRnZXQgc29jaWFsX2luc3RhZ3JhbSI+PC9zcGFuPgkJCQk8L2E+CgkJCQkJCgkJCQkJPGEgY2xhc3M9ImVsdGRmLXNvY2lhbC1pY29uLXdpZGdldC1ob2xkZXIgZWx0ZGYtaWNvbi1oYXMtaG92ZXIiIGRhdGEtaG92ZXItY29sb3I9IiNjN2ExN2EiIHN0eWxlPSJmb250LXNpemU6IDE1cHg7IG1hcmdpbjogMHB4IDBweCA0cHggMjJweDsgY29sb3I6IHJnYigxODksIDE4OSwgMTg5KTsiIGhyZWY9Imh0dHBzOi8vd3d3Lmluc3RhZ3JhbS5jb20vYW1iZXJkb2NhZmUudmFuY291dmVyP2lnc2g9TVdRM2RIWjBPVGw1WjI1bmVnPT0iIHRhcmdldD0iX2JsYW5rIj4KCQkJCQk8c3BhbiBjbGFzcz0iZWx0ZGYtc29jaWFsLWljb24td2lkZ2V0IHNvY2lhbF9pbnN0YWdyYW0iPjwvc3Bhbj4JCQkJPC9hPgoJCQkJCQoJCQkJCQoJCQkJCQkJCQkJPGEgY2xhc3M9ImVsdGRmLXNvY2lhbC1pY29uLXdpZGdldC1ob2xkZXIgZWx0ZGYtaWNvbi1oYXMtaG92ZXIiIGRhdGEtaG92ZXItY29sb3I9IiNjN2ExN2EiIHN0eWxlPSJmb250LXNpemU6IDE1cHg7IG1hcmdpbjogMHB4IDBweCA0cHggMjJweDsgY29sb3I6IHJnYigxODksIDE4OSwgMTg5KTsiIGhyZWY9Imh0dHBzOi8vd3d3LmZhY2Vib29rLmNvbS9wZW9wbGUvQW1iZXJkby1hbWJlcmRvLzYxNTcxODY4ODczNzMzLyMiIHRhcmdldD0iX2JsYW5rIj4KCQkJCQk8c3BhbiBjbGFzcz0iZWx0ZGYtc29jaWFsLWljb24td2lkZ2V0IHNvY2lhbF9mYWNlYm9vayI+PC9zcGFuPgkJCQk8L2E+CgkJCQkJCQkJCQk8YSBjbGFzcz0iZWx0ZGYtc29jaWFsLWljb24td2lkZ2V0LWhvbGRlciBlbHRkZi1pY29uLWhhcy1ob3ZlciIgZGF0YS1ob3Zlci1jb2xvcj0iI2M3YTE3YSIgc3R5bGU9ImZvbnQtc2l6ZTogMTVweDsgbWFyZ2luOiAwcHggMHB4IDRweCAyMnB4OyBjb2xvcjogcmdiKDE4OSwgMTg5LCAxODkpOyIgaHJlZj0iaHR0cHM6Ly93d3cubGlua2VkaW4uY29tL2NvbXBhbnkvYW1iZXJkby1jYWZlIiB0YXJnZXQ9Il9ibGFuayI+CgkJCQkJPHNwYW4gY2xhc3M9ImVsdGRmLXNvY2lhbC1pY29uLXdpZGdldCBzb2NpYWxfbGlua2VkaW4iPjwvc3Bhbj4JCQkJPC9hPgoJCQkJCQkJCQkJCQk8L2Rpdj4=[\/vc_raw_html][\/vc_column][vc_column offset=\u00bbvc_col-lg-offset-0 vc_col-lg-6 vc_col-md-offset-0 vc_col-md-12 vc_col-sm-offset-0&#8243; css=\u00bb.vc_custom_1751359182897{margin-bottom: 50px !important;}\u00bb]\n<div class=\"wpcf7 no-js\" id=\"wpcf7-f1097-o1\" lang=\"en-US\" dir=\"ltr\" data-wpcf7-id=\"1097\">\n<div class=\"screen-reader-response\"><p role=\"status\" aria-live=\"polite\" aria-atomic=\"true\"><\/p> <ul><\/ul><\/div>\n<form action=\"\/es\/wp-json\/wp\/v2\/pages\/6907#wpcf7-f1097-o1\" method=\"post\" class=\"wpcf7-form init cf7_custom_style_1\" aria-label=\"Contact form\" novalidate=\"novalidate\" data-status=\"init\">\n<fieldset class=\"hidden-fields-container\"><input type=\"hidden\" name=\"_wpcf7\" value=\"1097\" \/><input type=\"hidden\" name=\"_wpcf7_version\" value=\"6.1.3\" \/><input type=\"hidden\" name=\"_wpcf7_locale\" value=\"en_US\" \/><input type=\"hidden\" name=\"_wpcf7_unit_tag\" value=\"wpcf7-f1097-o1\" \/><input type=\"hidden\" name=\"_wpcf7_container_post\" value=\"0\" \/><input type=\"hidden\" name=\"_wpcf7_posted_data_hash\" value=\"\" \/>\n<\/fieldset>\n<div>\n\t<div class=\"eltdf-grid-row eltdf-grid-normal-gutter\">\n\t\t<div class=\"eltdf-grid-col-6\">\n\t\t\t<p><span class=\"wpcf7-form-control-wrap\" data-name=\"your-name\"><input size=\"40\" maxlength=\"400\" class=\"wpcf7-form-control wpcf7-text wpcf7-validates-as-required\" aria-required=\"true\" aria-invalid=\"false\" placeholder=\"Your Name\" value=\"\" type=\"text\" name=\"your-name\" \/><\/span>\n\t\t\t<\/p>\n\t\t<\/div>\n\t\t<div class=\"eltdf-grid-col-6\">\n\t\t\t<p><span class=\"wpcf7-form-control-wrap\" data-name=\"your-email\"><input size=\"40\" maxlength=\"400\" class=\"wpcf7-form-control wpcf7-email wpcf7-validates-as-required wpcf7-text wpcf7-validates-as-email\" aria-required=\"true\" aria-invalid=\"false\" placeholder=\"Your Email\" value=\"\" type=\"email\" name=\"your-email\" \/><\/span>\n\t\t\t<\/p>\n\t\t<\/div>\n\t<\/div>\n\t<div class=\"eltdf-grid-row eltdf-grid-normal-gutter\">\n\t\t<div class=\"eltdf-grid-col-12\">\n\t\t\t<p><span class=\"wpcf7-form-control-wrap\" data-name=\"your-Subject\"><input size=\"40\" maxlength=\"400\" class=\"wpcf7-form-control wpcf7-text wpcf7-validates-as-required\" aria-required=\"true\" aria-invalid=\"false\" placeholder=\"Subject\" value=\"\" type=\"text\" name=\"your-Subject\" \/><\/span>\n\t\t\t<\/p>\n\t\t<\/div>\n\t<\/div>\n\t<p><span class=\"wpcf7-form-control-wrap\" data-name=\"your-message\"><textarea cols=\"40\" rows=\"10\" maxlength=\"2000\" class=\"wpcf7-form-control wpcf7-textarea\" aria-invalid=\"false\" placeholder=\"Message here...\" name=\"your-message\"><\/textarea><\/span>\n\t<\/p>\n\t<p class=\"aiowps-captcha hide-when-displaying-tfa-input\"><label for=\"aiowps-captcha-answer-69f2aa99dede5\">Por favor, introduce una respuesta en d\u00edgitos:<\/label>\n\t<\/p>\n\t<div class=\"aiowps-captcha-equation hide-when-displaying-tfa-input\">\n\t\t<p><strong>5 &#215; tres = <input type=\"hidden\" name=\"aiowps-captcha-string-info\" class=\"aiowps-captcha-string-info\" value=\"qmztp2pddi\" \/><input type=\"hidden\" name=\"aiowps-captcha-temp-string\" class=\"aiowps-captcha-temp-string\" value=\"1777511065\" \/><input type=\"text\" size=\"2\" id=\"aiowps-captcha-answer-69f2aa99dede5\" class=\"aiowps-captcha-answer\" name=\"aiowps-captcha-answer\" value=\"\" autocomplete=\"off\" \/><\/strong>\n\t\t<\/p>\n\t<\/div>\n\t<p><span class='wpcf7-form-control-wrap' data-name='aiowps-captcha'><\/span><input class=\"wpcf7-form-control wpcf7-submit has-spinner\" type=\"submit\" value=\"Send Message\" \/>\n\t<\/p>\n<\/div><div class=\"wpcf7-response-output\" aria-hidden=\"true\"><\/div>\n<\/form>\n<\/div>\n[\/vc_column][\/vc_row][vc_row][vc_column][vc_empty_space][vc_column_text]<iframe loading=\"lazy\" style=\"border: 0;\" src=\"https:\/\/www.google.com\/maps\/embed?pb=!1m18!1m12!1m3!1d2603.4329296110914!2d-123.16575259999998!3d49.2681933!2m3!1f0!2f0!3f0!3m2!1i1024!2i768!4f13.1!3m3!1m2!1s0x548673b2ae6492c7%3A0x708ea6f32c25b256!2sThe%20Only%20Cafe!5e0!3m2!1sen!2s!4v1712219857634!5m2!1sen!2s\" width=\"100%\" height=\"450\" allowfullscreen=\"allowfullscreen\"><\/iframe>[\/vc_column_text][\/vc_column][\/vc_row]<\/p>\n<\/div>","protected":false},"excerpt":{"rendered":"<p>[vc_row row_content_width=\u00bbgrid\u00bb][vc_column css=\u00bb.vc_custom_1523522781324{margin-top: -8px !important;padding-right: 5% !important;}\u00bb offset=\u00bbvc_col-lg-6 vc_col-md-10&#8243;][vc_empty_space height=\u00bb25px\u00bb][vc_column_text css=\u00bb.vc_custom_1757334251931{padding-left: 10px !important;}\u00bb] Direcci\u00f3n: Sucursal Principal (Kitsilano): 2678 W 4th Ave, Vancouver, BC V6K 1PK Direcci\u00f3n: Delegaci\u00f3n de Vancouver Norte: 1089 Roosevelt Crescent, North Vancouver, BC V7P 1M4 Direcci\u00f3n: Sucursal de Davie Street:1105 Davie Street, Vancouver, BC V6E 1N2 Direcci\u00f3n: Sucursal de Bute Street: 1209 Bute Street, Vancouver, BC V6E 1Z4 Direcci\u00f3n: Sucursal de Broadway: 3341 W Broadway, Vancouver, BC V6R 2B1 [&hellip;]<\/p>\n","protected":false},"author":1,"featured_media":0,"parent":0,"menu_order":0,"comment_status":"closed","ping_status":"closed","template":"full-width.php","meta":{"_seopress_robots_primary_cat":"","_seopress_titles_title":"Contacto - Amberdo Cafe","_seopress_titles_desc":"\u00a1Nos encantar\u00eda saber de ti! \u00bfTienes alguna pregunta? Ponte en contacto con nosotros, estamos aqu\u00ed para ayudarte.  ","_seopress_robots_index":"","footnotes":""},"class_list":["post-6907","page","type-page","status-publish","hentry"],"_links":{"self":[{"href":"https:\/\/amberdo.ca\/es\/wp-json\/wp\/v2\/pages\/6907","targetHints":{"allow":["GET"]}}],"collection":[{"href":"https:\/\/amberdo.ca\/es\/wp-json\/wp\/v2\/pages"}],"about":[{"href":"https:\/\/amberdo.ca\/es\/wp-json\/wp\/v2\/types\/page"}],"author":[{"embeddable":true,"href":"https:\/\/amberdo.ca\/es\/wp-json\/wp\/v2\/users\/1"}],"replies":[{"embeddable":true,"href":"https:\/\/amberdo.ca\/es\/wp-json\/wp\/v2\/comments?post=6907"}],"version-history":[{"count":2,"href":"https:\/\/amberdo.ca\/es\/wp-json\/wp\/v2\/pages\/6907\/revisions"}],"predecessor-version":[{"id":6909,"href":"https:\/\/amberdo.ca\/es\/wp-json\/wp\/v2\/pages\/6907\/revisions\/6909"}],"wp:attachment":[{"href":"https:\/\/amberdo.ca\/es\/wp-json\/wp\/v2\/media?parent=6907"}],"curies":[{"name":"wp","href":"https:\/\/api.w.org\/{rel}","templated":true}]}}