{"id":6856,"date":"2025-06-07T13:51:20","date_gmt":"2025-06-07T13:51:20","guid":{"rendered":"https:\/\/amberdocafe.ca\/galeria-bute-street\/"},"modified":"2025-10-01T19:50:55","modified_gmt":"2025-10-01T19:50:55","slug":"galeria-bute-street","status":"publish","type":"page","link":"https:\/\/amberdo.ca\/es\/galeria-bute-street\/","title":{"rendered":"Galer\u00eda Bute Street"},"content":{"rendered":"<div class=\"wpb-content-wrapper\"><p>[vc_row][vc_column]<div class=\"eltdf-section-title-holder  \" >\n\t<div class=\"eltdf-st-inner\">\n\t\t\t\t\t<h2 class=\"eltdf-st-title\" >\n\t\t\t\tComing Soon\t\t\t<\/h2>\n\t\t\t\t\t<\/div>\n<\/div>[\/vc_column][\/vc_row][vc_row][vc_column][vc_column_text css=\u00bb\u00bb]<\/p>\n<p dir=\"ltr\" data-pm-slice=\"1 1 []\">Este local est\u00e1 actualmente en construcci\u00f3n y abrir\u00e1 pronto. Permanece atento a las actualizaciones sobre nuestro progreso. A continuaci\u00f3n, puedes ver algunas im\u00e1genes que muestran las fases de renovaci\u00f3n y preparaci\u00f3n.  <\/p>\n<p>[\/vc_column_text][vc_empty_space][\/vc_column][\/vc_row][vc_row css=\u00bb.vc_custom_1751459404411{margin-bottom: 50px !important;}\u00bb][vc_column width=\u00bb1\/3&#8243;][vc_single_image image=\u00bb4584&#8243; img_size=\u00bbfull\u00bb onclick=\u00bblink_image\u00bb css=\u00bb\u00bb el_class=\u00bbvc-hover-img\u00bb][\/vc_column][vc_column width=\u00bb1\/3&#8243;][vc_single_image image=\u00bb4585&#8243; img_size=\u00bbfull\u00bb onclick=\u00bblink_image\u00bb css=\u00bb\u00bb el_class=\u00bbvc-hover-img\u00bb][\/vc_column][vc_column width=\u00bb1\/3&#8243;][\/vc_column][\/vc_row]<\/p>\n<\/div>","protected":false},"excerpt":{"rendered":"<p>[vc_row][vc_column][\/vc_column][\/vc_row][vc_row][vc_column][vc_column_text css=\u00bb\u00bb] Este local est\u00e1 actualmente en construcci\u00f3n y abrir\u00e1 pronto. Permanece atento a las actualizaciones sobre nuestro progreso. A continuaci\u00f3n, puedes ver algunas im\u00e1genes que muestran las fases de renovaci\u00f3n y preparaci\u00f3n. [\/vc_column_text][vc_empty_space][\/vc_column][\/vc_row][vc_row css=\u00bb.vc_custom_1751459404411{margin-bottom: 50px !important;}\u00bb][vc_column width=\u00bb1\/3&#8243;][vc_single_image image=\u00bb4584&#8243; img_size=\u00bbfull\u00bb onclick=\u00bblink_image\u00bb css=\u00bb\u00bb el_class=\u00bbvc-hover-img\u00bb][\/vc_column][vc_column width=\u00bb1\/3&#8243;][vc_single_image image=\u00bb4585&#8243; img_size=\u00bbfull\u00bb onclick=\u00bblink_image\u00bb css=\u00bb\u00bb el_class=\u00bbvc-hover-img\u00bb][\/vc_column][vc_column width=\u00bb1\/3&#8243;][\/vc_column][\/vc_row]<\/p>\n","protected":false},"author":1,"featured_media":0,"parent":0,"menu_order":0,"comment_status":"closed","ping_status":"closed","template":"","meta":{"_seopress_robots_primary_cat":"","_seopress_titles_title":"","_seopress_titles_desc":"","_seopress_robots_index":"","footnotes":""},"class_list":["post-6856","page","type-page","status-publish","hentry"],"_links":{"self":[{"href":"https:\/\/amberdo.ca\/es\/wp-json\/wp\/v2\/pages\/6856","targetHints":{"allow":["GET"]}}],"collection":[{"href":"https:\/\/amberdo.ca\/es\/wp-json\/wp\/v2\/pages"}],"about":[{"href":"https:\/\/amberdo.ca\/es\/wp-json\/wp\/v2\/types\/page"}],"author":[{"embeddable":true,"href":"https:\/\/amberdo.ca\/es\/wp-json\/wp\/v2\/users\/1"}],"replies":[{"embeddable":true,"href":"https:\/\/amberdo.ca\/es\/wp-json\/wp\/v2\/comments?post=6856"}],"version-history":[{"count":2,"href":"https:\/\/amberdo.ca\/es\/wp-json\/wp\/v2\/pages\/6856\/revisions"}],"predecessor-version":[{"id":6860,"href":"https:\/\/amberdo.ca\/es\/wp-json\/wp\/v2\/pages\/6856\/revisions\/6860"}],"wp:attachment":[{"href":"https:\/\/amberdo.ca\/es\/wp-json\/wp\/v2\/media?parent=6856"}],"curies":[{"name":"wp","href":"https:\/\/api.w.org\/{rel}","templated":true}]}}