{"id":6497,"date":"2018-04-02T13:24:19","date_gmt":"2018-04-02T13:24:19","guid":{"rendered":"https:\/\/amberdocafe.ca\/espresso\/"},"modified":"2025-11-03T07:26:56","modified_gmt":"2025-11-03T07:26:56","slug":"espresso","status":"publish","type":"page","link":"https:\/\/amberdo.ca\/es\/","title":{"rendered":"Espresso"},"content":{"rendered":"<div class=\"wpb-content-wrapper\"><p>[vc_section full_width=\u00bbstretch_row\u00bb full_height=\u00bbyes\u00bb content_placement=\u00bbmiddle\u00bb parallax=\u00bbcontent-moving\u00bb parallax_image=\u00bb6283&#8243;][vc_row row_content_width=\u00bbgrid\u00bb][vc_column][vc_column_text css=\u00bb\u00bb]<\/p>\n<p class=\"main-title\">Caf\u00e9 Artesanal, Arraigado en la Naturaleza<\/p>\n<p class=\"main-desc\">Una joya de Vancouver, que combina caf\u00e9 premium con un ambiente natural. Nos estamos expandiendo a trav\u00e9s de franquicias, ofreciendo soporte completo para hacer crecer nuestra marca juntos.<\/p>\n<p>[\/vc_column_text][\/vc_column][\/vc_row][\/vc_section][vc_row row_content_width=\u00bbgrid\u00bb][vc_column]<div class=\"eltdf-elements-holder   eltdf-one-column  eltdf-responsive-mode-768 \" ><div class=\"eltdf-eh-item   eltdf-horizontal-alignment-center  \"  data-item-class=\"eltdf-eh-custom-1590\" data-1366-1600=\"0 90px\" data-1024-1366=\"0 90px\" data-768-1024=\"0 0\" data-680-768=\"0 10px\" data-680=\"0 0\">\n\t<div class=\"eltdf-eh-item-inner\">\n\t\t<div class=\"eltdf-eh-item-content eltdf-eh-custom-1590\" >\n\t\t\t[vc_empty_space height=\u00bb64px\u00bb][vc_single_image image=\u00bb6009&#8243; img_size=\u00bbfull\u00bb alignment=\u00bbcenter\u00bb css=\u00bb\u00bb][vc_empty_space height=\u00bb44px\u00bb]<div class=\"eltdf-section-title-holder  \" >\n\t<div class=\"eltdf-st-inner\">\n\t\t\t\t\t<h1 class=\"eltdf-st-title\" >\n\t\t\t\tAmberdo Cafe\t\t\t<\/h1>\n\t\t\t\t\t<\/div>\n<\/div>[vc_column_text css=\u00bb\u00bb]<\/p>\n<p style=\"text-align: center;\">Amberdo Caf\u00e9, una pr\u00f3spera franquicia enclavada en el vibrante coraz\u00f3n de Vancouver, en la emblem\u00e1tica calle Kitsilano, destaca como una apreciada joya entre los caf\u00e9s ecl\u00e9cticos de la ciudad. Inspirado en la serenidad de la naturaleza, armoniza madera, piedra, tierra y exuberante vegetaci\u00f3n para crear un tranquilo retiro del bullicio urbano.<\/p>\n<p style=\"text-align: center;\">Con siete a\u00f1os de rica historia, Amberdo se dedica a ofrecer la mejor experiencia cafetera, utilizando granos de primera calidad y meticulosos m\u00e9todos de elaboraci\u00f3n. M\u00e1s que una cafeter\u00eda, es un c\u00e1lido santuario donde cada taza es un viaje hacia la relajaci\u00f3n y la calidad.<\/p>\n<p style=\"text-align: center;\">Amberdo invita a los entusiastas a unirse a su familia de franquicias, ofreci\u00e9ndoles la oportunidad de poseer una parte de este querido refugio. Forma parte de un centro comunitario que fomenta la conexi\u00f3n, la creatividad y la simple alegr\u00eda de un momento de caf\u00e9 perfecto. Crece con nosotros, saboreando cada experiencia, taza a taza, en un espacio donde la naturaleza y la hospitalidad se unen para crear recuerdos duraderos para todos los que lo visitan.<\/p>\n<p>[\/vc_column_text][vc_empty_space height=\u00bb120px\u00bb]\t\t<\/div>\n\t<\/div>\n<\/div><\/div>[\/vc_column][\/vc_row][vc_row equal_height=\u00bbyes\u00bb][vc_column width=\u00bb1\/2&#8243; css=\u00bb.vc_custom_1751373257357{background-color: #002526 !important;}\u00bb][vc_row_inner][vc_column_inner width=\u00bb1\/4&#8243;][\/vc_column_inner][vc_column_inner el_class=\u00bblocation-find\u00bb width=\u00bb3\/4&#8243; css=\u00bb.vc_custom_1749625605946{padding-right: 100px !important;padding-left: 10px !important;}\u00bb][vc_empty_space height=\u00bb100px\u00bb][vc_column_text css=\u00bb\u00bb]<strong class=\"find-title\">Encuentra una ubicaci\u00f3n en tu vecindario<\/strong><\/p>\n<p><span style=\"color: #fffffff0;\">\u00bfTienes antojo de tu taza de caf\u00e9 favorita? Descubre la sucursal m\u00e1s cercana de nuestro caf\u00e9 con solo un clic. Ya sea que est\u00e9s en el centro o en las afueras, siempre hay un lugar acogedor esper\u00e1ndote. <\/span><br \/>\n<span style=\"color: #fffffff0;\">Toca abajo para explorar todas nuestras ubicaciones.<\/span>[\/vc_column_text][vc_empty_space height=\u00bb30px\u00bb][vc_btn title=\u00bbVer todas las sedes\u00bb align=\u00bbleft\u00bb css=\u00bb\u00bb link=\u00bburl:https%3A%2F%2Famberdo.ca%2Fes%2Ftodas-las-sedes%2F|title:oportunidades|\u00bb el_class=\u00bbFranchise-btn\u00bb][vc_empty_space height=\u00bb100px\u00bb][\/vc_column_inner][\/vc_row_inner][\/vc_column][vc_column width=\u00bb1\/2&#8243; css=\u00bb.vc_custom_1749630968605{background: #885A4A00 url(https:\/\/amberdo.ca\/wp-content\/uploads\/2025\/01\/photo_2025-01-20_09-44-32.jpg?id=3763) !important;background-position: center !important;background-repeat: no-repeat !important;background-size: cover !important;}\u00bb el_class=\u00bbmain-location\u00bb][\/vc_column][\/vc_row][vc_row el_class=\u00bbmain-gallery\u00bb][vc_column]<div class=\"eltdf-image-gallery  eltdf-ig-masonry-fixed-type eltdf-no-space  eltdf-image-behavior-lightbox eltdf-image-hover-shader eltdf-ig-masonry-type\">\n\t<div class=\"eltdf-ig-inner eltdf-outer-space eltdf-ig-masonry eltdf-ig-four-columns\">\n\t\t<div class=\"eltdf-ig-grid-sizer\"><\/div>\n\t\t<div class=\"eltdf-ig-grid-gutter\"><\/div>\n\t\t\t\t\t\t\t\t<div class=\"eltdf-ig-image eltdf-item-space eltdf-image-gallery-masonry-fixed eltdf-default-masonry-item\">\n\t\t\t\t<div class=\"eltdf-ig-image-inner\">\n\t\t\t\t\t\t\t\t\t\t\t<a itemprop=\"image\" class=\"eltdf-ig-lightbox\" href=\"https:\/\/amberdo.ca\/wp-content\/uploads\/2025\/09\/amberdo.webp\" data-rel=\"prettyPhoto[image_gallery_pretty_photo-911]\" title=\"amberdo\">\n\t\t\t\t\t\t\t<span class=\"eltdf-ig-lightbox-icon icon_plus\"><\/span>\n\t\t\t\t\t\t\t\t\t\t\t<img loading=\"lazy\" decoding=\"async\" width=\"550\" height=\"550\" src=\"https:\/\/amberdo.ca\/wp-content\/uploads\/2025\/09\/amberdo-550x550.webp\" class=\"attachment-corretto_elated_square size-corretto_elated_square\" alt=\"\" srcset=\"https:\/\/amberdo.ca\/wp-content\/uploads\/2025\/09\/amberdo-550x550.webp 550w, https:\/\/amberdo.ca\/wp-content\/uploads\/2025\/09\/amberdo-300x300.webp 300w, https:\/\/amberdo.ca\/wp-content\/uploads\/2025\/09\/amberdo-150x150.webp 150w, https:\/\/amberdo.ca\/wp-content\/uploads\/2025\/09\/amberdo-768x768.webp 768w, https:\/\/amberdo.ca\/wp-content\/uploads\/2025\/09\/amberdo-600x600.webp 600w, https:\/\/amberdo.ca\/wp-content\/uploads\/2025\/09\/amberdo-100x100.webp 100w, https:\/\/amberdo.ca\/wp-content\/uploads\/2025\/09\/amberdo.webp 800w\" sizes=\"auto, (max-width: 550px) 100vw, 550px\" \/>\t\t\t\t\t\t\t\t\t\t\t<\/a>\n\t\t\t\t\t\t\t\t\t<\/div>\n\t\t\t<\/div>\n\t\t\t\t\t\t\t\t<div class=\"eltdf-ig-image eltdf-item-space eltdf-image-gallery-masonry-fixed eltdf-default-masonry-item\">\n\t\t\t\t<div class=\"eltdf-ig-image-inner\">\n\t\t\t\t\t\t\t\t\t\t\t<a itemprop=\"image\" class=\"eltdf-ig-lightbox\" href=\"https:\/\/amberdo.ca\/wp-content\/uploads\/2025\/09\/amberdo2.webp\" data-rel=\"prettyPhoto[image_gallery_pretty_photo-911]\" title=\"amberdo2\">\n\t\t\t\t\t\t\t<span class=\"eltdf-ig-lightbox-icon icon_plus\"><\/span>\n\t\t\t\t\t\t\t\t\t\t\t<img loading=\"lazy\" decoding=\"async\" width=\"550\" height=\"550\" src=\"https:\/\/amberdo.ca\/wp-content\/uploads\/2025\/09\/amberdo2-550x550.webp\" class=\"attachment-corretto_elated_square size-corretto_elated_square\" alt=\"\" srcset=\"https:\/\/amberdo.ca\/wp-content\/uploads\/2025\/09\/amberdo2-550x550.webp 550w, https:\/\/amberdo.ca\/wp-content\/uploads\/2025\/09\/amberdo2-300x300.webp 300w, https:\/\/amberdo.ca\/wp-content\/uploads\/2025\/09\/amberdo2-150x150.webp 150w, https:\/\/amberdo.ca\/wp-content\/uploads\/2025\/09\/amberdo2-768x768.webp 768w, https:\/\/amberdo.ca\/wp-content\/uploads\/2025\/09\/amberdo2-600x600.webp 600w, https:\/\/amberdo.ca\/wp-content\/uploads\/2025\/09\/amberdo2-100x100.webp 100w, https:\/\/amberdo.ca\/wp-content\/uploads\/2025\/09\/amberdo2.webp 800w\" sizes=\"auto, (max-width: 550px) 100vw, 550px\" \/>\t\t\t\t\t\t\t\t\t\t\t<\/a>\n\t\t\t\t\t\t\t\t\t<\/div>\n\t\t\t<\/div>\n\t\t\t\t\t\t\t\t<div class=\"eltdf-ig-image eltdf-item-space eltdf-image-gallery-masonry-fixed eltdf-default-masonry-item\">\n\t\t\t\t<div class=\"eltdf-ig-image-inner\">\n\t\t\t\t\t\t\t\t\t\t\t<a itemprop=\"image\" class=\"eltdf-ig-lightbox\" href=\"https:\/\/amberdo.ca\/wp-content\/uploads\/2025\/09\/amberdo3.webp\" data-rel=\"prettyPhoto[image_gallery_pretty_photo-911]\" title=\"amberdo3\">\n\t\t\t\t\t\t\t<span class=\"eltdf-ig-lightbox-icon icon_plus\"><\/span>\n\t\t\t\t\t\t\t\t\t\t\t<img loading=\"lazy\" decoding=\"async\" width=\"550\" height=\"550\" src=\"https:\/\/amberdo.ca\/wp-content\/uploads\/2025\/09\/amberdo3-550x550.webp\" class=\"attachment-corretto_elated_square size-corretto_elated_square\" alt=\"\" srcset=\"https:\/\/amberdo.ca\/wp-content\/uploads\/2025\/09\/amberdo3-550x550.webp 550w, https:\/\/amberdo.ca\/wp-content\/uploads\/2025\/09\/amberdo3-300x300.webp 300w, https:\/\/amberdo.ca\/wp-content\/uploads\/2025\/09\/amberdo3-150x150.webp 150w, https:\/\/amberdo.ca\/wp-content\/uploads\/2025\/09\/amberdo3-768x768.webp 768w, https:\/\/amberdo.ca\/wp-content\/uploads\/2025\/09\/amberdo3-600x600.webp 600w, https:\/\/amberdo.ca\/wp-content\/uploads\/2025\/09\/amberdo3-100x100.webp 100w, https:\/\/amberdo.ca\/wp-content\/uploads\/2025\/09\/amberdo3.webp 800w\" sizes=\"auto, (max-width: 550px) 100vw, 550px\" \/>\t\t\t\t\t\t\t\t\t\t\t<\/a>\n\t\t\t\t\t\t\t\t\t<\/div>\n\t\t\t<\/div>\n\t\t\t\t\t\t\t\t<div class=\"eltdf-ig-image eltdf-item-space eltdf-image-gallery-masonry-fixed eltdf-default-masonry-item\">\n\t\t\t\t<div class=\"eltdf-ig-image-inner\">\n\t\t\t\t\t\t\t\t\t\t\t<a itemprop=\"image\" class=\"eltdf-ig-lightbox\" href=\"https:\/\/amberdo.ca\/wp-content\/uploads\/2025\/09\/amberdo4.webp\" data-rel=\"prettyPhoto[image_gallery_pretty_photo-911]\" title=\"amberdo4\">\n\t\t\t\t\t\t\t<span class=\"eltdf-ig-lightbox-icon icon_plus\"><\/span>\n\t\t\t\t\t\t\t\t\t\t\t<img loading=\"lazy\" decoding=\"async\" width=\"550\" height=\"550\" src=\"https:\/\/amberdo.ca\/wp-content\/uploads\/2025\/09\/amberdo4-550x550.webp\" class=\"attachment-corretto_elated_square size-corretto_elated_square\" alt=\"\" srcset=\"https:\/\/amberdo.ca\/wp-content\/uploads\/2025\/09\/amberdo4-550x550.webp 550w, https:\/\/amberdo.ca\/wp-content\/uploads\/2025\/09\/amberdo4-300x300.webp 300w, https:\/\/amberdo.ca\/wp-content\/uploads\/2025\/09\/amberdo4-150x150.webp 150w, https:\/\/amberdo.ca\/wp-content\/uploads\/2025\/09\/amberdo4-768x768.webp 768w, https:\/\/amberdo.ca\/wp-content\/uploads\/2025\/09\/amberdo4-600x600.webp 600w, https:\/\/amberdo.ca\/wp-content\/uploads\/2025\/09\/amberdo4-100x100.webp 100w, https:\/\/amberdo.ca\/wp-content\/uploads\/2025\/09\/amberdo4.webp 800w\" sizes=\"auto, (max-width: 550px) 100vw, 550px\" \/>\t\t\t\t\t\t\t\t\t\t\t<\/a>\n\t\t\t\t\t\t\t\t\t<\/div>\n\t\t\t<\/div>\n\t\t\t<\/div>\n<\/div>[\/vc_column][\/vc_row][vc_row row_content_width=\u00bbgrid\u00bb css=\u00bb.vc_custom_1751373423785{padding-top: 180px !important;padding-bottom: 180px !important;}\u00bb el_class=\u00bbFranchise-div\u00bb simple_background_color=\u00bb#EBE2D1&#8243;][vc_column offset=\u00bbvc_col-lg-11 vc_col-md-12 vc_col-xs-12&#8243;]<div class=\"eltdf-elements-holder   eltdf-one-column  eltdf-responsive-mode-768 \" ><div class=\"eltdf-eh-item     \"  data-item-class=\"eltdf-eh-custom-6896\">\n\t<div class=\"eltdf-eh-item-inner\">\n\t\t<div class=\"eltdf-eh-item-content eltdf-eh-custom-6896\" >\n\t\t\t<div class=\"eltdf-section-title-holder  \" >\n\t<div class=\"eltdf-st-inner\">\n\t\t\t\t\t<h2 class=\"eltdf-st-title\" style=\"color: #002526\">\n\t\t\t\tStart your journey with a caf\u00e9 Franchise\t\t\t<\/h2>\n\t\t\t\t\t<\/div>\n<\/div><div class=\"eltdf-separator-holder clearfix  eltdf-separator-center \" style=\"margin-top: 13px;margin-bottom: 22px\">\n\t\t<div class=\"eltdf-separator\" ><\/div>\n\t\t\t<span class=\"eltdf-separator-icon\" >\n\t\t\t<img loading=\"lazy\" decoding=\"async\" width=\"189\" height=\"24\" src=\"https:\/\/amberdo.ca\/wp-content\/uploads\/2018\/04\/title-separator.png\" class=\"attachment-full size-full\" alt=\"s\" \/>\t\t<\/span>\n\t\t\t\t\t<div class=\"eltdf-separator\" ><\/div>\n\t\t\t<\/div>\n[vc_btn title=\u00bbEMPEZAR\u00bb css=\u00bb\u00bb link=\u00bburl:https%3A%2F%2Famberdo.ca%2Fes%2Foportunidades%2F|title:oportunidades|\u00bb el_class=\u00bbFranchise-btn1&#8243;]\t\t<\/div>\n\t<\/div>\n<\/div><\/div>[\/vc_column][\/vc_row][vc_row equal_height=\u00bbyes\u00bb content_placement=\u00bbmiddle\u00bb content_text_aligment=\u00bbcenter\u00bb css=\u00bb.vc_custom_1749630221407{margin-top: 0px !important;margin-right: 0px !important;margin-bottom: 0px !important;margin-left: 0px !important;}\u00bb][vc_column width=\u00bb1\/2&#8243; css=\u00bb.vc_custom_1523961378958{padding-top: 0px !important;padding-right: 0px !important;padding-bottom: 0px !important;padding-left: 0px !important;}\u00bb offset=\u00bbvc_col-lg-3 vc_col-md-6 vc_col-xs-12&#8243;]<div class=\"eltdf-single-image-holder   \">\n    <div class=\"eltdf-si-inner\" >\n                                    <img loading=\"lazy\" decoding=\"async\" width=\"800\" height=\"800\" src=\"https:\/\/amberdo.ca\/wp-content\/uploads\/2025\/09\/2.webp\" class=\"attachment-full size-full\" alt=\"\" srcset=\"https:\/\/amberdo.ca\/wp-content\/uploads\/2025\/09\/2.webp 800w, https:\/\/amberdo.ca\/wp-content\/uploads\/2025\/09\/2-300x300.webp 300w, https:\/\/amberdo.ca\/wp-content\/uploads\/2025\/09\/2-150x150.webp 150w, https:\/\/amberdo.ca\/wp-content\/uploads\/2025\/09\/2-768x768.webp 768w, https:\/\/amberdo.ca\/wp-content\/uploads\/2025\/09\/2-550x550.webp 550w, https:\/\/amberdo.ca\/wp-content\/uploads\/2025\/09\/2-600x600.webp 600w, https:\/\/amberdo.ca\/wp-content\/uploads\/2025\/09\/2-100x100.webp 100w\" sizes=\"auto, (max-width: 800px) 100vw, 800px\" \/>                        <\/div>\n<\/div>[\/vc_column][vc_column width=\u00bb1\/2&#8243; css=\u00bb.vc_custom_1762154755833{padding-top: 0px !important;padding-right: 0px !important;padding-bottom: 0px !important;padding-left: 0px !important;background-position: center !important;background-repeat: no-repeat !important;background-size: cover !important;}\u00bb offset=\u00bbvc_col-lg-3 vc_col-md-6 vc_col-xs-12&#8243;]<div class=\"eltdf-single-image-holder   \">\n    <div class=\"eltdf-si-inner\" >\n                                    <img loading=\"lazy\" decoding=\"async\" width=\"800\" height=\"800\" src=\"https:\/\/amberdo.ca\/wp-content\/uploads\/2025\/09\/amberdo7.webp\" class=\"attachment-full size-full\" alt=\"\" srcset=\"https:\/\/amberdo.ca\/wp-content\/uploads\/2025\/09\/amberdo7.webp 800w, https:\/\/amberdo.ca\/wp-content\/uploads\/2025\/09\/amberdo7-300x300.webp 300w, https:\/\/amberdo.ca\/wp-content\/uploads\/2025\/09\/amberdo7-150x150.webp 150w, https:\/\/amberdo.ca\/wp-content\/uploads\/2025\/09\/amberdo7-768x768.webp 768w, https:\/\/amberdo.ca\/wp-content\/uploads\/2025\/09\/amberdo7-550x550.webp 550w, https:\/\/amberdo.ca\/wp-content\/uploads\/2025\/09\/amberdo7-600x600.webp 600w, https:\/\/amberdo.ca\/wp-content\/uploads\/2025\/09\/amberdo7-100x100.webp 100w\" sizes=\"auto, (max-width: 800px) 100vw, 800px\" \/>                        <\/div>\n<\/div>[\/vc_column][vc_column width=\u00bb1\/2&#8243; css=\u00bb.vc_custom_1523961421886{padding-top: 0px !important;padding-right: 0px !important;padding-bottom: 0px !important;padding-left: 0px !important;}\u00bb offset=\u00bbvc_col-lg-3 vc_col-md-6 vc_col-xs-12&#8243;]<div class=\"eltdf-single-image-holder   \">\n    <div class=\"eltdf-si-inner\" >\n                                    <img loading=\"lazy\" decoding=\"async\" width=\"800\" height=\"800\" src=\"https:\/\/amberdo.ca\/wp-content\/uploads\/2025\/09\/amberdo8.webp\" class=\"attachment-full size-full\" alt=\"\" srcset=\"https:\/\/amberdo.ca\/wp-content\/uploads\/2025\/09\/amberdo8.webp 800w, https:\/\/amberdo.ca\/wp-content\/uploads\/2025\/09\/amberdo8-300x300.webp 300w, https:\/\/amberdo.ca\/wp-content\/uploads\/2025\/09\/amberdo8-150x150.webp 150w, https:\/\/amberdo.ca\/wp-content\/uploads\/2025\/09\/amberdo8-768x768.webp 768w, https:\/\/amberdo.ca\/wp-content\/uploads\/2025\/09\/amberdo8-550x550.webp 550w, https:\/\/amberdo.ca\/wp-content\/uploads\/2025\/09\/amberdo8-600x600.webp 600w, https:\/\/amberdo.ca\/wp-content\/uploads\/2025\/09\/amberdo8-100x100.webp 100w\" sizes=\"auto, (max-width: 800px) 100vw, 800px\" \/>                        <\/div>\n<\/div>[\/vc_column][vc_column width=\u00bb1\/2&#8243; css=\u00bb.vc_custom_1523961414772{padding-top: 0px !important;padding-right: 0px !important;padding-bottom: 0px !important;padding-left: 0px !important;}\u00bb offset=\u00bbvc_col-lg-3 vc_col-md-6 vc_col-xs-12&#8243;]<div class=\"eltdf-single-image-holder   \">\n    <div class=\"eltdf-si-inner\" >\n                                    <img loading=\"lazy\" decoding=\"async\" width=\"800\" height=\"800\" src=\"https:\/\/amberdo.ca\/wp-content\/uploads\/2025\/09\/amberdo5.webp\" class=\"attachment-full size-full\" alt=\"\" srcset=\"https:\/\/amberdo.ca\/wp-content\/uploads\/2025\/09\/amberdo5.webp 800w, https:\/\/amberdo.ca\/wp-content\/uploads\/2025\/09\/amberdo5-300x300.webp 300w, https:\/\/amberdo.ca\/wp-content\/uploads\/2025\/09\/amberdo5-150x150.webp 150w, https:\/\/amberdo.ca\/wp-content\/uploads\/2025\/09\/amberdo5-768x768.webp 768w, https:\/\/amberdo.ca\/wp-content\/uploads\/2025\/09\/amberdo5-550x550.webp 550w, https:\/\/amberdo.ca\/wp-content\/uploads\/2025\/09\/amberdo5-600x600.webp 600w, https:\/\/amberdo.ca\/wp-content\/uploads\/2025\/09\/amberdo5-100x100.webp 100w\" sizes=\"auto, (max-width: 800px) 100vw, 800px\" \/>                        <\/div>\n<\/div>[\/vc_column][\/vc_row][vc_row content_placement=\u00bbmiddle\u00bb row_content_width=\u00bbgrid\u00bb css=\u00bb.vc_custom_1759062478608{margin-top: 120px !important;margin-bottom: 70px !important;}\u00bb el_class=\u00bbCatalogue\u00bb][vc_column][vc_single_image image=\u00bb6028&#8243; img_size=\u00bb217&#8243; alignment=\u00bbcenter\u00bb css=\u00bb\u00bb][vc_column_text css=\u00bb\u00bb]<\/p>\n<h2 style=\"text-align: center;\"><strong>Franquicia de Caf\u00e9 en Canad\u00e1<\/strong><\/h2>\n<p>[\/vc_column_text][vc_column_text css=\u00bb\u00bb]<\/p>\n<p style=\"text-align: center;\">Amberdo Cafe, una marca consolidada y muy querida, ofrece ahora oportunidades de franquicia para ampliar su familia de socios.<br \/>\n\u00danete a nosotros para beneficiarte de un \u00e9xito probado, operaciones estandarizadas, formaci\u00f3n completa y apoyo continuo, todo ello dise\u00f1ado para ayudarte a crear un negocio rentable y sostenible.<br \/>\n\u00a1No pierdas la oportunidad de iniciar hoy mismo tu viaje hacia el \u00e9xito con Amberdo Cafe!<\/p>\n<p>[\/vc_column_text][vc_empty_space height=\u00bb30px\u00bb][vc_btn title=\u00bbCat\u00e1logo Amberdo (pdf)\u00bb css=\u00bb\u00bb link=\u00bburl:%2Fwp-content%2Fuploads%2F2025%2F09%2Famber-1.pdf|title:oportunidades|target:_blank|\u00bb el_class=\u00bbFranchise-btn1&#8243;][\/vc_column][\/vc_row][vc_row equal_height=\u00bbyes\u00bb css=\u00bb.vc_custom_1756988798218{padding-right: 20px !important;padding-left: 20px !important;}\u00bb][vc_column css=\u00bb.vc_custom_1756990577167{background-color: #885A4A00 !important;background-position: center !important;background-repeat: no-repeat !important;background-size: cover !important;}\u00bb][vc_basic_grid post_type=\u00bbpost\u00bb max_items=\u00bb3&#8243; css=\u00bb\u00bb grid_id=\u00bbvc_gid:1762154671250-8b9a36c7-1d27-8&#8243; taxonomies=\u00bb124&#8243; el_class=\u00bbnews-block\u00bb][\/vc_column][\/vc_row][vc_row][vc_column][vc_empty_space height=\u00bb52px\u00bb][\/vc_column][\/vc_row][vc_row css=\u00bb.vc_custom_1749458034472{margin-top: 50px !important;}\u00bb][vc_column width=\u00bb1\/3&#8243; el_class=\u00bbmain-box main-box-1&#8243;][vc_column_text]Pasos para<br \/>\nTitularidades[\/vc_column_text][vc_btn title=\u00bbSABER M\u00c1S\u00bb link=\u00bburl:https%3A%2F%2Famberdo.ca%2Fes%2Ftu-camino-para-ser-propietario-de-un-amberdo-cafe%2F|title:Pasos%20hacia%20la%20titularidad|\u00bb][\/vc_column][vc_column width=\u00bb1\/3&#8243; el_class=\u00bbmain-box main-box-2&#8243;][vc_column_text]Formaci\u00f3n y asistencia[\/vc_column_text][vc_btn title=\u00bbSABER M\u00c1S\u00bb css=\u00bb\u00bb link=\u00bburl:https%3A%2F%2Famberdo.ca%2Fes%2Fcapacitacion-y-soporte-continuo%2F|title:apoyo%20a%20la%20formaci%C3%B3n\u00bb][\/vc_column][vc_column width=\u00bb1\/3&#8243; el_class=\u00bbmain-box main-box-3&#8243;][vc_column_text]Franquicia<br \/>\nF.A.Q[\/vc_column_text][vc_btn title=\u00bbSABER M\u00c1S\u00bb link=\u00bburl:https%3A%2F%2Famberdo.ca%2Fes%2Fpreguntas-frecuentes-sobre-franquicias%2F|title:franquicia%20faq|\u00bb][\/vc_column][\/vc_row]<\/p>\n<\/div>","protected":false},"excerpt":{"rendered":"<p>[vc_section full_width=\u00bbstretch_row\u00bb full_height=\u00bbyes\u00bb content_placement=\u00bbmiddle\u00bb parallax=\u00bbcontent-moving\u00bb parallax_image=\u00bb6283&#8243;][vc_row row_content_width=\u00bbgrid\u00bb][vc_column][vc_column_text css=\u00bb\u00bb] Caf\u00e9 Artesanal, Arraigado en la Naturaleza Una joya de Vancouver, que combina caf\u00e9 premium con un ambiente natural. Nos estamos expandiendo a trav\u00e9s de franquicias, ofreciendo soporte completo para hacer crecer nuestra marca juntos. [\/vc_column_text][\/vc_column][\/vc_row][\/vc_section][vc_row row_content_width=\u00bbgrid\u00bb][vc_column][\/vc_column][\/vc_row][vc_row equal_height=\u00bbyes\u00bb][vc_column width=\u00bb1\/2&#8243; css=\u00bb.vc_custom_1751373257357{background-color: #002526 !important;}\u00bb][vc_row_inner][vc_column_inner width=\u00bb1\/4&#8243;][\/vc_column_inner][vc_column_inner el_class=\u00bblocation-find\u00bb width=\u00bb3\/4&#8243; css=\u00bb.vc_custom_1749625605946{padding-right: 100px !important;padding-left: 10px !important;}\u00bb][vc_empty_space height=\u00bb100px\u00bb][vc_column_text css=\u00bb\u00bb]Encuentra una ubicaci\u00f3n en tu vecindario \u00bfTienes antojo de tu taza de caf\u00e9 favorita? [&hellip;]<\/p>\n","protected":false},"author":1,"featured_media":0,"parent":0,"menu_order":0,"comment_status":"closed","ping_status":"closed","template":"full-width.php","meta":{"_seopress_robots_primary_cat":"","_seopress_titles_title":"Amberdo Cafe | Cafeter\u00eda en Vancouver","_seopress_titles_desc":"Amberdo Caf\u00e9 Saborea el caf\u00e9 tostado de Vancouver, el ambiente acogedor y las delicias ecol\u00f3gicas. Te esperamos en el mejor caf\u00e9 de Vancouver.","_seopress_robots_index":"","footnotes":""},"class_list":["post-6497","page","type-page","status-publish","hentry"],"_links":{"self":[{"href":"https:\/\/amberdo.ca\/es\/wp-json\/wp\/v2\/pages\/6497","targetHints":{"allow":["GET"]}}],"collection":[{"href":"https:\/\/amberdo.ca\/es\/wp-json\/wp\/v2\/pages"}],"about":[{"href":"https:\/\/amberdo.ca\/es\/wp-json\/wp\/v2\/types\/page"}],"author":[{"embeddable":true,"href":"https:\/\/amberdo.ca\/es\/wp-json\/wp\/v2\/users\/1"}],"replies":[{"embeddable":true,"href":"https:\/\/amberdo.ca\/es\/wp-json\/wp\/v2\/comments?post=6497"}],"version-history":[{"count":11,"href":"https:\/\/amberdo.ca\/es\/wp-json\/wp\/v2\/pages\/6497\/revisions"}],"predecessor-version":[{"id":7681,"href":"https:\/\/amberdo.ca\/es\/wp-json\/wp\/v2\/pages\/6497\/revisions\/7681"}],"wp:attachment":[{"href":"https:\/\/amberdo.ca\/es\/wp-json\/wp\/v2\/media?parent=6497"}],"curies":[{"name":"wp","href":"https:\/\/api.w.org\/{rel}","templated":true}]}}